{"id":862,"date":"2026-01-26T17:06:07","date_gmt":"2026-01-26T17:06:07","guid":{"rendered":"https:\/\/comed.es\/?page_id=862"},"modified":"2026-01-26T17:09:15","modified_gmt":"2026-01-26T17:09:15","slug":"politicas-de-cookies-comed-es","status":"publish","type":"page","link":"https:\/\/comed.es\/nb\/politicas-de-cookies-comed-es\/","title":{"rendered":"Pol\u00edticas de Cookies \u2014 COMED.ES"},"content":{"rendered":"<div data-elementor-type=\"wp-page\" data-elementor-id=\"862\" class=\"elementor elementor-862\" data-elementor-post-type=\"page\">\n\t\t\t\t<div class=\"elementor-element elementor-element-31dc56dd e-flex e-con-boxed e-con e-parent\" data-id=\"31dc56dd\" data-element_type=\"container\" data-settings=\"{&quot;background_background&quot;:&quot;classic&quot;}\">\n\t\t\t\t\t<div class=\"e-con-inner\">\n\t\t<div class=\"elementor-element elementor-element-2947efe8 e-con-full e-flex e-con e-child\" data-id=\"2947efe8\" data-element_type=\"container\">\n\t\t<div class=\"elementor-element elementor-element-24f5276c e-con-full e-flex e-con e-child\" data-id=\"24f5276c\" data-element_type=\"container\">\n\t\t\t\t<div class=\"elementor-element elementor-element-24241377 elementor-invisible elementor-widget elementor-widget-heading\" data-id=\"24241377\" data-element_type=\"widget\" data-settings=\"{&quot;_animation&quot;:&quot;fadeInUp&quot;}\" data-widget_type=\"heading.default\">\n\t\t\t\t\t<h2 class=\"elementor-heading-title elementor-size-default\">Beskyttelse av dataene dine<\/h2>\t\t\t\t<\/div>\n\t\t\t\t<div class=\"elementor-element elementor-element-73425a2c elementor-invisible elementor-widget elementor-widget-elementskit-heading\" data-id=\"73425a2c\" data-element_type=\"widget\" data-settings=\"{&quot;_animation&quot;:&quot;fadeInUp&quot;,&quot;_animation_delay&quot;:200}\" data-widget_type=\"elementskit-heading.default\">\n\t\t\t\t\t<div class=\"ekit-wid-con\" ><div class=\"ekit-heading elementskit-section-title-wraper text_left   ekit_heading_tablet-   ekit_heading_mobile-\"><h1 class=\"ekit-heading--title elementskit-section-title\">Informasjonskapsler <span><span>\u2014 COMED.ES<\/span><\/span><\/h1><\/div><\/div>\t\t\t\t<\/div>\n\t\t\t\t<div class=\"elementor-element elementor-element-44b57c05 elementor-widget elementor-widget-text-editor\" data-id=\"44b57c05\" data-element_type=\"widget\" data-widget_type=\"text-editor.default\">\n\t\t\t\t\t\t\t\t\tHos COMED beskytter vi dine personopplysninger ansvarlig, transparent og i samsvar med gjeldende regelverk, og garanterer trygg, legitim og utelukkende pedagogisk og informativ bruk.\t\t\t\t\t\t\t\t<\/div>\n\t\t\t\t<\/div>\n\t\t\t\t<\/div>\n\t\t<div class=\"elementor-element elementor-element-292c9e7b e-con-full e-flex e-con e-child\" data-id=\"292c9e7b\" data-element_type=\"container\">\n\t\t\t\t<\/div>\n\t\t\t\t\t<\/div>\n\t\t\t\t<\/div>\n\t\t<div class=\"elementor-element elementor-element-edb4f23 e-flex e-con-boxed e-con e-parent\" data-id=\"edb4f23\" data-element_type=\"container\">\n\t\t\t\t\t<div class=\"e-con-inner\">\n\t\t\t\t<div class=\"elementor-element elementor-element-1f0d9e7 elementor-widget elementor-widget-text-editor\" data-id=\"1f0d9e7\" data-element_type=\"widget\" data-widget_type=\"text-editor.default\">\n\t\t\t\t\t\t\t\t\t<h2><b>1. Hva er informasjonskapsler?<\/b><span style=\"font-weight: 400;\"><br \/><\/span><\/h2><p><span style=\"font-weight: 400;\">Informasjonskapsler er sm\u00e5 filer som lastes ned til brukerens enhet n\u00e5r man bes\u00f8ker et nettsted. De tillater blant annet lagring og henting av informasjon om nettleservaner eller gjenkjenning av brukeren for \u00e5 forbedre brukeropplevelsen.<\/span><\/p><h2><b>2. Hvilke typer informasjonskapsler kan COMED.ES bruke?<\/b><\/h2><p><span style=\"font-weight: 400;\">I <\/span><b>COMED.ES <\/b><span style=\"font-weight: 400;\">F\u00f8lgende kategorier av informasjonskapsler kan brukes (avhengig av nettstedets faktiske konfigurasjon):<\/span><\/p><h3><b>til) <\/b><b>Tekniske eller n\u00f8dvendige informasjonskapsler<\/b><\/h3><p><span style=\"font-weight: 400;\">De muliggj\u00f8r navigering og bruk av viktige nettstedsfunksjoner (f.eks. sikkerhet, \u00f8ktadministrasjon eller tekniske preferanser). Disse informasjonskapslene er n\u00f8dvendige for at nettstedet skal fungere.<\/span><\/p><h3><b>b) Informasjonskapsler for preferanser eller personalisering<\/b><\/h3><p><span style=\"font-weight: 400;\">De gj\u00f8r det mulig \u00e5 huske informasjon slik at brukeren kan f\u00e5 tilgang til nettstedet med bestemte egenskaper (for eksempel spr\u00e5k).<\/span><\/p><h3><b>c) Analytiske eller m\u00e5leinformasjonskapsler<\/b><\/h3><p><span style=\"font-weight: 400;\">De lar oss m\u00e5le og analysere brukeratferd (f.eks. bes\u00f8kte sider, nettlesetid) for \u00e5 forbedre nettstedets funksjonalitet og brukeropplevelse. Bruken av dem krever samtykke der det er aktuelt.<\/span><\/p><h3><b>d) Tredjeparts informasjonskapsler (f.eks. sosiale nettverk eller innebygd innhold)<\/b><\/h3><p><span style=\"font-weight: 400;\">Hvis nettstedet integrerer tjenester eller innhold fra tredjeparter (for eksempel videoer, kart eller sosiale knapper), kan disse tredjepartene installere informasjonskapsler og behandle informasjon i henhold til sine egne retningslinjer.<\/span><\/p><h2><b>3. Samtykke og innstillinger<\/b><\/h2><p><span style=\"font-weight: 400;\">N\u00e5r brukeren g\u00e5r inn p\u00e5 nettstedet, vil vedkommende se et informasjonskapselvarsel eller et banner som lar dem:<\/span><\/p><ul><li style=\"font-weight: 400;\" aria-level=\"1\"><b>Akseptere <\/b><span style=\"font-weight: 400;\">alle informasjonskapsler,<\/span><\/li><li style=\"font-weight: 400;\" aria-level=\"1\"><b>Avsl\u00e5 <\/b><span style=\"font-weight: 400;\">ikke-essensielle informasjonskapsler,<\/span><\/li><li style=\"font-weight: 400;\" aria-level=\"1\"><span style=\"font-weight: 400;\">o <\/span><b>Oppsett <\/b><span style=\"font-weight: 400;\">bruk av informasjonskapsler etter kategori.<\/span><\/li><\/ul><p><span style=\"font-weight: 400;\">Brukeren kan endre valget sitt n\u00e5r som helst via lenken eller knappen til <\/span><b>\u201cInnstillinger for informasjonskapsler\u201d <\/b><span style=\"font-weight: 400;\">hvis det er aktivert p\u00e5 nettstedet.<\/span><\/p><h2><b>4. Slik deaktiverer eller sletter du informasjonskapsler<\/b><span style=\"font-weight: 400;\"><br \/><\/span><\/h2><p><span style=\"font-weight: 400;\">Brukere kan tillate, blokkere eller slette informasjonskapsler via nettleserinnstillingene sine (Chrome, Firefox, Safari, Edge osv.). Fremgangsm\u00e5ten varierer avhengig av nettleseren.<\/span><\/p><p><b>Note: <\/b><span style=\"font-weight: 400;\">Hvis brukeren blokkerer visse informasjonskapsler, kan det hende at enkelte funksjoner p\u00e5 nettstedet ikke er tilgjengelige eller ikke fungerer som de skal.<\/span><\/p><h2><b>5. Tredjeparts informasjonskapsler<\/b><\/h2><p><span style=\"font-weight: 400;\">Hvis tredjeparts informasjonskapsler brukes, b\u00f8r brukeren konsultere disse tredjepartenes retningslinjer for informasjonskapsler\/personvern, da de er ansvarlige for sin praksis.<\/span><\/p><h2><b>6. Oppdateringer av retningslinjene for informasjonskapsler<\/b><\/h2><p><span style=\"font-weight: 400;\">Denne informasjonskapselpolicyen kan bli oppdatert p\u00e5 grunn av tekniske eller regulatoriske endringer. Vi anbefaler at du gjennomg\u00e5r den med jevne mellomrom.<\/span><\/p>\t\t\t\t\t\t\t\t<\/div>\n\t\t\t\t\t<\/div>\n\t\t\t\t<\/div>\n\t\t\t\t<\/div>","protected":false},"excerpt":{"rendered":"<p>Protecci\u00f3n de tus datos Pol\u00edticas de Cookies \u2014 COMED.ES En COMED protegemos tus datos personales con responsabilidad, transparencia y conforme a la normativa vigente, garantizando un uso seguro, leg\u00edtimo y exclusivamente educativo e informativo. 1. Qu\u00e9 son las cookies Las cookies son peque\u00f1os archivos que se descargan en el dispositivo del Usuario al acceder a [&hellip;]<\/p>","protected":false},"author":1,"featured_media":0,"parent":0,"menu_order":0,"comment_status":"closed","ping_status":"closed","template":"elementor_header_footer","meta":{"_joinchat":[],"footnotes":""},"class_list":["post-862","page","type-page","status-publish","hentry"],"yoast_head":"<!-- This site is optimized with the Yoast SEO Premium plugin v26.9 (Yoast SEO v26.9) - https:\/\/yoast.com\/product\/yoast-seo-premium-wordpress\/ -->\n<title>Pol\u00edticas de Cookies \u2014 COMED.ES - comed.es<\/title>\n<meta name=\"robots\" content=\"index, follow, max-snippet:-1, max-image-preview:large, max-video-preview:-1\" \/>\n<link rel=\"canonical\" href=\"https:\/\/comed.es\/nb\/politicas-de-cookies-comed-es\/\" \/>\n<meta property=\"og:locale\" content=\"nb_NO\" \/>\n<meta property=\"og:type\" content=\"article\" \/>\n<meta property=\"og:title\" content=\"Pol\u00edticas de Cookies \u2014 COMED.ES\" \/>\n<meta property=\"og:description\" content=\"Protecci\u00f3n de tus datos Pol\u00edticas de Cookies \u2014 COMED.ES En COMED protegemos tus datos personales con responsabilidad, transparencia y conforme a la normativa vigente, garantizando un uso seguro, leg\u00edtimo y exclusivamente educativo e informativo. 1. Qu\u00e9 son las cookies Las cookies son peque\u00f1os archivos que se descargan en el dispositivo del Usuario al acceder a [&hellip;]\" \/>\n<meta property=\"og:url\" content=\"https:\/\/comed.es\/nb\/politicas-de-cookies-comed-es\/\" \/>\n<meta property=\"og:site_name\" content=\"comed.es\" \/>\n<meta property=\"article:modified_time\" content=\"2026-01-26T17:09:15+00:00\" \/>\n<meta property=\"og:image\" content=\"https:\/\/comed.es\/wp-content\/uploads\/2026\/02\/Diseno-sin-titulo-2026-02-14T104136.715.png\" \/>\n\t<meta property=\"og:image:width\" content=\"1200\" \/>\n\t<meta property=\"og:image:height\" content=\"675\" \/>\n\t<meta property=\"og:image:type\" content=\"image\/png\" \/>\n<meta name=\"twitter:card\" content=\"summary_large_image\" \/>\n<meta name=\"twitter:label1\" content=\"Ansl. lesetid\" \/>\n\t<meta name=\"twitter:data1\" content=\"2 minutter\" \/>\n<!-- \/ Yoast SEO Premium plugin. -->","yoast_head_json":{"title":"Pol\u00edticas de Cookies \u2014 COMED.ES - comed.es","robots":{"index":"index","follow":"follow","max-snippet":"max-snippet:-1","max-image-preview":"max-image-preview:large","max-video-preview":"max-video-preview:-1"},"canonical":"https:\/\/comed.es\/nb\/politicas-de-cookies-comed-es\/","og_locale":"nb_NO","og_type":"article","og_title":"Pol\u00edticas de Cookies \u2014 COMED.ES","og_description":"Protecci\u00f3n de tus datos Pol\u00edticas de Cookies \u2014 COMED.ES En COMED protegemos tus datos personales con responsabilidad, transparencia y conforme a la normativa vigente, garantizando un uso seguro, leg\u00edtimo y exclusivamente educativo e informativo. 1. Qu\u00e9 son las cookies Las cookies son peque\u00f1os archivos que se descargan en el dispositivo del Usuario al acceder a [&hellip;]","og_url":"https:\/\/comed.es\/nb\/politicas-de-cookies-comed-es\/","og_site_name":"comed.es","article_modified_time":"2026-01-26T17:09:15+00:00","og_image":[{"width":1200,"height":675,"url":"https:\/\/comed.es\/wp-content\/uploads\/2026\/02\/Diseno-sin-titulo-2026-02-14T104136.715.png","type":"image\/png"}],"twitter_card":"summary_large_image","twitter_misc":{"Ansl. lesetid":"2 minutter"},"schema":{"@context":"https:\/\/schema.org","@graph":[{"@type":"WebPage","@id":"https:\/\/comed.es\/politicas-de-cookies-comed-es\/","url":"https:\/\/comed.es\/politicas-de-cookies-comed-es\/","name":"Pol\u00edticas de Cookies \u2014 COMED.ES - comed.es","isPartOf":{"@id":"https:\/\/comed.es\/#website"},"datePublished":"2026-01-26T17:06:07+00:00","dateModified":"2026-01-26T17:09:15+00:00","breadcrumb":{"@id":"https:\/\/comed.es\/politicas-de-cookies-comed-es\/#breadcrumb"},"inLanguage":"nb-NO","potentialAction":[{"@type":"ReadAction","target":["https:\/\/comed.es\/politicas-de-cookies-comed-es\/"]}]},{"@type":"BreadcrumbList","@id":"https:\/\/comed.es\/politicas-de-cookies-comed-es\/#breadcrumb","itemListElement":[{"@type":"ListItem","position":1,"name":"Portada","item":"https:\/\/comed.es\/"},{"@type":"ListItem","position":2,"name":"Pol\u00edticas de Cookies \u2014 COMED.ES"}]},{"@type":"WebSite","@id":"https:\/\/comed.es\/#website","url":"https:\/\/comed.es\/","name":"Comed","description":"","publisher":{"@id":"https:\/\/comed.es\/#organization"},"potentialAction":[{"@type":"SearchAction","target":{"@type":"EntryPoint","urlTemplate":"https:\/\/comed.es\/?s={search_term_string}"},"query-input":{"@type":"PropertyValueSpecification","valueRequired":true,"valueName":"search_term_string"}}],"inLanguage":"nb-NO"},{"@type":"Organization","@id":"https:\/\/comed.es\/#organization","name":"Comed","url":"https:\/\/comed.es\/","logo":{"@type":"ImageObject","inLanguage":"nb-NO","@id":"https:\/\/comed.es\/#\/schema\/logo\/image\/","url":"https:\/\/comed.es\/wp-content\/uploads\/2026\/01\/comed.png","contentUrl":"https:\/\/comed.es\/wp-content\/uploads\/2026\/01\/comed.png","width":336,"height":100,"caption":"Comed"},"image":{"@id":"https:\/\/comed.es\/#\/schema\/logo\/image\/"}}]}},"_hostinger_reach_plugin_has_subscription_block":false,"_hostinger_reach_plugin_is_elementor":false,"_links":{"self":[{"href":"https:\/\/comed.es\/nb\/wp-json\/wp\/v2\/pages\/862","targetHints":{"allow":["GET"]}}],"collection":[{"href":"https:\/\/comed.es\/nb\/wp-json\/wp\/v2\/pages"}],"about":[{"href":"https:\/\/comed.es\/nb\/wp-json\/wp\/v2\/types\/page"}],"author":[{"embeddable":true,"href":"https:\/\/comed.es\/nb\/wp-json\/wp\/v2\/users\/1"}],"replies":[{"embeddable":true,"href":"https:\/\/comed.es\/nb\/wp-json\/wp\/v2\/comments?post=862"}],"version-history":[{"count":7,"href":"https:\/\/comed.es\/nb\/wp-json\/wp\/v2\/pages\/862\/revisions"}],"predecessor-version":[{"id":869,"href":"https:\/\/comed.es\/nb\/wp-json\/wp\/v2\/pages\/862\/revisions\/869"}],"wp:attachment":[{"href":"https:\/\/comed.es\/nb\/wp-json\/wp\/v2\/media?parent=862"}],"curies":[{"name":"wp","href":"https:\/\/api.w.org\/{rel}","templated":true}]}}