{"id":851,"date":"2026-01-26T17:00:41","date_gmt":"2026-01-26T17:00:41","guid":{"rendered":"https:\/\/comed.es\/?page_id=851"},"modified":"2026-01-26T17:04:47","modified_gmt":"2026-01-26T17:04:47","slug":"aviso-legal-comed-es","status":"publish","type":"page","link":"https:\/\/comed.es\/nb\/aviso-legal-comed-es\/","title":{"rendered":"Aviso legal \u2014 COMED.ES"},"content":{"rendered":"<div data-elementor-type=\"wp-page\" data-elementor-id=\"851\" class=\"elementor elementor-851\" data-elementor-post-type=\"page\">\n\t\t\t\t<div class=\"elementor-element elementor-element-31dc56dd e-flex e-con-boxed e-con e-parent\" data-id=\"31dc56dd\" data-element_type=\"container\" data-settings=\"{&quot;background_background&quot;:&quot;classic&quot;}\">\n\t\t\t\t\t<div class=\"e-con-inner\">\n\t\t<div class=\"elementor-element elementor-element-2947efe8 e-con-full e-flex e-con e-child\" data-id=\"2947efe8\" data-element_type=\"container\">\n\t\t<div class=\"elementor-element elementor-element-24f5276c e-con-full e-flex e-con e-child\" data-id=\"24f5276c\" data-element_type=\"container\">\n\t\t\t\t<div class=\"elementor-element elementor-element-24241377 elementor-invisible elementor-widget elementor-widget-heading\" data-id=\"24241377\" data-element_type=\"widget\" data-settings=\"{&quot;_animation&quot;:&quot;fadeInUp&quot;}\" data-widget_type=\"heading.default\">\n\t\t\t\t\t<h2 class=\"elementor-heading-title elementor-size-default\">Beskyttelse av dataene dine<\/h2>\t\t\t\t<\/div>\n\t\t\t\t<div class=\"elementor-element elementor-element-73425a2c elementor-invisible elementor-widget elementor-widget-elementskit-heading\" data-id=\"73425a2c\" data-element_type=\"widget\" data-settings=\"{&quot;_animation&quot;:&quot;fadeInUp&quot;,&quot;_animation_delay&quot;:200}\" data-widget_type=\"elementskit-heading.default\">\n\t\t\t\t\t<div class=\"ekit-wid-con\" ><div class=\"ekit-heading elementskit-section-title-wraper text_left   ekit_heading_tablet-   ekit_heading_mobile-\"><h1 class=\"ekit-heading--title elementskit-section-title\">Juridisk merknad <span><span>\u2014 COMED.ES<\/span><\/span><\/h1><\/div><\/div>\t\t\t\t<\/div>\n\t\t\t\t<div class=\"elementor-element elementor-element-44b57c05 elementor-widget elementor-widget-text-editor\" data-id=\"44b57c05\" data-element_type=\"widget\" data-widget_type=\"text-editor.default\">\n\t\t\t\t\t\t\t\t\tHos COMED beskytter vi dine personopplysninger ansvarlig, transparent og i samsvar med gjeldende regelverk, og garanterer trygg, legitim og utelukkende pedagogisk og informativ bruk.\t\t\t\t\t\t\t\t<\/div>\n\t\t\t\t<\/div>\n\t\t\t\t<\/div>\n\t\t<div class=\"elementor-element elementor-element-292c9e7b e-con-full e-flex e-con e-child\" data-id=\"292c9e7b\" data-element_type=\"container\">\n\t\t\t\t<\/div>\n\t\t\t\t\t<\/div>\n\t\t\t\t<\/div>\n\t\t<div class=\"elementor-element elementor-element-edb4f23 e-flex e-con-boxed e-con e-parent\" data-id=\"edb4f23\" data-element_type=\"container\">\n\t\t\t\t\t<div class=\"e-con-inner\">\n\t\t\t\t<div class=\"elementor-element elementor-element-1f0d9e7 elementor-widget elementor-widget-text-editor\" data-id=\"1f0d9e7\" data-element_type=\"widget\" data-widget_type=\"text-editor.default\">\n\t\t\t\t\t\t\t\t\t<h2><b>1. Identifisering av data<\/b><\/h2><p><span style=\"font-weight: 400;\">I samsvar med bestemmelsene i lov 34\/2002 om informasjonssamfunnstjenester og elektronisk handel (LSSI-CE), informerer dette nettstedet deg om at <\/span><b>COMED.ES <\/b><span style=\"font-weight: 400;\">(heretter kalt \u201cNettstedet\u201d) eies av:<\/span><\/p><ul><li aria-level=\"2\"><b>Tittel: APOSTOLISKE TJENESTER BN<\/b><\/li><li aria-level=\"2\"><b>NIF: R\u00b73500352D<\/b><\/li><\/ul><ul><li aria-level=\"2\"><b>Adresse: C\/Diego Vega Sarmiento, 6. Miller Bajo. 35014 Las Palmas GC<\/b><\/li><\/ul><ul><li aria-level=\"2\"><b>Telefon: 928464853<\/b><\/li><\/ul><ul><li aria-level=\"2\"><b>E-post: <\/b><a href=\"mailto:laspalmas@buenasnuevas.es\"><b>laspalmas@buenasnuevas.es<\/b><\/a><\/li><\/ul><ul><li aria-level=\"2\"><b>Registreringsdata (Justisdepartementet): 020014<\/b><\/li><\/ul><ul><li aria-level=\"2\"><b>Representanter: Sergio Zubillaga Gil <\/b><span style=\"font-weight: 400;\">y <\/span><b>Sheila Luzardo Orihuela<\/b><\/li><\/ul><h2><b>2. Objekt<\/b><\/h2><p><span style=\"font-weight: 400;\">Denne juridiske merknaden regulerer tilgang til, navigering i og bruk av nettstedet, samt ansvaret som f\u00f8lger av bruken av innholdet (tekster, bilder, design, kode, programvare osv.).<\/span><\/p><p>\u00a0<\/p><h2><b>3. Brukerstatus og aksept<\/b><\/h2><p><span style=\"font-weight: 400;\">Tilgang til og\/eller bruk av nettstedet gir status som <\/span><b>Bruker<\/b><span style=\"font-weight: 400;\">, og inneb\u00e6rer full aksept av denne juridiske merknaden, samt <\/span><b>Personvernerkl\u00e6ring <\/b><span style=\"font-weight: 400;\">og den <\/span><b>Informasjonskapsler<\/b><span style=\"font-weight: 400;\">.<\/span><\/p><h2><b>3. Bruk av nettstedet<\/b><\/h2><p><span style=\"font-weight: 400;\">Brukeren samtykker i \u00e5 bruke nettstedet lovlig, flittig og korrekt, og vil spesielt avst\u00e5 fra:<\/span><\/p><ul><li style=\"font-weight: 400;\" aria-level=\"2\"><span style=\"font-weight: 400;\">Bruk av nettstedet til ulovlige form\u00e5l eller virkninger, i strid med god tro eller offentlig orden.<\/span><\/li><li style=\"font-weight: 400;\" aria-level=\"2\"><span style=\"font-weight: 400;\">\u00c5 for\u00e5rsake skade p\u00e5 eierens eller tredjeparters systemer, eller \u00e5 introdusere\/spre virus eller andre fysiske eller logiske systemer som kan for\u00e5rsake skade.<\/span><\/li><\/ul><h2><b>4. Immateriell og industriell eiendom<\/b><\/h2><p><span style=\"font-weight: 400;\">Med mindre annet er uttrykkelig angitt, er alt innhold p\u00e5 nettstedet (inkludert, men ikke begrenset til, tekst, fotografier, bilder, grafisk design, kildekode, logoer, varemerker osv.) beskyttet av immaterielle rettigheter og industrielle eiendomsrettigheter og tilh\u00f8rer eieren eller har tilstrekkelige rettigheter til bruken av det.<\/span><\/p><p><span style=\"font-weight: 400;\">Reproduksjon, distribusjon, offentlig kommunikasjon eller transformasjon, helt eller delvis, av innholdet er forbudt uten skriftlig tillatelse fra eieren p\u00e5 forh\u00e5nd.<\/span><span style=\"font-weight: 400;\"><br \/><\/span><\/p><h2><b>5. Lenker til tredjeparter<\/b><\/h2><p><span style=\"font-weight: 400;\">Nettstedet kan inneholde lenker til tredjepartsnettsteder. Eieren er ikke ansvarlig for innholdet, retningslinjene, praksisene eller driften av disse nettstedene, og heller ikke for resultatene som oppn\u00e5s ved \u00e5 bruke dem.<\/span><\/p><h2><b>6. Ansvar<\/b><\/h2><p><span style=\"font-weight: 400;\">Eieren garanterer ikke for nettstedets permanente tilgjengelighet eller frav\u00e6r av feil, avbrudd eller skadelige elementer, selv om de vil iverksette rimelige tiltak for \u00e5 opprettholde dets funksjonalitet.<\/span><\/p><p><span style=\"font-weight: 400;\">Eieren er ikke ansvarlig for brukerens bruk av nettstedet eller for eventuelle skader som m\u00e5tte oppst\u00e5 som f\u00f8lge av slik bruk, med mindre gjeldende forskrifter bestemmer noe annet.<\/span><\/p><h2><b>7. Databeskyttelse og informasjonskapsler<\/b><\/h2><p><span style=\"font-weight: 400;\">Behandlingen av personopplysninger er regulert av <\/span><b>Personvernerkl\u00e6ring <\/b><span style=\"font-weight: 400;\">av nettstedet. Bruken av informasjonskapsler er underlagt <\/span><b>Informasjonskapsler<\/b><span style=\"font-weight: 400;\">.<\/span><\/p><h2><b>8. Gjeldende lov og jurisdiksjon<\/b><\/h2><p><span style=\"font-weight: 400;\">Denne juridiske merknaden er underlagt spansk lov. For l\u00f8sning av tvister skal partene henvende seg til domstolene og tribunalene som samsvarer med loven og, der det er aktuelt, jurisdiksjonen til forbrukeren\/brukeren.<\/span><\/p>\t\t\t\t\t\t\t\t<\/div>\n\t\t\t\t\t<\/div>\n\t\t\t\t<\/div>\n\t\t\t\t<\/div>","protected":false},"excerpt":{"rendered":"<p>Protecci\u00f3n de tus datos Aviso Legal \u2014 COMED.ES En COMED protegemos tus datos personales con responsabilidad, transparencia y conforme a la normativa vigente, garantizando un uso seguro, leg\u00edtimo y exclusivamente educativo e informativo. 1. Datos identificativos En cumplimiento de lo dispuesto en la Ley 34\/2002, de Servicios de la Sociedad de la Informaci\u00f3n y de [&hellip;]<\/p>","protected":false},"author":1,"featured_media":0,"parent":0,"menu_order":0,"comment_status":"closed","ping_status":"closed","template":"elementor_header_footer","meta":{"_joinchat":[],"footnotes":""},"class_list":["post-851","page","type-page","status-publish","hentry"],"yoast_head":"<!-- This site is optimized with the Yoast SEO Premium plugin v26.9 (Yoast SEO v26.9) - https:\/\/yoast.com\/product\/yoast-seo-premium-wordpress\/ -->\n<title>Aviso legal \u2014 COMED.ES - comed.es<\/title>\n<meta name=\"robots\" content=\"index, follow, max-snippet:-1, max-image-preview:large, max-video-preview:-1\" \/>\n<link rel=\"canonical\" href=\"https:\/\/comed.es\/nb\/aviso-legal-comed-es\/\" \/>\n<meta property=\"og:locale\" content=\"nb_NO\" \/>\n<meta property=\"og:type\" content=\"article\" \/>\n<meta property=\"og:title\" content=\"Aviso legal \u2014 COMED.ES\" \/>\n<meta property=\"og:description\" content=\"Protecci\u00f3n de tus datos Aviso Legal \u2014 COMED.ES En COMED protegemos tus datos personales con responsabilidad, transparencia y conforme a la normativa vigente, garantizando un uso seguro, leg\u00edtimo y exclusivamente educativo e informativo. 1. Datos identificativos En cumplimiento de lo dispuesto en la Ley 34\/2002, de Servicios de la Sociedad de la Informaci\u00f3n y de [&hellip;]\" \/>\n<meta property=\"og:url\" content=\"https:\/\/comed.es\/nb\/aviso-legal-comed-es\/\" \/>\n<meta property=\"og:site_name\" content=\"comed.es\" \/>\n<meta property=\"article:modified_time\" content=\"2026-01-26T17:04:47+00:00\" \/>\n<meta property=\"og:image\" content=\"https:\/\/comed.es\/wp-content\/uploads\/2026\/02\/Diseno-sin-titulo-2026-02-14T104136.715.png\" \/>\n\t<meta property=\"og:image:width\" content=\"1200\" \/>\n\t<meta property=\"og:image:height\" content=\"675\" \/>\n\t<meta property=\"og:image:type\" content=\"image\/png\" \/>\n<meta name=\"twitter:card\" content=\"summary_large_image\" \/>\n<meta name=\"twitter:label1\" content=\"Ansl. lesetid\" \/>\n\t<meta name=\"twitter:data1\" content=\"3 minutter\" \/>\n<!-- \/ Yoast SEO Premium plugin. -->","yoast_head_json":{"title":"Aviso legal \u2014 COMED.ES - comed.es","robots":{"index":"index","follow":"follow","max-snippet":"max-snippet:-1","max-image-preview":"max-image-preview:large","max-video-preview":"max-video-preview:-1"},"canonical":"https:\/\/comed.es\/nb\/aviso-legal-comed-es\/","og_locale":"nb_NO","og_type":"article","og_title":"Aviso legal \u2014 COMED.ES","og_description":"Protecci\u00f3n de tus datos Aviso Legal \u2014 COMED.ES En COMED protegemos tus datos personales con responsabilidad, transparencia y conforme a la normativa vigente, garantizando un uso seguro, leg\u00edtimo y exclusivamente educativo e informativo. 1. Datos identificativos En cumplimiento de lo dispuesto en la Ley 34\/2002, de Servicios de la Sociedad de la Informaci\u00f3n y de [&hellip;]","og_url":"https:\/\/comed.es\/nb\/aviso-legal-comed-es\/","og_site_name":"comed.es","article_modified_time":"2026-01-26T17:04:47+00:00","og_image":[{"width":1200,"height":675,"url":"https:\/\/comed.es\/wp-content\/uploads\/2026\/02\/Diseno-sin-titulo-2026-02-14T104136.715.png","type":"image\/png"}],"twitter_card":"summary_large_image","twitter_misc":{"Ansl. lesetid":"3 minutter"},"schema":{"@context":"https:\/\/schema.org","@graph":[{"@type":"WebPage","@id":"https:\/\/comed.es\/aviso-legal-comed-es\/","url":"https:\/\/comed.es\/aviso-legal-comed-es\/","name":"Aviso legal \u2014 COMED.ES - comed.es","isPartOf":{"@id":"https:\/\/comed.es\/#website"},"datePublished":"2026-01-26T17:00:41+00:00","dateModified":"2026-01-26T17:04:47+00:00","breadcrumb":{"@id":"https:\/\/comed.es\/aviso-legal-comed-es\/#breadcrumb"},"inLanguage":"nb-NO","potentialAction":[{"@type":"ReadAction","target":["https:\/\/comed.es\/aviso-legal-comed-es\/"]}]},{"@type":"BreadcrumbList","@id":"https:\/\/comed.es\/aviso-legal-comed-es\/#breadcrumb","itemListElement":[{"@type":"ListItem","position":1,"name":"Portada","item":"https:\/\/comed.es\/"},{"@type":"ListItem","position":2,"name":"Aviso legal \u2014 COMED.ES"}]},{"@type":"WebSite","@id":"https:\/\/comed.es\/#website","url":"https:\/\/comed.es\/","name":"Comed","description":"","publisher":{"@id":"https:\/\/comed.es\/#organization"},"potentialAction":[{"@type":"SearchAction","target":{"@type":"EntryPoint","urlTemplate":"https:\/\/comed.es\/?s={search_term_string}"},"query-input":{"@type":"PropertyValueSpecification","valueRequired":true,"valueName":"search_term_string"}}],"inLanguage":"nb-NO"},{"@type":"Organization","@id":"https:\/\/comed.es\/#organization","name":"Comed","url":"https:\/\/comed.es\/","logo":{"@type":"ImageObject","inLanguage":"nb-NO","@id":"https:\/\/comed.es\/#\/schema\/logo\/image\/","url":"https:\/\/comed.es\/wp-content\/uploads\/2026\/01\/comed.png","contentUrl":"https:\/\/comed.es\/wp-content\/uploads\/2026\/01\/comed.png","width":336,"height":100,"caption":"Comed"},"image":{"@id":"https:\/\/comed.es\/#\/schema\/logo\/image\/"}}]}},"_hostinger_reach_plugin_has_subscription_block":false,"_hostinger_reach_plugin_is_elementor":false,"_links":{"self":[{"href":"https:\/\/comed.es\/nb\/wp-json\/wp\/v2\/pages\/851","targetHints":{"allow":["GET"]}}],"collection":[{"href":"https:\/\/comed.es\/nb\/wp-json\/wp\/v2\/pages"}],"about":[{"href":"https:\/\/comed.es\/nb\/wp-json\/wp\/v2\/types\/page"}],"author":[{"embeddable":true,"href":"https:\/\/comed.es\/nb\/wp-json\/wp\/v2\/users\/1"}],"replies":[{"embeddable":true,"href":"https:\/\/comed.es\/nb\/wp-json\/wp\/v2\/comments?post=851"}],"version-history":[{"count":10,"href":"https:\/\/comed.es\/nb\/wp-json\/wp\/v2\/pages\/851\/revisions"}],"predecessor-version":[{"id":861,"href":"https:\/\/comed.es\/nb\/wp-json\/wp\/v2\/pages\/851\/revisions\/861"}],"wp:attachment":[{"href":"https:\/\/comed.es\/nb\/wp-json\/wp\/v2\/media?parent=851"}],"curies":[{"name":"wp","href":"https:\/\/api.w.org\/{rel}","templated":true}]}}