{"id":129,"date":"2026-01-20T23:35:13","date_gmt":"2026-01-20T23:35:13","guid":{"rendered":"https:\/\/comed.es\/?page_id=129"},"modified":"2026-01-26T16:58:20","modified_gmt":"2026-01-26T16:58:20","slug":"politicas-de-privacidad","status":"publish","type":"page","link":"https:\/\/comed.es\/nb\/politicas-de-privacidad\/","title":{"rendered":"Pol\u00edticas de privacidad"},"content":{"rendered":"<div data-elementor-type=\"wp-page\" data-elementor-id=\"129\" class=\"elementor elementor-129\" data-elementor-post-type=\"page\">\n\t\t\t\t<div class=\"elementor-element elementor-element-31dc56dd e-flex e-con-boxed e-con e-parent\" data-id=\"31dc56dd\" data-element_type=\"container\" data-settings=\"{&quot;background_background&quot;:&quot;classic&quot;}\">\n\t\t\t\t\t<div class=\"e-con-inner\">\n\t\t<div class=\"elementor-element elementor-element-2947efe8 e-con-full e-flex e-con e-child\" data-id=\"2947efe8\" data-element_type=\"container\">\n\t\t<div class=\"elementor-element elementor-element-24f5276c e-con-full e-flex e-con e-child\" data-id=\"24f5276c\" data-element_type=\"container\">\n\t\t\t\t<div class=\"elementor-element elementor-element-24241377 elementor-invisible elementor-widget elementor-widget-heading\" data-id=\"24241377\" data-element_type=\"widget\" data-settings=\"{&quot;_animation&quot;:&quot;fadeInUp&quot;}\" data-widget_type=\"heading.default\">\n\t\t\t\t\t<h2 class=\"elementor-heading-title elementor-size-default\">Beskyttelse av dataene dine<\/h2>\t\t\t\t<\/div>\n\t\t\t\t<div class=\"elementor-element elementor-element-73425a2c elementor-invisible elementor-widget elementor-widget-elementskit-heading\" data-id=\"73425a2c\" data-element_type=\"widget\" data-settings=\"{&quot;_animation&quot;:&quot;fadeInUp&quot;,&quot;_animation_delay&quot;:200}\" data-widget_type=\"elementskit-heading.default\">\n\t\t\t\t\t<div class=\"ekit-wid-con\" ><div class=\"ekit-heading elementskit-section-title-wraper text_left   ekit_heading_tablet-   ekit_heading_mobile-\"><h1 class=\"ekit-heading--title elementskit-section-title\">Pol\u00edtica de <span><span>Privatliv<\/span><\/span><\/h1><\/div><\/div>\t\t\t\t<\/div>\n\t\t\t\t<div class=\"elementor-element elementor-element-44b57c05 elementor-widget elementor-widget-text-editor\" data-id=\"44b57c05\" data-element_type=\"widget\" data-widget_type=\"text-editor.default\">\n\t\t\t\t\t\t\t\t\tHos COMED beskytter vi dine personopplysninger ansvarlig, transparent og i samsvar med gjeldende regelverk, og garanterer trygg, legitim og utelukkende pedagogisk og informativ bruk.\t\t\t\t\t\t\t\t<\/div>\n\t\t\t\t<\/div>\n\t\t\t\t<\/div>\n\t\t<div class=\"elementor-element elementor-element-292c9e7b e-con-full e-flex e-con e-child\" data-id=\"292c9e7b\" data-element_type=\"container\">\n\t\t\t\t<\/div>\n\t\t\t\t\t<\/div>\n\t\t\t\t<\/div>\n\t\t<div class=\"elementor-element elementor-element-edb4f23 e-flex e-con-boxed e-con e-parent\" data-id=\"edb4f23\" data-element_type=\"container\">\n\t\t\t\t\t<div class=\"e-con-inner\">\n\t\t\t\t<div class=\"elementor-element elementor-element-1f0d9e7 elementor-widget elementor-widget-text-editor\" data-id=\"1f0d9e7\" data-element_type=\"widget\" data-widget_type=\"text-editor.default\">\n\t\t\t\t\t\t\t\t\t<h2><b>1. Responsable del tratamiento<\/b><\/h2><ul><li aria-level=\"2\"><b>Responsable: MINISTERIOS APOST\u00d3LICOS BN<\/b><\/li><\/ul><ul><li aria-level=\"2\"><b>NIF: R\u00b73500352D<\/b><\/li><\/ul><ul><li aria-level=\"2\"><b>Adresse: C\/Diego Vega Sarmiento, 6. Miller Bajo. 35014 Las Palmas GC<\/b><\/li><\/ul><ul><li aria-level=\"2\"><b>Telefon: 928464853<\/b><\/li><\/ul><ul><li aria-level=\"2\"><b>Email de contacto: <\/b><a href=\"mailto:laspalmas@buenasnuevas.es\"><b>laspalmas@buenasnuevas.es<\/b><\/a><\/li><\/ul><ul><li aria-level=\"2\"><b>Registreringsdata (Justisdepartementet): 020014<\/b><\/li><\/ul><ul><li aria-level=\"2\"><b>Representanter: Sergio Zubillaga Gil <\/b><span style=\"font-weight: 400;\">y <\/span><b>Sheila Luzardo Orihuela<\/b><\/li><\/ul><h2><b>2. Delegado de Protecci\u00f3n de Datos (DPD \/ DPO)<\/b><span style=\"font-weight: 400;\"><br \/><\/span><\/h2><p><span style=\"font-weight: 400;\">Actualmente, <\/span><b>MINISTERIOS APOST\u00d3LICOS BN no ha designado <\/b><span style=\"font-weight: 400;\">Delegado de Protecci\u00f3n de Datos (DPD\/DPO) para este Sitio Web.<\/span><\/p><p><span style=\"font-weight: 400;\">Para cualquier cuesti\u00f3n relacionada con el tratamiento de datos personales o para ejercer sus derechos, el Usuario puede contactar con el Responsable del tratamiento a trav\u00e9s de los datos indicados en el apartado anterior.<\/span><\/p><h2><b>3. Datos personales que tratamos<\/b><\/h2><p><span style=\"font-weight: 400;\">En funci\u00f3n del uso del Sitio Web, podemos tratar las siguientes categor\u00edas de datos personales:<\/span><\/p><ul><li style=\"font-weight: 400;\" aria-level=\"2\"><b>Datos identificativos y de contacto: <\/b><span style=\"font-weight: 400;\">nombre, apellidos, email, tel\u00e9fono (si se facilita).<\/span><\/li><li style=\"font-weight: 400;\" aria-level=\"2\"><b>Datos aportados por el Usuario: <\/b><span style=\"font-weight: 400;\">el contenido del mensaje, solicitud o consulta realizada (por ejemplo, a trav\u00e9s de formularios).<\/span><\/li><li style=\"font-weight: 400;\" aria-level=\"2\"><b>Datos de navegaci\u00f3n: <\/b><span style=\"font-weight: 400;\">direcci\u00f3n IP, datos t\u00e9cnicos del dispositivo\/navegador y, en su caso, informaci\u00f3n derivada del uso de cookies (seg\u00fan la configuraci\u00f3n aceptada por el Usuario).<\/span><\/li><\/ul><p><span style=\"font-weight: 400;\">Si en alg\u00fan caso fuese necesario tratar <\/span><b>categor\u00edas especiales de datos <\/b><span style=\"font-weight: 400;\">(por ejemplo, datos de salud), se solicitar\u00e1 consentimiento <\/span><b>expl\u00edcito <\/b><span style=\"font-weight: 400;\">y se aplicar\u00e1n medidas reforzadas.<\/span><\/p><h2><b>4. Finalidades del tratamiento<\/b><\/h2><p><span style=\"font-weight: 400;\">Los datos personales se recaban y tratan con las siguientes finalidades:<\/span><\/p><ol><li style=\"font-weight: 400;\" aria-level=\"1\"><b>Atender solicitudes de informaci\u00f3n, consultas y comunicaciones <\/b><span style=\"font-weight: 400;\">realizadas por el Usuario.<\/span><\/li><li style=\"font-weight: 400;\" aria-level=\"1\"><b>Gestionar la relaci\u00f3n <\/b><span style=\"font-weight: 400;\">derivada del contacto del Usuario con el Sitio Web (por ejemplo, solicitudes enviadas por formularios).<\/span><\/li><li style=\"font-weight: 400;\" aria-level=\"1\"><b>Mejorar el funcionamiento y la experiencia <\/b><span style=\"font-weight: 400;\">de navegaci\u00f3n del Sitio Web (anal\u00edtica\/medici\u00f3n cuando proceda y con el consentimiento correspondiente).<\/span><\/li><li style=\"font-weight: 400;\" aria-level=\"1\"><b>Cumplir obligaciones legales <\/b><span style=\"font-weight: 400;\">aplicables.<\/span><\/li><\/ol><h2><b>5. Base jur\u00eddica del tratamiento<\/b><\/h2><p><span style=\"font-weight: 400;\">La base legal del tratamiento ser\u00e1, seg\u00fan el caso:<\/span><\/p><ul><li style=\"font-weight: 400;\" aria-level=\"2\"><b>El consentimiento <\/b><span style=\"font-weight: 400;\">del Usuario (por ejemplo, al enviar un formulario o aceptar determinadas cookies).<\/span><\/li><li style=\"font-weight: 400;\" aria-level=\"2\"><b>El cumplimiento de obligaciones legales<\/b><span style=\"font-weight: 400;\">.<\/span><\/li><li style=\"font-weight: 400;\" aria-level=\"2\"><b>El inter\u00e9s leg\u00edtimo <\/b><span style=\"font-weight: 400;\">del responsable (por ejemplo, seguridad del Sitio Web o mejoras t\u00e9cnicas), cuando proceda y no prevalezcan los derechos del Usuario.<\/span><\/li><\/ul><h2><b>6. Plazo de conservaci\u00f3n<\/b><span style=\"font-weight: 400;\"><br \/><\/span><\/h2><p><span style=\"font-weight: 400;\">Los datos se conservar\u00e1n:<\/span><\/p><ul><li style=\"font-weight: 400;\" aria-level=\"2\"><span style=\"font-weight: 400;\">Mientras sea necesario para atender la solicitud o mantener la relaci\u00f3n derivada del contacto.<\/span><\/li><li style=\"font-weight: 400;\" aria-level=\"2\"><span style=\"font-weight: 400;\">Durante los plazos exigidos por obligaciones legales aplicables.<\/span><\/li><li style=\"font-weight: 400;\" aria-level=\"2\"><span style=\"font-weight: 400;\">Hasta que el Usuario solicite su supresi\u00f3n, cuando proceda.<\/span><\/li><\/ul><h2><b>7. Destinatarios de los datos<\/b><\/h2><p><span style=\"font-weight: 400;\">Con car\u00e1cter general, <\/span><b>no se ceder\u00e1n datos a terceros<\/b><span style=\"font-weight: 400;\">, salvo obligaci\u00f3n legal.<\/span><\/p><p><span style=\"font-weight: 400;\">No obstante, podr\u00e1n acceder a datos personales <\/span><b>proveedores <\/b><span style=\"font-weight: 400;\">que prestan servicios al responsable (por ejemplo, alojamiento web, correo, mantenimiento), actuando como <\/span><b>encargados del tratamiento<\/b><span style=\"font-weight: 400;\">, con el correspondiente contrato y garant\u00edas.<\/span><\/p><h2><b>8. Transferencias internacionales<\/b><\/h2><p><span style=\"font-weight: 400;\">Con car\u00e1cter general, se procurar\u00e1 utilizar proveedores ubicados en el Espacio Econ\u00f3mico Europeo (EEE). Si se realizaran transferencias internacionales, se aplicar\u00e1n las garant\u00edas legalmente previstas (por ejemplo, cl\u00e1usulas contractuales tipo u otras medidas adecuadas).<\/span><\/p><h2><b>9. Datos de menores<\/b><\/h2><p><span style=\"font-weight: 400;\">Solo los <\/span><b>mayores de 14 a\u00f1os <\/b><span style=\"font-weight: 400;\">podr\u00e1n otorgar su consentimiento para el tratamiento de sus datos personales. Para menores de 14 a\u00f1os ser\u00e1 necesario el consentimiento de padres o tutores, y el tratamiento solo ser\u00e1 l\u00edcito en la medida en que lo hayan autorizado.<\/span><\/p><h2><b>10. Derechos del Usuario<\/b><\/h2><p><span style=\"font-weight: 400;\">El Usuario puede ejercer los derechos reconocidos por la normativa:<\/span><\/p><ul><li aria-level=\"2\"><b>Acceso<\/b><\/li><li aria-level=\"2\"><b>Rectificaci\u00f3n<\/b><\/li><\/ul><ul><li aria-level=\"2\"><b>Supresi\u00f3n (derecho al olvido)<\/b><\/li><\/ul><ul><li aria-level=\"2\"><b>Limitaci\u00f3n del tratamiento<\/b><\/li><\/ul><ul><li aria-level=\"2\"><b>Portabilidad<\/b><\/li><\/ul><ul><li aria-level=\"2\"><b>Oposici\u00f3n<\/b><\/li><\/ul><ul><li style=\"font-weight: 400;\" aria-level=\"2\"><b>No ser objeto de decisiones automatizadas<\/b><span style=\"font-weight: 400;\">, incluida la elaboraci\u00f3n de perfiles (cuando proceda)<\/span><\/li><li style=\"font-weight: 400;\" aria-level=\"2\"><b>Retirar el consentimiento <\/b><span style=\"font-weight: 400;\">en cualquier momento (sin efectos retroactivos)<\/span><\/li><\/ul><h3><b>C\u00f3mo ejercerlos<\/b><\/h3><p><span style=\"font-weight: 400;\">El Usuario podr\u00e1 ejercitar sus derechos mediante comunicaci\u00f3n escrita dirigida al Responsable del tratamiento con la referencia:<\/span><span style=\"font-weight: 400;\"><br \/><\/span><\/p><p><b>\u201cRGPD-COMED.ES\u201d<\/b><\/p><p><span style=\"font-weight: 400;\">La solicitud deber\u00e1 indicar claramente el derecho que desea ejercer y, cuando sea necesario, incluir informaci\u00f3n para verificar la identidad del solicitante.<\/span><\/p><ul><li aria-level=\"2\"><b>E-post: <\/b><a href=\"mailto:laspalmas@buenasnuevas.es\"><b>laspalmas@buenasnuevas.es<\/b><\/a><\/li><li aria-level=\"2\"><b>Direcci\u00f3n postal: C\/Diego Vega Sarmiento, 6. Miller Bajo. 35014 Las Palmas GC<\/b><\/li><\/ul><h2><b>11. Medidas de seguridad<\/b><b><\/b><\/h2><p><span style=\"font-weight: 400;\">El Responsable del tratamiento adopta medidas t\u00e9cnicas y organizativas apropiadas para proteger los datos personales y evitar su p\u00e9rdida, mal uso, acceso no autorizado, divulgaci\u00f3n o alteraci\u00f3n.<\/span><\/p><p><span style=\"font-weight: 400;\">En caso de producirse una violaci\u00f3n de seguridad que suponga un alto riesgo para los derechos y libertades de las personas, se notificar\u00e1 conforme a lo previsto en la normativa aplicable.<\/span><\/p><h2><b>12. Enlaces a sitios web de terceros<\/b><\/h2><p><span style=\"font-weight: 400;\">El Sitio Web puede incluir enlaces a p\u00e1ginas web de terceros distintos de <\/span><b>COMED.ES <\/b><span style=\"font-weight: 400;\">y no operados por el Responsable. Dichos terceros disponen de sus propias pol\u00edticas de protecci\u00f3n de datos, siendo ellos responsables de sus propios ficheros y pr\u00e1cticas de privacidad.<\/span><\/p><h2><b>13. Reclamaciones ante la autoridad de control<\/b><\/h2><p><span style=\"font-weight: 400;\">Si el Usuario considera que existe un problema o infracci\u00f3n en el tratamiento de sus datos, puede presentar una reclamaci\u00f3n ante la <\/span><b>Agencia Espa\u00f1ola de Protecci\u00f3n de Datos (AEPD)<\/b><span style=\"font-weight: 400;\">.<\/span><\/p><h2><b>14. Cambios en la Pol\u00edtica de Privacidad<\/b><\/h2><p><span style=\"font-weight: 400;\">El Responsable podr\u00e1 modificar la presente Pol\u00edtica de Privacidad cuando sea necesario por cambios normativos o por criterios propios. En caso de cambios relevantes, se informar\u00e1 al Usuario por medios razonables.<\/span><\/p>\t\t\t\t\t\t\t\t<\/div>\n\t\t\t\t\t<\/div>\n\t\t\t\t<\/div>\n\t\t\t\t<\/div>","protected":false},"excerpt":{"rendered":"<p>Protecci\u00f3n de tus datos Pol\u00edtica de Privacidad En COMED protegemos tus datos personales con responsabilidad, transparencia y conforme a la normativa vigente, garantizando un uso seguro, leg\u00edtimo y exclusivamente educativo e informativo. 1. Responsable del tratamiento Responsable: MINISTERIOS APOST\u00d3LICOS BN NIF: R\u00b73500352D Domicilio: C\/Diego Vega Sarmiento, 6. Miller Bajo. 35014 Las Palmas GC Tel\u00e9fono: 928464853 [&hellip;]<\/p>","protected":false},"author":1,"featured_media":0,"parent":0,"menu_order":0,"comment_status":"closed","ping_status":"closed","template":"elementor_header_footer","meta":{"_joinchat":[],"footnotes":""},"class_list":["post-129","page","type-page","status-publish","hentry"],"yoast_head":"<!-- This site is optimized with the Yoast SEO Premium plugin v26.9 (Yoast SEO v26.9) - https:\/\/yoast.com\/product\/yoast-seo-premium-wordpress\/ -->\n<title>Pol\u00edticas de privacidad - comed.es<\/title>\n<meta name=\"robots\" content=\"index, follow, max-snippet:-1, max-image-preview:large, max-video-preview:-1\" \/>\n<link rel=\"canonical\" href=\"https:\/\/comed.es\/nb\/politicas-de-privacidad\/\" \/>\n<meta property=\"og:locale\" content=\"nb_NO\" \/>\n<meta property=\"og:type\" content=\"article\" \/>\n<meta property=\"og:title\" content=\"Pol\u00edticas de privacidad\" \/>\n<meta property=\"og:description\" content=\"Protecci\u00f3n de tus datos Pol\u00edtica de Privacidad En COMED protegemos tus datos personales con responsabilidad, transparencia y conforme a la normativa vigente, garantizando un uso seguro, leg\u00edtimo y exclusivamente educativo e informativo. 1. Responsable del tratamiento Responsable: MINISTERIOS APOST\u00d3LICOS BN NIF: R\u00b73500352D Domicilio: C\/Diego Vega Sarmiento, 6. Miller Bajo. 35014 Las Palmas GC Tel\u00e9fono: 928464853 [&hellip;]\" \/>\n<meta property=\"og:url\" content=\"https:\/\/comed.es\/nb\/politicas-de-privacidad\/\" \/>\n<meta property=\"og:site_name\" content=\"comed.es\" \/>\n<meta property=\"article:modified_time\" content=\"2026-01-26T16:58:20+00:00\" \/>\n<meta property=\"og:image\" content=\"https:\/\/comed.es\/wp-content\/uploads\/2026\/02\/Diseno-sin-titulo-2026-02-14T104136.715.png\" \/>\n\t<meta property=\"og:image:width\" content=\"1200\" \/>\n\t<meta property=\"og:image:height\" content=\"675\" \/>\n\t<meta property=\"og:image:type\" content=\"image\/png\" \/>\n<meta name=\"twitter:card\" content=\"summary_large_image\" \/>\n<meta name=\"twitter:label1\" content=\"Ansl. lesetid\" \/>\n\t<meta name=\"twitter:data1\" content=\"4 minutter\" \/>\n<!-- \/ Yoast SEO Premium plugin. -->","yoast_head_json":{"title":"Pol\u00edticas de privacidad - comed.es","robots":{"index":"index","follow":"follow","max-snippet":"max-snippet:-1","max-image-preview":"max-image-preview:large","max-video-preview":"max-video-preview:-1"},"canonical":"https:\/\/comed.es\/nb\/politicas-de-privacidad\/","og_locale":"nb_NO","og_type":"article","og_title":"Pol\u00edticas de privacidad","og_description":"Protecci\u00f3n de tus datos Pol\u00edtica de Privacidad En COMED protegemos tus datos personales con responsabilidad, transparencia y conforme a la normativa vigente, garantizando un uso seguro, leg\u00edtimo y exclusivamente educativo e informativo. 1. Responsable del tratamiento Responsable: MINISTERIOS APOST\u00d3LICOS BN NIF: R\u00b73500352D Domicilio: C\/Diego Vega Sarmiento, 6. Miller Bajo. 35014 Las Palmas GC Tel\u00e9fono: 928464853 [&hellip;]","og_url":"https:\/\/comed.es\/nb\/politicas-de-privacidad\/","og_site_name":"comed.es","article_modified_time":"2026-01-26T16:58:20+00:00","og_image":[{"width":1200,"height":675,"url":"https:\/\/comed.es\/wp-content\/uploads\/2026\/02\/Diseno-sin-titulo-2026-02-14T104136.715.png","type":"image\/png"}],"twitter_card":"summary_large_image","twitter_misc":{"Ansl. lesetid":"4 minutter"},"schema":{"@context":"https:\/\/schema.org","@graph":[{"@type":"WebPage","@id":"https:\/\/comed.es\/politicas-de-privacidad\/","url":"https:\/\/comed.es\/politicas-de-privacidad\/","name":"Pol\u00edticas de privacidad - comed.es","isPartOf":{"@id":"https:\/\/comed.es\/#website"},"datePublished":"2026-01-20T23:35:13+00:00","dateModified":"2026-01-26T16:58:20+00:00","breadcrumb":{"@id":"https:\/\/comed.es\/politicas-de-privacidad\/#breadcrumb"},"inLanguage":"nb-NO","potentialAction":[{"@type":"ReadAction","target":["https:\/\/comed.es\/politicas-de-privacidad\/"]}]},{"@type":"BreadcrumbList","@id":"https:\/\/comed.es\/politicas-de-privacidad\/#breadcrumb","itemListElement":[{"@type":"ListItem","position":1,"name":"Portada","item":"https:\/\/comed.es\/"},{"@type":"ListItem","position":2,"name":"Pol\u00edticas de privacidad"}]},{"@type":"WebSite","@id":"https:\/\/comed.es\/#website","url":"https:\/\/comed.es\/","name":"Comed","description":"","publisher":{"@id":"https:\/\/comed.es\/#organization"},"potentialAction":[{"@type":"SearchAction","target":{"@type":"EntryPoint","urlTemplate":"https:\/\/comed.es\/?s={search_term_string}"},"query-input":{"@type":"PropertyValueSpecification","valueRequired":true,"valueName":"search_term_string"}}],"inLanguage":"nb-NO"},{"@type":"Organization","@id":"https:\/\/comed.es\/#organization","name":"Comed","url":"https:\/\/comed.es\/","logo":{"@type":"ImageObject","inLanguage":"nb-NO","@id":"https:\/\/comed.es\/#\/schema\/logo\/image\/","url":"https:\/\/comed.es\/wp-content\/uploads\/2026\/01\/comed.png","contentUrl":"https:\/\/comed.es\/wp-content\/uploads\/2026\/01\/comed.png","width":336,"height":100,"caption":"Comed"},"image":{"@id":"https:\/\/comed.es\/#\/schema\/logo\/image\/"}}]}},"_hostinger_reach_plugin_has_subscription_block":false,"_hostinger_reach_plugin_is_elementor":false,"_links":{"self":[{"href":"https:\/\/comed.es\/nb\/wp-json\/wp\/v2\/pages\/129","targetHints":{"allow":["GET"]}}],"collection":[{"href":"https:\/\/comed.es\/nb\/wp-json\/wp\/v2\/pages"}],"about":[{"href":"https:\/\/comed.es\/nb\/wp-json\/wp\/v2\/types\/page"}],"author":[{"embeddable":true,"href":"https:\/\/comed.es\/nb\/wp-json\/wp\/v2\/users\/1"}],"replies":[{"embeddable":true,"href":"https:\/\/comed.es\/nb\/wp-json\/wp\/v2\/comments?post=129"}],"version-history":[{"count":25,"href":"https:\/\/comed.es\/nb\/wp-json\/wp\/v2\/pages\/129\/revisions"}],"predecessor-version":[{"id":848,"href":"https:\/\/comed.es\/nb\/wp-json\/wp\/v2\/pages\/129\/revisions\/848"}],"wp:attachment":[{"href":"https:\/\/comed.es\/nb\/wp-json\/wp\/v2\/media?parent=129"}],"curies":[{"name":"wp","href":"https:\/\/api.w.org\/{rel}","templated":true}]}}