{"id":851,"date":"2026-01-26T17:00:41","date_gmt":"2026-01-26T17:00:41","guid":{"rendered":"https:\/\/comed.es\/?page_id=851"},"modified":"2026-01-26T17:04:47","modified_gmt":"2026-01-26T17:04:47","slug":"aviso-legal-comed-es","status":"publish","type":"page","link":"https:\/\/comed.es\/it\/aviso-legal-comed-es\/","title":{"rendered":"Aviso legal \u2014 COMED.ES"},"content":{"rendered":"<div data-elementor-type=\"wp-page\" data-elementor-id=\"851\" class=\"elementor elementor-851\" data-elementor-post-type=\"page\">\n\t\t\t\t<div class=\"elementor-element elementor-element-31dc56dd e-flex e-con-boxed e-con e-parent\" data-id=\"31dc56dd\" data-element_type=\"container\" data-settings=\"{&quot;background_background&quot;:&quot;classic&quot;}\">\n\t\t\t\t\t<div class=\"e-con-inner\">\n\t\t<div class=\"elementor-element elementor-element-2947efe8 e-con-full e-flex e-con e-child\" data-id=\"2947efe8\" data-element_type=\"container\">\n\t\t<div class=\"elementor-element elementor-element-24f5276c e-con-full e-flex e-con e-child\" data-id=\"24f5276c\" data-element_type=\"container\">\n\t\t\t\t<div class=\"elementor-element elementor-element-24241377 elementor-invisible elementor-widget elementor-widget-heading\" data-id=\"24241377\" data-element_type=\"widget\" data-settings=\"{&quot;_animation&quot;:&quot;fadeInUp&quot;}\" data-widget_type=\"heading.default\">\n\t\t\t\t\t<h2 class=\"elementor-heading-title elementor-size-default\">Proteggere i tuoi dati<\/h2>\t\t\t\t<\/div>\n\t\t\t\t<div class=\"elementor-element elementor-element-73425a2c elementor-invisible elementor-widget elementor-widget-elementskit-heading\" data-id=\"73425a2c\" data-element_type=\"widget\" data-settings=\"{&quot;_animation&quot;:&quot;fadeInUp&quot;,&quot;_animation_delay&quot;:200}\" data-widget_type=\"elementskit-heading.default\">\n\t\t\t\t\t<div class=\"ekit-wid-con\" ><div class=\"ekit-heading elementskit-section-title-wraper text_left   ekit_heading_tablet-   ekit_heading_mobile-\"><h1 class=\"ekit-heading--title elementskit-section-title\">Avviso legale <span><span>\u2014 COMED.ES<\/span><\/span><\/h1><\/div><\/div>\t\t\t\t<\/div>\n\t\t\t\t<div class=\"elementor-element elementor-element-44b57c05 elementor-widget elementor-widget-text-editor\" data-id=\"44b57c05\" data-element_type=\"widget\" data-widget_type=\"text-editor.default\">\n\t\t\t\t\t\t\t\t\tNoi di COMED proteggiamo i tuoi dati personali in modo responsabile, trasparente e nel rispetto delle normative vigenti, garantendone un utilizzo sicuro, legittimo ed esclusivamente didattico e informativo.\t\t\t\t\t\t\t\t<\/div>\n\t\t\t\t<\/div>\n\t\t\t\t<\/div>\n\t\t<div class=\"elementor-element elementor-element-292c9e7b e-con-full e-flex e-con e-child\" data-id=\"292c9e7b\" data-element_type=\"container\">\n\t\t\t\t<\/div>\n\t\t\t\t\t<\/div>\n\t\t\t\t<\/div>\n\t\t<div class=\"elementor-element elementor-element-edb4f23 e-flex e-con-boxed e-con e-parent\" data-id=\"edb4f23\" data-element_type=\"container\">\n\t\t\t\t\t<div class=\"e-con-inner\">\n\t\t\t\t<div class=\"elementor-element elementor-element-1f0d9e7 elementor-widget elementor-widget-text-editor\" data-id=\"1f0d9e7\" data-element_type=\"widget\" data-widget_type=\"text-editor.default\">\n\t\t\t\t\t\t\t\t\t<h2><b>1. Dati identificativi<\/b><\/h2><p><span style=\"font-weight: 400;\">In conformit\u00e0 con quanto disposto dalla Legge 34\/2002, sui Servizi della Societ\u00e0 dell&#039;Informazione e del Commercio Elettronico (LSSI-CE), questo sito web ti informa che <\/span><b>COMED.ES <\/b><span style=\"font-weight: 400;\">(di seguito, il \u201cSito Web\u201d) \u00e8 di propriet\u00e0 di:<\/span><\/p><ul><li aria-level=\"2\"><b>Titolo: MINISTERI APOSTOLICI BN<\/b><\/li><li aria-level=\"2\"><b>NIF: R\u00b73500352D<\/b><\/li><\/ul><ul><li aria-level=\"2\"><b>Indirizzo: C\/Diego Vega Sarmiento, 6. Miller Bajo. 35014 Las PalmasGC<\/b><\/li><\/ul><ul><li aria-level=\"2\"><b>Telefono: 928464853<\/b><\/li><\/ul><ul><li aria-level=\"2\"><b>E-mail: <\/b><a href=\"mailto:laspalmas@buenasnuevas.es\"><b>laspalmas@buenasnuevas.es<\/b><\/a><\/li><\/ul><ul><li aria-level=\"2\"><b>Dati di registrazione (Ministero della Giustizia): 020014<\/b><\/li><\/ul><ul><li aria-level=\"2\"><b>Rappresentanti: Sig. Sergio Zubillaga Gil <\/b><span style=\"font-weight: 400;\">y <\/span><b>Sheila Luzardo Orihuela<\/b><\/li><\/ul><h2><b>2. Oggetto<\/b><\/h2><p><span style=\"font-weight: 400;\">Il presente Avviso Legale regola l&#039;accesso, la navigazione e l&#039;utilizzo del Sito Web, nonch\u00e9 le responsabilit\u00e0 derivanti dall&#039;uso dei suoi contenuti (testi, immagini, design, codice, software, ecc.).<\/span><\/p><p>\u00a0<\/p><h2><b>3. Stato dell&#039;utente e accettazione<\/b><\/h2><p><span style=\"font-weight: 400;\">L&#039;accesso e\/o l&#039;utilizzo del Sito Web conferisce lo status di <\/span><b>Utente<\/b><span style=\"font-weight: 400;\">, e implica la piena accettazione del presente Avviso Legale, nonch\u00e9 del <\/span><b>politica sulla riservatezza <\/b><span style=\"font-weight: 400;\">e il <\/span><b>Informativa sui cookie<\/b><span style=\"font-weight: 400;\">.<\/span><\/p><h2><b>3. Utilizzo del sito web<\/b><\/h2><p><span style=\"font-weight: 400;\">L&#039;Utente si impegna a utilizzare il Sito Web in modo lecito, diligente e corretto e, in particolare, si asterr\u00e0 da:<\/span><\/p><ul><li style=\"font-weight: 400;\" aria-level=\"2\"><span style=\"font-weight: 400;\">Utilizzare il Sito Web per scopi o effetti illeciti, contrari alla buona fede o all&#039;ordine pubblico.<\/span><\/li><li style=\"font-weight: 400;\" aria-level=\"2\"><span style=\"font-weight: 400;\">Causare danni ai sistemi del proprietario o di terzi, o introdurre\/diffondere virus o qualsiasi altro sistema fisico o logico in grado di causare danni.<\/span><\/li><\/ul><h2><b>4. Propriet\u00e0 intellettuale e industriale<\/b><\/h2><p><span style=\"font-weight: 400;\">Salvo diversa indicazione espressa, tutti i contenuti del Sito Web (inclusi, a titolo esemplificativo ma non esaustivo, testi, fotografie, immagini, grafica, codice sorgente, loghi, marchi commerciali, ecc.) sono protetti dai diritti di propriet\u00e0 intellettuale e industriale e appartengono al proprietario o dispongono di diritti sufficienti per il loro utilizzo.<\/span><\/p><p><span style=\"font-weight: 400;\">\u00c8 vietata la riproduzione, la distribuzione, la comunicazione al pubblico o la trasformazione, totale o parziale, dei contenuti senza la previa autorizzazione scritta del proprietario.<\/span><span style=\"font-weight: 400;\"><br \/><\/span><\/p><h2><b>5. Link a terze parti<\/b><\/h2><p><span style=\"font-weight: 400;\">Il Sito Web pu\u00f2 includere link a siti web di terze parti. Il proprietario non \u00e8 responsabile del contenuto, delle politiche, delle pratiche o del funzionamento di tali siti web, n\u00e9 dei risultati ottenuti accedendovi.<\/span><\/p><h2><b>6. Responsabilit\u00e0<\/b><\/h2><p><span style=\"font-weight: 400;\">Il titolare non garantisce la disponibilit\u00e0 permanente del Sito Web n\u00e9 l&#039;assenza di errori, interruzioni o elementi dannosi, sebbene adotter\u00e0 misure ragionevoli per mantenerne il corretto funzionamento.<\/span><\/p><p><span style=\"font-weight: 400;\">Il Titolare non \u00e8 responsabile dell&#039;uso che l&#039;Utente fa del Sito Web n\u00e9 di eventuali danni che possano derivare da tale uso, salvo diversa disposizione della normativa applicabile.<\/span><\/p><h2><b>7. Protezione dei dati e cookie<\/b><\/h2><p><span style=\"font-weight: 400;\">Il trattamento dei dati personali \u00e8 disciplinato dalla <\/span><b>politica sulla riservatezza <\/b><span style=\"font-weight: 400;\">del Sito. L&#039;uso dei cookie \u00e8 regolato dall&#039; <\/span><b>Informativa sui cookie<\/b><span style=\"font-weight: 400;\">.<\/span><\/p><h2><b>8. Legge applicabile e giurisdizione<\/b><\/h2><p><span style=\"font-weight: 400;\">Il presente Avviso Legale \u00e8 regolato dalla legge spagnola. Per la risoluzione di eventuali controversie, le parti si sottopongono alla giurisdizione dei Tribunali competenti per legge e, ove applicabile, alla giurisdizione del domicilio del consumatore\/utente.<\/span><\/p>\t\t\t\t\t\t\t\t<\/div>\n\t\t\t\t\t<\/div>\n\t\t\t\t<\/div>\n\t\t\t\t<\/div>","protected":false},"excerpt":{"rendered":"<p>Protecci\u00f3n de tus datos Aviso Legal \u2014 COMED.ES En COMED protegemos tus datos personales con responsabilidad, transparencia y conforme a la normativa vigente, garantizando un uso seguro, leg\u00edtimo y exclusivamente educativo e informativo. 1. Datos identificativos En cumplimiento de lo dispuesto en la Ley 34\/2002, de Servicios de la Sociedad de la Informaci\u00f3n y de [&hellip;]<\/p>","protected":false},"author":1,"featured_media":0,"parent":0,"menu_order":0,"comment_status":"closed","ping_status":"closed","template":"elementor_header_footer","meta":{"_joinchat":[],"footnotes":""},"class_list":["post-851","page","type-page","status-publish","hentry"],"yoast_head":"<!-- This site is optimized with the Yoast SEO Premium plugin v26.9 (Yoast SEO v26.9) - https:\/\/yoast.com\/product\/yoast-seo-premium-wordpress\/ -->\n<title>Aviso legal \u2014 COMED.ES - comed.es<\/title>\n<meta name=\"robots\" content=\"index, follow, max-snippet:-1, max-image-preview:large, max-video-preview:-1\" \/>\n<link rel=\"canonical\" href=\"https:\/\/comed.es\/it\/aviso-legal-comed-es\/\" \/>\n<meta property=\"og:locale\" content=\"it_IT\" \/>\n<meta property=\"og:type\" content=\"article\" \/>\n<meta property=\"og:title\" content=\"Aviso legal \u2014 COMED.ES\" \/>\n<meta property=\"og:description\" content=\"Protecci\u00f3n de tus datos Aviso Legal \u2014 COMED.ES En COMED protegemos tus datos personales con responsabilidad, transparencia y conforme a la normativa vigente, garantizando un uso seguro, leg\u00edtimo y exclusivamente educativo e informativo. 1. Datos identificativos En cumplimiento de lo dispuesto en la Ley 34\/2002, de Servicios de la Sociedad de la Informaci\u00f3n y de [&hellip;]\" \/>\n<meta property=\"og:url\" content=\"https:\/\/comed.es\/it\/aviso-legal-comed-es\/\" \/>\n<meta property=\"og:site_name\" content=\"comed.es\" \/>\n<meta property=\"article:modified_time\" content=\"2026-01-26T17:04:47+00:00\" \/>\n<meta property=\"og:image\" content=\"https:\/\/comed.es\/wp-content\/uploads\/2026\/02\/Diseno-sin-titulo-2026-02-14T104136.715.png\" \/>\n\t<meta property=\"og:image:width\" content=\"1200\" \/>\n\t<meta property=\"og:image:height\" content=\"675\" \/>\n\t<meta property=\"og:image:type\" content=\"image\/png\" \/>\n<meta name=\"twitter:card\" content=\"summary_large_image\" \/>\n<meta name=\"twitter:label1\" content=\"Tempo di lettura stimato\" \/>\n\t<meta name=\"twitter:data1\" content=\"3 minuti\" \/>\n<!-- \/ Yoast SEO Premium plugin. -->","yoast_head_json":{"title":"Aviso legal \u2014 COMED.ES - comed.es","robots":{"index":"index","follow":"follow","max-snippet":"max-snippet:-1","max-image-preview":"max-image-preview:large","max-video-preview":"max-video-preview:-1"},"canonical":"https:\/\/comed.es\/it\/aviso-legal-comed-es\/","og_locale":"it_IT","og_type":"article","og_title":"Aviso legal \u2014 COMED.ES","og_description":"Protecci\u00f3n de tus datos Aviso Legal \u2014 COMED.ES En COMED protegemos tus datos personales con responsabilidad, transparencia y conforme a la normativa vigente, garantizando un uso seguro, leg\u00edtimo y exclusivamente educativo e informativo. 1. Datos identificativos En cumplimiento de lo dispuesto en la Ley 34\/2002, de Servicios de la Sociedad de la Informaci\u00f3n y de [&hellip;]","og_url":"https:\/\/comed.es\/it\/aviso-legal-comed-es\/","og_site_name":"comed.es","article_modified_time":"2026-01-26T17:04:47+00:00","og_image":[{"width":1200,"height":675,"url":"https:\/\/comed.es\/wp-content\/uploads\/2026\/02\/Diseno-sin-titulo-2026-02-14T104136.715.png","type":"image\/png"}],"twitter_card":"summary_large_image","twitter_misc":{"Tempo di lettura stimato":"3 minuti"},"schema":{"@context":"https:\/\/schema.org","@graph":[{"@type":"WebPage","@id":"https:\/\/comed.es\/aviso-legal-comed-es\/","url":"https:\/\/comed.es\/aviso-legal-comed-es\/","name":"Aviso legal \u2014 COMED.ES - comed.es","isPartOf":{"@id":"https:\/\/comed.es\/#website"},"datePublished":"2026-01-26T17:00:41+00:00","dateModified":"2026-01-26T17:04:47+00:00","breadcrumb":{"@id":"https:\/\/comed.es\/aviso-legal-comed-es\/#breadcrumb"},"inLanguage":"it-IT","potentialAction":[{"@type":"ReadAction","target":["https:\/\/comed.es\/aviso-legal-comed-es\/"]}]},{"@type":"BreadcrumbList","@id":"https:\/\/comed.es\/aviso-legal-comed-es\/#breadcrumb","itemListElement":[{"@type":"ListItem","position":1,"name":"Portada","item":"https:\/\/comed.es\/"},{"@type":"ListItem","position":2,"name":"Aviso legal \u2014 COMED.ES"}]},{"@type":"WebSite","@id":"https:\/\/comed.es\/#website","url":"https:\/\/comed.es\/","name":"Comed","description":"","publisher":{"@id":"https:\/\/comed.es\/#organization"},"potentialAction":[{"@type":"SearchAction","target":{"@type":"EntryPoint","urlTemplate":"https:\/\/comed.es\/?s={search_term_string}"},"query-input":{"@type":"PropertyValueSpecification","valueRequired":true,"valueName":"search_term_string"}}],"inLanguage":"it-IT"},{"@type":"Organization","@id":"https:\/\/comed.es\/#organization","name":"Comed","url":"https:\/\/comed.es\/","logo":{"@type":"ImageObject","inLanguage":"it-IT","@id":"https:\/\/comed.es\/#\/schema\/logo\/image\/","url":"https:\/\/comed.es\/wp-content\/uploads\/2026\/01\/comed.png","contentUrl":"https:\/\/comed.es\/wp-content\/uploads\/2026\/01\/comed.png","width":336,"height":100,"caption":"Comed"},"image":{"@id":"https:\/\/comed.es\/#\/schema\/logo\/image\/"}}]}},"_hostinger_reach_plugin_has_subscription_block":false,"_hostinger_reach_plugin_is_elementor":false,"_links":{"self":[{"href":"https:\/\/comed.es\/it\/wp-json\/wp\/v2\/pages\/851","targetHints":{"allow":["GET"]}}],"collection":[{"href":"https:\/\/comed.es\/it\/wp-json\/wp\/v2\/pages"}],"about":[{"href":"https:\/\/comed.es\/it\/wp-json\/wp\/v2\/types\/page"}],"author":[{"embeddable":true,"href":"https:\/\/comed.es\/it\/wp-json\/wp\/v2\/users\/1"}],"replies":[{"embeddable":true,"href":"https:\/\/comed.es\/it\/wp-json\/wp\/v2\/comments?post=851"}],"version-history":[{"count":10,"href":"https:\/\/comed.es\/it\/wp-json\/wp\/v2\/pages\/851\/revisions"}],"predecessor-version":[{"id":861,"href":"https:\/\/comed.es\/it\/wp-json\/wp\/v2\/pages\/851\/revisions\/861"}],"wp:attachment":[{"href":"https:\/\/comed.es\/it\/wp-json\/wp\/v2\/media?parent=851"}],"curies":[{"name":"wp","href":"https:\/\/api.w.org\/{rel}","templated":true}]}}