{"id":129,"date":"2026-01-20T23:35:13","date_gmt":"2026-01-20T23:35:13","guid":{"rendered":"https:\/\/comed.es\/?page_id=129"},"modified":"2026-01-26T16:58:20","modified_gmt":"2026-01-26T16:58:20","slug":"politicas-de-privacidad","status":"publish","type":"page","link":"https:\/\/comed.es\/it\/politicas-de-privacidad\/","title":{"rendered":"Pol\u00edticas de privacidad"},"content":{"rendered":"<div data-elementor-type=\"wp-page\" data-elementor-id=\"129\" class=\"elementor elementor-129\" data-elementor-post-type=\"page\">\n\t\t\t\t<div class=\"elementor-element elementor-element-31dc56dd e-flex e-con-boxed e-con e-parent\" data-id=\"31dc56dd\" data-element_type=\"container\" data-settings=\"{&quot;background_background&quot;:&quot;classic&quot;}\">\n\t\t\t\t\t<div class=\"e-con-inner\">\n\t\t<div class=\"elementor-element elementor-element-2947efe8 e-con-full e-flex e-con e-child\" data-id=\"2947efe8\" data-element_type=\"container\">\n\t\t<div class=\"elementor-element elementor-element-24f5276c e-con-full e-flex e-con e-child\" data-id=\"24f5276c\" data-element_type=\"container\">\n\t\t\t\t<div class=\"elementor-element elementor-element-24241377 elementor-invisible elementor-widget elementor-widget-heading\" data-id=\"24241377\" data-element_type=\"widget\" data-settings=\"{&quot;_animation&quot;:&quot;fadeInUp&quot;}\" data-widget_type=\"heading.default\">\n\t\t\t\t\t<h2 class=\"elementor-heading-title elementor-size-default\">Proteggere i tuoi dati<\/h2>\t\t\t\t<\/div>\n\t\t\t\t<div class=\"elementor-element elementor-element-73425a2c elementor-invisible elementor-widget elementor-widget-elementskit-heading\" data-id=\"73425a2c\" data-element_type=\"widget\" data-settings=\"{&quot;_animation&quot;:&quot;fadeInUp&quot;,&quot;_animation_delay&quot;:200}\" data-widget_type=\"elementskit-heading.default\">\n\t\t\t\t\t<div class=\"ekit-wid-con\" ><div class=\"ekit-heading elementskit-section-title-wraper text_left   ekit_heading_tablet-   ekit_heading_mobile-\"><h1 class=\"ekit-heading--title elementskit-section-title\">Politica <span><span>Riservatezza<\/span><\/span><\/h1><\/div><\/div>\t\t\t\t<\/div>\n\t\t\t\t<div class=\"elementor-element elementor-element-44b57c05 elementor-widget elementor-widget-text-editor\" data-id=\"44b57c05\" data-element_type=\"widget\" data-widget_type=\"text-editor.default\">\n\t\t\t\t\t\t\t\t\tNoi di COMED proteggiamo i tuoi dati personali in modo responsabile, trasparente e nel rispetto delle normative vigenti, garantendone un utilizzo sicuro, legittimo ed esclusivamente didattico e informativo.\t\t\t\t\t\t\t\t<\/div>\n\t\t\t\t<\/div>\n\t\t\t\t<\/div>\n\t\t<div class=\"elementor-element elementor-element-292c9e7b e-con-full e-flex e-con e-child\" data-id=\"292c9e7b\" data-element_type=\"container\">\n\t\t\t\t<\/div>\n\t\t\t\t\t<\/div>\n\t\t\t\t<\/div>\n\t\t<div class=\"elementor-element elementor-element-edb4f23 e-flex e-con-boxed e-con e-parent\" data-id=\"edb4f23\" data-element_type=\"container\">\n\t\t\t\t\t<div class=\"e-con-inner\">\n\t\t\t\t<div class=\"elementor-element elementor-element-1f0d9e7 elementor-widget elementor-widget-text-editor\" data-id=\"1f0d9e7\" data-element_type=\"widget\" data-widget_type=\"text-editor.default\">\n\t\t\t\t\t\t\t\t\t<h2><b>1. Titolare del trattamento dei dati<\/b><\/h2><ul><li aria-level=\"2\"><b>Responsabile: MINISTERI APOSTOLICI BN<\/b><\/li><\/ul><ul><li aria-level=\"2\"><b>NIF: R\u00b73500352D<\/b><\/li><\/ul><ul><li aria-level=\"2\"><b>Indirizzo: C\/Diego Vega Sarmiento, 6. Miller Bajo. 35014 Las PalmasGC<\/b><\/li><\/ul><ul><li aria-level=\"2\"><b>Telefono: 928464853<\/b><\/li><\/ul><ul><li aria-level=\"2\"><b>Email di contatto: <\/b><a href=\"mailto:laspalmas@buenasnuevas.es\"><b>laspalmas@buenasnuevas.es<\/b><\/a><\/li><\/ul><ul><li aria-level=\"2\"><b>Dati di registrazione (Ministero della Giustizia): 020014<\/b><\/li><\/ul><ul><li aria-level=\"2\"><b>Rappresentanti: Sig. Sergio Zubillaga Gil <\/b><span style=\"font-weight: 400;\">y <\/span><b>Sheila Luzardo Orihuela<\/b><\/li><\/ul><h2><b>2. Responsabile della protezione dei dati (RPD)<\/b><span style=\"font-weight: 400;\"><br \/><\/span><\/h2><p><span style=\"font-weight: 400;\">Al momento, <\/span><b>MINISTERI APOSTOLICI BN non ha nominato <\/b><span style=\"font-weight: 400;\">Responsabile della protezione dei dati (RPD) per questo sito web.<\/span><\/p><p><span style=\"font-weight: 400;\">Per qualsiasi domanda relativa al trattamento dei dati personali o per esercitare i propri diritti, l&#039;Utente pu\u00f2 contattare il Titolare del trattamento utilizzando le informazioni fornite nella sezione precedente.<\/span><\/p><h2><b>3. Dati personali che elaboriamo<\/b><\/h2><p><span style=\"font-weight: 400;\">A seconda dell&#039;utilizzo del Sito Web, potremmo elaborare le seguenti categorie di dati personali:<\/span><\/p><ul><li style=\"font-weight: 400;\" aria-level=\"2\"><b>Informazioni identificative e di contatto: <\/b><span style=\"font-weight: 400;\">nome, cognome, email, telefono (se fornito).<\/span><\/li><li style=\"font-weight: 400;\" aria-level=\"2\"><b>Dati forniti dall&#039;Utente: <\/b><span style=\"font-weight: 400;\">il contenuto del messaggio, della richiesta o della query effettuata (ad esempio, tramite moduli).<\/span><\/li><li style=\"font-weight: 400;\" aria-level=\"2\"><b>Dati di navigazione: <\/b><span style=\"font-weight: 400;\">Indirizzo IP, dati tecnici del dispositivo\/browser e, ove applicabile, informazioni derivanti dall&#039;utilizzo dei cookie (secondo la configurazione accettata dall&#039;Utente).<\/span><\/li><\/ul><p><span style=\"font-weight: 400;\">Se in ogni caso si rendesse necessario trattare <\/span><b>categorie speciali di dati <\/b><span style=\"font-weight: 400;\">(ad esempio, dati sanitari), verr\u00e0 richiesto il consenso <\/span><b>esplicito <\/b><span style=\"font-weight: 400;\">e saranno applicate misure rafforzate.<\/span><\/p><h2><b>4. Finalit\u00e0 del trattamento<\/b><\/h2><p><span style=\"font-weight: 400;\">I dati personali vengono raccolti e trattati per le seguenti finalit\u00e0:<\/span><\/p><ol><li style=\"font-weight: 400;\" aria-level=\"1\"><b>Per gestire richieste di informazioni, richieste e comunicazioni <\/b><span style=\"font-weight: 400;\">eseguite dall&#039;Utente.<\/span><\/li><li style=\"font-weight: 400;\" aria-level=\"1\"><b>Gestire la relazione <\/b><span style=\"font-weight: 400;\">derivanti dal contatto dell&#039;Utente con il Sito Web (ad esempio, richieste inviate tramite moduli).<\/span><\/li><li style=\"font-weight: 400;\" aria-level=\"1\"><b>Migliorare le prestazioni e l&#039;esperienza <\/b><span style=\"font-weight: 400;\">Navigazione del sito web (analisi\/misurazione ove opportuno e con il relativo consenso).<\/span><\/li><li style=\"font-weight: 400;\" aria-level=\"1\"><b>Rispettare gli obblighi di legge <\/b><span style=\"font-weight: 400;\">applicabile.<\/span><\/li><\/ol><h2><b>5. Base giuridica del trattamento<\/b><\/h2><p><span style=\"font-weight: 400;\">La base giuridica del trattamento sar\u00e0, a seconda dei casi:<\/span><\/p><ul><li style=\"font-weight: 400;\" aria-level=\"2\"><b>Consenso <\/b><span style=\"font-weight: 400;\">dall&#039;Utente (ad esempio, inviando un modulo o accettando determinati cookie).<\/span><\/li><li style=\"font-weight: 400;\" aria-level=\"2\"><b>Conformit\u00e0 agli obblighi di legge<\/b><span style=\"font-weight: 400;\">.<\/span><\/li><li style=\"font-weight: 400;\" aria-level=\"2\"><b>Interesse legittimo <\/b><span style=\"font-weight: 400;\">dal responsabile (ad esempio, sicurezza del sito web o miglioramenti tecnici), ove appropriato e i diritti dell&#039;Utente non prevalgono.<\/span><\/li><\/ul><h2><b>6. Periodo di conservazione<\/b><span style=\"font-weight: 400;\"><br \/><\/span><\/h2><p><span style=\"font-weight: 400;\">I dati saranno conservati:<\/span><\/p><ul><li style=\"font-weight: 400;\" aria-level=\"2\"><span style=\"font-weight: 400;\">Per tutto il tempo necessario a soddisfare la richiesta o a mantenere il rapporto derivante dal contatto.<\/span><\/li><li style=\"font-weight: 400;\" aria-level=\"2\"><span style=\"font-weight: 400;\">Durante i periodi richiesti dagli obblighi di legge applicabili.<\/span><\/li><li style=\"font-weight: 400;\" aria-level=\"2\"><span style=\"font-weight: 400;\">Finch\u00e9 l&#039;Utente non ne richiede la cancellazione, ove applicabile.<\/span><\/li><\/ul><h2><b>7. Destinatari dei dati<\/b><\/h2><p><span style=\"font-weight: 400;\">Generalmente, <\/span><b>Nessun dato verr\u00e0 condiviso con terze parti<\/b><span style=\"font-weight: 400;\">, salvo ove richiesto dalla legge.<\/span><\/p><p><span style=\"font-weight: 400;\">Tuttavia, potranno accedere ai dati personali <\/span><b>fornitori <\/b><span style=\"font-weight: 400;\">che forniscono servizi al titolare del trattamento (ad esempio, web hosting, posta elettronica, manutenzione), agendo come <\/span><b>i responsabili del trattamento<\/b><span style=\"font-weight: 400;\">, con il relativo contratto e le relative garanzie.<\/span><\/p><h2><b>8. Trasferimenti internazionali<\/b><\/h2><p><span style=\"font-weight: 400;\">In genere, verranno utilizzati fornitori situati all&#039;interno dello Spazio Economico Europeo (SEE). In caso di trasferimenti internazionali, verranno applicate le garanzie previste dalla legge (ad esempio, clausole contrattuali standard o altre misure appropriate).<\/span><\/p><h2><b>9. Dati sui minori<\/b><\/h2><p><span style=\"font-weight: 400;\">Solo il <\/span><b>pi\u00f9 di 14 anni <\/b><span style=\"font-weight: 400;\">Possono esprimere il proprio consenso al trattamento dei propri dati personali. Per i minori di 14 anni sar\u00e0 richiesto il consenso dei genitori o del tutore e il trattamento sar\u00e0 lecito solo nella misura in cui lo abbiano autorizzato.<\/span><\/p><h2><b>10. Diritti dell&#039;utente<\/b><\/h2><p><span style=\"font-weight: 400;\">L&#039;Utente potr\u00e0 esercitare i diritti riconosciuti dalla normativa:<\/span><\/p><ul><li aria-level=\"2\"><b>Accesso<\/b><\/li><li aria-level=\"2\"><b>Rettifica<\/b><\/li><\/ul><ul><li aria-level=\"2\"><b>Cancellazione (diritto all&#039;oblio)<\/b><\/li><\/ul><ul><li aria-level=\"2\"><b>Limitazione del trattamento<\/b><\/li><\/ul><ul><li aria-level=\"2\"><b>Portabilit\u00e0<\/b><\/li><\/ul><ul><li aria-level=\"2\"><b>Opposizione<\/b><\/li><\/ul><ul><li style=\"font-weight: 400;\" aria-level=\"2\"><b>Non essere soggetto a decisioni automatizzate<\/b><span style=\"font-weight: 400;\">, compresa la profilazione (ove appropriato)<\/span><\/li><li style=\"font-weight: 400;\" aria-level=\"2\"><b>Ritirare il consenso <\/b><span style=\"font-weight: 400;\">in qualsiasi momento (senza effetto retroattivo)<\/span><\/li><\/ul><h3><b>Come esercitarli<\/b><\/h3><p><span style=\"font-weight: 400;\">L\u2019Utente potr\u00e0 esercitare i propri diritti inviando una comunicazione scritta al Titolare del trattamento con il seguente riferimento:<\/span><span style=\"font-weight: 400;\"><br \/><\/span><\/p><p><b>\u201cRGPD-COMED.ES\u201d<\/b><\/p><p><span style=\"font-weight: 400;\">La domanda deve indicare chiaramente il diritto che si desidera esercitare e, ove necessario, includere informazioni per verificare l&#039;identit\u00e0 del richiedente.<\/span><\/p><ul><li aria-level=\"2\"><b>E-mail: <\/b><a href=\"mailto:laspalmas@buenasnuevas.es\"><b>laspalmas@buenasnuevas.es<\/b><\/a><\/li><li aria-level=\"2\"><b>Indirizzo postale: C\/Diego Vega Sarmiento, 6. Miller Bajo. 35014 Las PalmasGC<\/b><\/li><\/ul><h2><b>11. Misure di sicurezza<\/b><b><\/b><\/h2><p><span style=\"font-weight: 400;\">Il Titolare del trattamento adotta misure tecniche e organizzative adeguate per proteggere i dati personali e prevenirne la perdita, l&#039;uso improprio, l&#039;accesso non autorizzato, la divulgazione o l&#039;alterazione.<\/span><\/p><p><span style=\"font-weight: 400;\">In caso di violazione della sicurezza che rappresenti un rischio elevato per i diritti e le libert\u00e0 delle persone, la stessa verr\u00e0 segnalata in conformit\u00e0 alle normative vigenti.<\/span><\/p><h2><b>12. Collegamenti a siti web di terze parti<\/b><\/h2><p><span style=\"font-weight: 400;\">Il sito Web pu\u00f2 includere collegamenti a siti Web di terze parti diversi da <\/span><b>COMED.ES <\/b><span style=\"font-weight: 400;\">e non gestiti dal Titolare del trattamento. Queste terze parti hanno le proprie politiche di protezione dei dati e sono responsabili dei propri archivi e delle proprie pratiche sulla privacy.<\/span><\/p><h2><b>13. Reclami all&#039;autorit\u00e0 di controllo<\/b><\/h2><p><span style=\"font-weight: 400;\">Se l&#039;Utente ritiene che vi sia un problema o una violazione nel trattamento dei propri dati, pu\u00f2 presentare un reclamo al <\/span><b>Agenzia spagnola per la protezione dei dati (AEPD)<\/b><span style=\"font-weight: 400;\">.<\/span><\/p><h2><b>14. Modifiche all&#039;Informativa sulla privacy<\/b><\/h2><p><span style=\"font-weight: 400;\">Il Titolare del trattamento potr\u00e0 modificare la presente Informativa sulla privacy quando necessario a causa di cambiamenti normativi o di propri criteri. In caso di modifiche significative, l&#039;Utente verr\u00e0 informato con mezzi ragionevoli.<\/span><\/p>\t\t\t\t\t\t\t\t<\/div>\n\t\t\t\t\t<\/div>\n\t\t\t\t<\/div>\n\t\t\t\t<\/div>","protected":false},"excerpt":{"rendered":"<p>Protecci\u00f3n de tus datos Pol\u00edtica de Privacidad En COMED protegemos tus datos personales con responsabilidad, transparencia y conforme a la normativa vigente, garantizando un uso seguro, leg\u00edtimo y exclusivamente educativo e informativo. 1. Responsable del tratamiento Responsable: MINISTERIOS APOST\u00d3LICOS BN NIF: R\u00b73500352D Domicilio: C\/Diego Vega Sarmiento, 6. Miller Bajo. 35014 Las Palmas GC Tel\u00e9fono: 928464853 [&hellip;]<\/p>","protected":false},"author":1,"featured_media":0,"parent":0,"menu_order":0,"comment_status":"closed","ping_status":"closed","template":"elementor_header_footer","meta":{"_joinchat":[],"footnotes":""},"class_list":["post-129","page","type-page","status-publish","hentry"],"yoast_head":"<!-- This site is optimized with the Yoast SEO Premium plugin v26.9 (Yoast SEO v26.9) - https:\/\/yoast.com\/product\/yoast-seo-premium-wordpress\/ -->\n<title>Pol\u00edticas de privacidad - comed.es<\/title>\n<meta name=\"robots\" content=\"index, follow, max-snippet:-1, max-image-preview:large, max-video-preview:-1\" \/>\n<link rel=\"canonical\" href=\"https:\/\/comed.es\/it\/politicas-de-privacidad\/\" \/>\n<meta property=\"og:locale\" content=\"it_IT\" \/>\n<meta property=\"og:type\" content=\"article\" \/>\n<meta property=\"og:title\" content=\"Pol\u00edticas de privacidad\" \/>\n<meta property=\"og:description\" content=\"Protecci\u00f3n de tus datos Pol\u00edtica de Privacidad En COMED protegemos tus datos personales con responsabilidad, transparencia y conforme a la normativa vigente, garantizando un uso seguro, leg\u00edtimo y exclusivamente educativo e informativo. 1. Responsable del tratamiento Responsable: MINISTERIOS APOST\u00d3LICOS BN NIF: R\u00b73500352D Domicilio: C\/Diego Vega Sarmiento, 6. Miller Bajo. 35014 Las Palmas GC Tel\u00e9fono: 928464853 [&hellip;]\" \/>\n<meta property=\"og:url\" content=\"https:\/\/comed.es\/it\/politicas-de-privacidad\/\" \/>\n<meta property=\"og:site_name\" content=\"comed.es\" \/>\n<meta property=\"article:modified_time\" content=\"2026-01-26T16:58:20+00:00\" \/>\n<meta property=\"og:image\" content=\"https:\/\/comed.es\/wp-content\/uploads\/2026\/02\/Diseno-sin-titulo-2026-02-14T104136.715.png\" \/>\n\t<meta property=\"og:image:width\" content=\"1200\" \/>\n\t<meta property=\"og:image:height\" content=\"675\" \/>\n\t<meta property=\"og:image:type\" content=\"image\/png\" \/>\n<meta name=\"twitter:card\" content=\"summary_large_image\" \/>\n<meta name=\"twitter:label1\" content=\"Tempo di lettura stimato\" \/>\n\t<meta name=\"twitter:data1\" content=\"4 minuti\" \/>\n<!-- \/ Yoast SEO Premium plugin. -->","yoast_head_json":{"title":"Pol\u00edticas de privacidad - comed.es","robots":{"index":"index","follow":"follow","max-snippet":"max-snippet:-1","max-image-preview":"max-image-preview:large","max-video-preview":"max-video-preview:-1"},"canonical":"https:\/\/comed.es\/it\/politicas-de-privacidad\/","og_locale":"it_IT","og_type":"article","og_title":"Pol\u00edticas de privacidad","og_description":"Protecci\u00f3n de tus datos Pol\u00edtica de Privacidad En COMED protegemos tus datos personales con responsabilidad, transparencia y conforme a la normativa vigente, garantizando un uso seguro, leg\u00edtimo y exclusivamente educativo e informativo. 1. Responsable del tratamiento Responsable: MINISTERIOS APOST\u00d3LICOS BN NIF: R\u00b73500352D Domicilio: C\/Diego Vega Sarmiento, 6. Miller Bajo. 35014 Las Palmas GC Tel\u00e9fono: 928464853 [&hellip;]","og_url":"https:\/\/comed.es\/it\/politicas-de-privacidad\/","og_site_name":"comed.es","article_modified_time":"2026-01-26T16:58:20+00:00","og_image":[{"width":1200,"height":675,"url":"https:\/\/comed.es\/wp-content\/uploads\/2026\/02\/Diseno-sin-titulo-2026-02-14T104136.715.png","type":"image\/png"}],"twitter_card":"summary_large_image","twitter_misc":{"Tempo di lettura stimato":"4 minuti"},"schema":{"@context":"https:\/\/schema.org","@graph":[{"@type":"WebPage","@id":"https:\/\/comed.es\/politicas-de-privacidad\/","url":"https:\/\/comed.es\/politicas-de-privacidad\/","name":"Pol\u00edticas de privacidad - comed.es","isPartOf":{"@id":"https:\/\/comed.es\/#website"},"datePublished":"2026-01-20T23:35:13+00:00","dateModified":"2026-01-26T16:58:20+00:00","breadcrumb":{"@id":"https:\/\/comed.es\/politicas-de-privacidad\/#breadcrumb"},"inLanguage":"it-IT","potentialAction":[{"@type":"ReadAction","target":["https:\/\/comed.es\/politicas-de-privacidad\/"]}]},{"@type":"BreadcrumbList","@id":"https:\/\/comed.es\/politicas-de-privacidad\/#breadcrumb","itemListElement":[{"@type":"ListItem","position":1,"name":"Portada","item":"https:\/\/comed.es\/"},{"@type":"ListItem","position":2,"name":"Pol\u00edticas de privacidad"}]},{"@type":"WebSite","@id":"https:\/\/comed.es\/#website","url":"https:\/\/comed.es\/","name":"Comed","description":"","publisher":{"@id":"https:\/\/comed.es\/#organization"},"potentialAction":[{"@type":"SearchAction","target":{"@type":"EntryPoint","urlTemplate":"https:\/\/comed.es\/?s={search_term_string}"},"query-input":{"@type":"PropertyValueSpecification","valueRequired":true,"valueName":"search_term_string"}}],"inLanguage":"it-IT"},{"@type":"Organization","@id":"https:\/\/comed.es\/#organization","name":"Comed","url":"https:\/\/comed.es\/","logo":{"@type":"ImageObject","inLanguage":"it-IT","@id":"https:\/\/comed.es\/#\/schema\/logo\/image\/","url":"https:\/\/comed.es\/wp-content\/uploads\/2026\/01\/comed.png","contentUrl":"https:\/\/comed.es\/wp-content\/uploads\/2026\/01\/comed.png","width":336,"height":100,"caption":"Comed"},"image":{"@id":"https:\/\/comed.es\/#\/schema\/logo\/image\/"}}]}},"_hostinger_reach_plugin_has_subscription_block":false,"_hostinger_reach_plugin_is_elementor":false,"_links":{"self":[{"href":"https:\/\/comed.es\/it\/wp-json\/wp\/v2\/pages\/129","targetHints":{"allow":["GET"]}}],"collection":[{"href":"https:\/\/comed.es\/it\/wp-json\/wp\/v2\/pages"}],"about":[{"href":"https:\/\/comed.es\/it\/wp-json\/wp\/v2\/types\/page"}],"author":[{"embeddable":true,"href":"https:\/\/comed.es\/it\/wp-json\/wp\/v2\/users\/1"}],"replies":[{"embeddable":true,"href":"https:\/\/comed.es\/it\/wp-json\/wp\/v2\/comments?post=129"}],"version-history":[{"count":25,"href":"https:\/\/comed.es\/it\/wp-json\/wp\/v2\/pages\/129\/revisions"}],"predecessor-version":[{"id":848,"href":"https:\/\/comed.es\/it\/wp-json\/wp\/v2\/pages\/129\/revisions\/848"}],"wp:attachment":[{"href":"https:\/\/comed.es\/it\/wp-json\/wp\/v2\/media?parent=129"}],"curies":[{"name":"wp","href":"https:\/\/api.w.org\/{rel}","templated":true}]}}