{"id":862,"date":"2026-01-26T17:06:07","date_gmt":"2026-01-26T17:06:07","guid":{"rendered":"https:\/\/comed.es\/?page_id=862"},"modified":"2026-01-26T17:09:15","modified_gmt":"2026-01-26T17:09:15","slug":"politicas-de-cookies-comed-es","status":"publish","type":"page","link":"https:\/\/comed.es\/fr\/politicas-de-cookies-comed-es\/","title":{"rendered":"Pol\u00edticas de Cookies \u2014 COMED.ES"},"content":{"rendered":"<div data-elementor-type=\"wp-page\" data-elementor-id=\"862\" class=\"elementor elementor-862\" data-elementor-post-type=\"page\">\n\t\t\t\t<div class=\"elementor-element elementor-element-31dc56dd e-flex e-con-boxed e-con e-parent\" data-id=\"31dc56dd\" data-element_type=\"container\" data-settings=\"{&quot;background_background&quot;:&quot;classic&quot;}\">\n\t\t\t\t\t<div class=\"e-con-inner\">\n\t\t<div class=\"elementor-element elementor-element-2947efe8 e-con-full e-flex e-con e-child\" data-id=\"2947efe8\" data-element_type=\"container\">\n\t\t<div class=\"elementor-element elementor-element-24f5276c e-con-full e-flex e-con e-child\" data-id=\"24f5276c\" data-element_type=\"container\">\n\t\t\t\t<div class=\"elementor-element elementor-element-24241377 elementor-invisible elementor-widget elementor-widget-heading\" data-id=\"24241377\" data-element_type=\"widget\" data-settings=\"{&quot;_animation&quot;:&quot;fadeInUp&quot;}\" data-widget_type=\"heading.default\">\n\t\t\t\t\t<h2 class=\"elementor-heading-title elementor-size-default\">Prot\u00e9ger vos donn\u00e9es<\/h2>\t\t\t\t<\/div>\n\t\t\t\t<div class=\"elementor-element elementor-element-73425a2c elementor-invisible elementor-widget elementor-widget-elementskit-heading\" data-id=\"73425a2c\" data-element_type=\"widget\" data-settings=\"{&quot;_animation&quot;:&quot;fadeInUp&quot;,&quot;_animation_delay&quot;:200}\" data-widget_type=\"elementskit-heading.default\">\n\t\t\t\t\t<div class=\"ekit-wid-con\" ><div class=\"ekit-heading elementskit-section-title-wraper text_left   ekit_heading_tablet-   ekit_heading_mobile-\"><h1 class=\"ekit-heading--title elementskit-section-title\">Politique relative aux cookies <span><span>\u2014 COMED.ES<\/span><\/span><\/h1><\/div><\/div>\t\t\t\t<\/div>\n\t\t\t\t<div class=\"elementor-element elementor-element-44b57c05 elementor-widget elementor-widget-text-editor\" data-id=\"44b57c05\" data-element_type=\"widget\" data-widget_type=\"text-editor.default\">\n\t\t\t\t\t\t\t\t\tChez COMED, nous prot\u00e9geons vos donn\u00e9es personnelles de mani\u00e8re responsable, transparente et conform\u00e9ment \u00e0 la r\u00e9glementation en vigueur, garantissant une utilisation s\u00fbre, l\u00e9gitime et exclusivement \u00e9ducative et informative.\t\t\t\t\t\t\t\t<\/div>\n\t\t\t\t<\/div>\n\t\t\t\t<\/div>\n\t\t<div class=\"elementor-element elementor-element-292c9e7b e-con-full e-flex e-con e-child\" data-id=\"292c9e7b\" data-element_type=\"container\">\n\t\t\t\t<\/div>\n\t\t\t\t\t<\/div>\n\t\t\t\t<\/div>\n\t\t<div class=\"elementor-element elementor-element-edb4f23 e-flex e-con-boxed e-con e-parent\" data-id=\"edb4f23\" data-element_type=\"container\">\n\t\t\t\t\t<div class=\"e-con-inner\">\n\t\t\t\t<div class=\"elementor-element elementor-element-1f0d9e7 elementor-widget elementor-widget-text-editor\" data-id=\"1f0d9e7\" data-element_type=\"widget\" data-widget_type=\"text-editor.default\">\n\t\t\t\t\t\t\t\t\t<h2><b>1. Que sont les cookies ?<\/b><span style=\"font-weight: 400;\"><br \/><\/span><\/h2><p><span style=\"font-weight: 400;\">Les cookies sont de petits fichiers t\u00e9l\u00e9charg\u00e9s sur l&#039;appareil de l&#039;utilisateur lorsqu&#039;il acc\u00e8de \u00e0 un site web. Ils permettent notamment de stocker et de r\u00e9cup\u00e9rer des informations sur ses habitudes de navigation ou de le reconna\u00eetre afin d&#039;am\u00e9liorer son exp\u00e9rience.<\/span><\/p><h2><b>2. Quels types de cookies COMED.ES peut-il utiliser\u00a0?<\/b><\/h2><p><span style=\"font-weight: 400;\">Dans <\/span><b>COMED.ES <\/b><span style=\"font-weight: 400;\">Les cat\u00e9gories de cookies suivantes peuvent \u00eatre utilis\u00e9es (en fonction de la configuration r\u00e9elle du site Web)\u00a0:<\/span><\/p><h3><b>\u00e0) <\/b><b>cookies techniques ou n\u00e9cessaires<\/b><\/h3><p><span style=\"font-weight: 400;\">Ils permettent la navigation et l&#039;utilisation des fonctions essentielles du site web (par exemple, la s\u00e9curit\u00e9, la gestion de session ou les pr\u00e9f\u00e9rences techniques). Ces cookies sont indispensables au fonctionnement du site web.<\/span><\/p><h3><b>b) Cookies de pr\u00e9f\u00e9rence ou de personnalisation<\/b><\/h3><p><span style=\"font-weight: 400;\">Elles permettent de m\u00e9moriser des informations afin que l&#039;Utilisateur puisse acc\u00e9der au Site Web avec certaines caract\u00e9ristiques (par exemple, la langue).<\/span><\/p><h3><b>c) Cookies analytiques ou de mesure<\/b><\/h3><p><span style=\"font-weight: 400;\">Elles nous permettent de mesurer et d&#039;analyser le comportement des utilisateurs (par exemple, les pages visit\u00e9es, le temps de navigation) afin d&#039;am\u00e9liorer les fonctionnalit\u00e9s du site web et l&#039;exp\u00e9rience utilisateur. Leur utilisation requiert le consentement des utilisateurs lorsque cela est requis.<\/span><\/p><h3><b>d) Cookies tiers (par exemple, r\u00e9seaux sociaux ou contenu int\u00e9gr\u00e9)<\/b><\/h3><p><span style=\"font-weight: 400;\">Si le site Web int\u00e8gre des services ou du contenu tiers (par exemple, des vid\u00e9os, des cartes ou des boutons de partage sur les r\u00e9seaux sociaux), ces tiers peuvent installer des cookies et traiter les informations conform\u00e9ment \u00e0 leurs propres politiques.<\/span><\/p><h2><b>3. Consentement et param\u00e8tres<\/b><\/h2><p><span style=\"font-weight: 400;\">En acc\u00e9dant au site Web, l&#039;Utilisateur verra une notification ou une banni\u00e8re relative aux cookies qui lui permettra de\u00a0:<\/span><\/p><ul><li style=\"font-weight: 400;\" aria-level=\"1\"><b>Accepter <\/b><span style=\"font-weight: 400;\">tous les cookies,<\/span><\/li><li style=\"font-weight: 400;\" aria-level=\"1\"><b>D\u00e9clin <\/b><span style=\"font-weight: 400;\">cookies non essentiels,<\/span><\/li><li style=\"font-weight: 400;\" aria-level=\"1\"><span style=\"font-weight: 400;\">o <\/span><b>Installation <\/b><span style=\"font-weight: 400;\">L&#039;utilisation des cookies par cat\u00e9gories.<\/span><\/li><\/ul><p><span style=\"font-weight: 400;\">L&#039;Utilisateur peut modifier son choix \u00e0 tout moment via le lien ou le bouton de <\/span><b>\u201c Param\u00e8tres des cookies \u201d <\/b><span style=\"font-weight: 400;\">si cette option est activ\u00e9e sur le site Web.<\/span><\/p><h2><b>4. Comment d\u00e9sactiver ou supprimer les cookies<\/b><span style=\"font-weight: 400;\"><br \/><\/span><\/h2><p><span style=\"font-weight: 400;\">Les utilisateurs peuvent autoriser, bloquer ou supprimer les cookies via les param\u00e8tres de leur navigateur (Chrome, Firefox, Safari, Edge, etc.). La proc\u00e9dure varie selon le navigateur.<\/span><\/p><p><b>Note: <\/b><span style=\"font-weight: 400;\">Si l&#039;Utilisateur bloque certains cookies, certaines fonctionnalit\u00e9s du Site Web peuvent ne pas \u00eatre disponibles ou ne pas fonctionner correctement.<\/span><\/p><h2><b>5. Cookies tiers<\/b><\/h2><p><span style=\"font-weight: 400;\">Si des cookies tiers sont utilis\u00e9s, l&#039;Utilisateur doit consulter les politiques de cookies\/de confidentialit\u00e9 de ces tiers, car ils sont responsables de leurs pratiques.<\/span><\/p><h2><b>6. Mises \u00e0 jour de la politique relative aux cookies<\/b><\/h2><p><span style=\"font-weight: 400;\">La pr\u00e9sente politique relative aux cookies peut \u00eatre mise \u00e0 jour en raison de modifications techniques ou r\u00e9glementaires. Nous vous recommandons de la consulter r\u00e9guli\u00e8rement.<\/span><\/p>\t\t\t\t\t\t\t\t<\/div>\n\t\t\t\t\t<\/div>\n\t\t\t\t<\/div>\n\t\t\t\t<\/div>","protected":false},"excerpt":{"rendered":"<p>Protecci\u00f3n de tus datos Pol\u00edticas de Cookies \u2014 COMED.ES En COMED protegemos tus datos personales con responsabilidad, transparencia y conforme a la normativa vigente, garantizando un uso seguro, leg\u00edtimo y exclusivamente educativo e informativo. 1. Qu\u00e9 son las cookies Las cookies son peque\u00f1os archivos que se descargan en el dispositivo del Usuario al acceder a [&hellip;]<\/p>","protected":false},"author":1,"featured_media":0,"parent":0,"menu_order":0,"comment_status":"closed","ping_status":"closed","template":"elementor_header_footer","meta":{"_joinchat":[],"footnotes":""},"class_list":["post-862","page","type-page","status-publish","hentry"],"yoast_head":"<!-- This site is optimized with the Yoast SEO Premium plugin v26.9 (Yoast SEO v26.9) - https:\/\/yoast.com\/product\/yoast-seo-premium-wordpress\/ -->\n<title>Pol\u00edticas de Cookies \u2014 COMED.ES - comed.es<\/title>\n<meta name=\"robots\" content=\"index, follow, max-snippet:-1, max-image-preview:large, max-video-preview:-1\" \/>\n<link rel=\"canonical\" href=\"https:\/\/comed.es\/fr\/politicas-de-cookies-comed-es\/\" \/>\n<meta property=\"og:locale\" content=\"fr_FR\" \/>\n<meta property=\"og:type\" content=\"article\" \/>\n<meta property=\"og:title\" content=\"Pol\u00edticas de Cookies \u2014 COMED.ES\" \/>\n<meta property=\"og:description\" content=\"Protecci\u00f3n de tus datos Pol\u00edticas de Cookies \u2014 COMED.ES En COMED protegemos tus datos personales con responsabilidad, transparencia y conforme a la normativa vigente, garantizando un uso seguro, leg\u00edtimo y exclusivamente educativo e informativo. 1. Qu\u00e9 son las cookies Las cookies son peque\u00f1os archivos que se descargan en el dispositivo del Usuario al acceder a [&hellip;]\" \/>\n<meta property=\"og:url\" content=\"https:\/\/comed.es\/fr\/politicas-de-cookies-comed-es\/\" \/>\n<meta property=\"og:site_name\" content=\"comed.es\" \/>\n<meta property=\"article:modified_time\" content=\"2026-01-26T17:09:15+00:00\" \/>\n<meta property=\"og:image\" content=\"https:\/\/comed.es\/wp-content\/uploads\/2026\/02\/Diseno-sin-titulo-2026-02-14T104136.715.png\" \/>\n\t<meta property=\"og:image:width\" content=\"1200\" \/>\n\t<meta property=\"og:image:height\" content=\"675\" \/>\n\t<meta property=\"og:image:type\" content=\"image\/png\" \/>\n<meta name=\"twitter:card\" content=\"summary_large_image\" \/>\n<meta name=\"twitter:label1\" content=\"Dur\u00e9e de lecture estim\u00e9e\" \/>\n\t<meta name=\"twitter:data1\" content=\"2 minutes\" \/>\n<!-- \/ Yoast SEO Premium plugin. -->","yoast_head_json":{"title":"Pol\u00edticas de Cookies \u2014 COMED.ES - comed.es","robots":{"index":"index","follow":"follow","max-snippet":"max-snippet:-1","max-image-preview":"max-image-preview:large","max-video-preview":"max-video-preview:-1"},"canonical":"https:\/\/comed.es\/fr\/politicas-de-cookies-comed-es\/","og_locale":"fr_FR","og_type":"article","og_title":"Pol\u00edticas de Cookies \u2014 COMED.ES","og_description":"Protecci\u00f3n de tus datos Pol\u00edticas de Cookies \u2014 COMED.ES En COMED protegemos tus datos personales con responsabilidad, transparencia y conforme a la normativa vigente, garantizando un uso seguro, leg\u00edtimo y exclusivamente educativo e informativo. 1. Qu\u00e9 son las cookies Las cookies son peque\u00f1os archivos que se descargan en el dispositivo del Usuario al acceder a [&hellip;]","og_url":"https:\/\/comed.es\/fr\/politicas-de-cookies-comed-es\/","og_site_name":"comed.es","article_modified_time":"2026-01-26T17:09:15+00:00","og_image":[{"width":1200,"height":675,"url":"https:\/\/comed.es\/wp-content\/uploads\/2026\/02\/Diseno-sin-titulo-2026-02-14T104136.715.png","type":"image\/png"}],"twitter_card":"summary_large_image","twitter_misc":{"Dur\u00e9e de lecture estim\u00e9e":"2 minutes"},"schema":{"@context":"https:\/\/schema.org","@graph":[{"@type":"WebPage","@id":"https:\/\/comed.es\/politicas-de-cookies-comed-es\/","url":"https:\/\/comed.es\/politicas-de-cookies-comed-es\/","name":"Pol\u00edticas de Cookies \u2014 COMED.ES - comed.es","isPartOf":{"@id":"https:\/\/comed.es\/#website"},"datePublished":"2026-01-26T17:06:07+00:00","dateModified":"2026-01-26T17:09:15+00:00","breadcrumb":{"@id":"https:\/\/comed.es\/politicas-de-cookies-comed-es\/#breadcrumb"},"inLanguage":"fr-FR","potentialAction":[{"@type":"ReadAction","target":["https:\/\/comed.es\/politicas-de-cookies-comed-es\/"]}]},{"@type":"BreadcrumbList","@id":"https:\/\/comed.es\/politicas-de-cookies-comed-es\/#breadcrumb","itemListElement":[{"@type":"ListItem","position":1,"name":"Portada","item":"https:\/\/comed.es\/"},{"@type":"ListItem","position":2,"name":"Pol\u00edticas de Cookies \u2014 COMED.ES"}]},{"@type":"WebSite","@id":"https:\/\/comed.es\/#website","url":"https:\/\/comed.es\/","name":"Comed","description":"","publisher":{"@id":"https:\/\/comed.es\/#organization"},"potentialAction":[{"@type":"SearchAction","target":{"@type":"EntryPoint","urlTemplate":"https:\/\/comed.es\/?s={search_term_string}"},"query-input":{"@type":"PropertyValueSpecification","valueRequired":true,"valueName":"search_term_string"}}],"inLanguage":"fr-FR"},{"@type":"Organization","@id":"https:\/\/comed.es\/#organization","name":"Comed","url":"https:\/\/comed.es\/","logo":{"@type":"ImageObject","inLanguage":"fr-FR","@id":"https:\/\/comed.es\/#\/schema\/logo\/image\/","url":"https:\/\/comed.es\/wp-content\/uploads\/2026\/01\/comed.png","contentUrl":"https:\/\/comed.es\/wp-content\/uploads\/2026\/01\/comed.png","width":336,"height":100,"caption":"Comed"},"image":{"@id":"https:\/\/comed.es\/#\/schema\/logo\/image\/"}}]}},"_hostinger_reach_plugin_has_subscription_block":false,"_hostinger_reach_plugin_is_elementor":false,"_links":{"self":[{"href":"https:\/\/comed.es\/fr\/wp-json\/wp\/v2\/pages\/862","targetHints":{"allow":["GET"]}}],"collection":[{"href":"https:\/\/comed.es\/fr\/wp-json\/wp\/v2\/pages"}],"about":[{"href":"https:\/\/comed.es\/fr\/wp-json\/wp\/v2\/types\/page"}],"author":[{"embeddable":true,"href":"https:\/\/comed.es\/fr\/wp-json\/wp\/v2\/users\/1"}],"replies":[{"embeddable":true,"href":"https:\/\/comed.es\/fr\/wp-json\/wp\/v2\/comments?post=862"}],"version-history":[{"count":7,"href":"https:\/\/comed.es\/fr\/wp-json\/wp\/v2\/pages\/862\/revisions"}],"predecessor-version":[{"id":869,"href":"https:\/\/comed.es\/fr\/wp-json\/wp\/v2\/pages\/862\/revisions\/869"}],"wp:attachment":[{"href":"https:\/\/comed.es\/fr\/wp-json\/wp\/v2\/media?parent=862"}],"curies":[{"name":"wp","href":"https:\/\/api.w.org\/{rel}","templated":true}]}}