{"id":851,"date":"2026-01-26T17:00:41","date_gmt":"2026-01-26T17:00:41","guid":{"rendered":"https:\/\/comed.es\/?page_id=851"},"modified":"2026-01-26T17:04:47","modified_gmt":"2026-01-26T17:04:47","slug":"aviso-legal-comed-es","status":"publish","type":"page","link":"https:\/\/comed.es\/fr\/aviso-legal-comed-es\/","title":{"rendered":"Aviso legal \u2014 COMED.ES"},"content":{"rendered":"<div data-elementor-type=\"wp-page\" data-elementor-id=\"851\" class=\"elementor elementor-851\" data-elementor-post-type=\"page\">\n\t\t\t\t<div class=\"elementor-element elementor-element-31dc56dd e-flex e-con-boxed e-con e-parent\" data-id=\"31dc56dd\" data-element_type=\"container\" data-settings=\"{&quot;background_background&quot;:&quot;classic&quot;}\">\n\t\t\t\t\t<div class=\"e-con-inner\">\n\t\t<div class=\"elementor-element elementor-element-2947efe8 e-con-full e-flex e-con e-child\" data-id=\"2947efe8\" data-element_type=\"container\">\n\t\t<div class=\"elementor-element elementor-element-24f5276c e-con-full e-flex e-con e-child\" data-id=\"24f5276c\" data-element_type=\"container\">\n\t\t\t\t<div class=\"elementor-element elementor-element-24241377 elementor-invisible elementor-widget elementor-widget-heading\" data-id=\"24241377\" data-element_type=\"widget\" data-settings=\"{&quot;_animation&quot;:&quot;fadeInUp&quot;}\" data-widget_type=\"heading.default\">\n\t\t\t\t\t<h2 class=\"elementor-heading-title elementor-size-default\">Prot\u00e9ger vos donn\u00e9es<\/h2>\t\t\t\t<\/div>\n\t\t\t\t<div class=\"elementor-element elementor-element-73425a2c elementor-invisible elementor-widget elementor-widget-elementskit-heading\" data-id=\"73425a2c\" data-element_type=\"widget\" data-settings=\"{&quot;_animation&quot;:&quot;fadeInUp&quot;,&quot;_animation_delay&quot;:200}\" data-widget_type=\"elementskit-heading.default\">\n\t\t\t\t\t<div class=\"ekit-wid-con\" ><div class=\"ekit-heading elementskit-section-title-wraper text_left   ekit_heading_tablet-   ekit_heading_mobile-\"><h1 class=\"ekit-heading--title elementskit-section-title\">Avis juridique <span><span>\u2014 COMED.ES<\/span><\/span><\/h1><\/div><\/div>\t\t\t\t<\/div>\n\t\t\t\t<div class=\"elementor-element elementor-element-44b57c05 elementor-widget elementor-widget-text-editor\" data-id=\"44b57c05\" data-element_type=\"widget\" data-widget_type=\"text-editor.default\">\n\t\t\t\t\t\t\t\t\tChez COMED, nous prot\u00e9geons vos donn\u00e9es personnelles de mani\u00e8re responsable, transparente et conform\u00e9ment \u00e0 la r\u00e9glementation en vigueur, garantissant une utilisation s\u00fbre, l\u00e9gitime et exclusivement \u00e9ducative et informative.\t\t\t\t\t\t\t\t<\/div>\n\t\t\t\t<\/div>\n\t\t\t\t<\/div>\n\t\t<div class=\"elementor-element elementor-element-292c9e7b e-con-full e-flex e-con e-child\" data-id=\"292c9e7b\" data-element_type=\"container\">\n\t\t\t\t<\/div>\n\t\t\t\t\t<\/div>\n\t\t\t\t<\/div>\n\t\t<div class=\"elementor-element elementor-element-edb4f23 e-flex e-con-boxed e-con e-parent\" data-id=\"edb4f23\" data-element_type=\"container\">\n\t\t\t\t\t<div class=\"e-con-inner\">\n\t\t\t\t<div class=\"elementor-element elementor-element-1f0d9e7 elementor-widget elementor-widget-text-editor\" data-id=\"1f0d9e7\" data-element_type=\"widget\" data-widget_type=\"text-editor.default\">\n\t\t\t\t\t\t\t\t\t<h2><b>1. Identification des donn\u00e9es<\/b><\/h2><p><span style=\"font-weight: 400;\">Conform\u00e9ment aux dispositions de la loi 34\/2002 relative aux services de la soci\u00e9t\u00e9 de l&#039;information et au commerce \u00e9lectronique (LSSI-CE), ce site web vous informe que <\/span><b>COMED.ES <\/b><span style=\"font-weight: 400;\">(ci-apr\u00e8s, le \u201c\u00a0Site Web\u00a0\u201d) appartient \u00e0\u00a0:<\/span><\/p><ul><li aria-level=\"2\"><b>Titre : MINIST\u00c8RES APOSTOLIQUES BN<\/b><\/li><li aria-level=\"2\"><b>NIF : R\u00b73500352D<\/b><\/li><\/ul><ul><li aria-level=\"2\"><b>Adresse : C\/Diego Vega Sarmiento, 6. Miller Bajo. 35014 Las Palmas GC<\/b><\/li><\/ul><ul><li aria-level=\"2\"><b>T\u00e9l\u00e9phone : 928464853<\/b><\/li><\/ul><ul><li aria-level=\"2\"><b>E-mail: <\/b><a href=\"mailto:laspalmas@buenasnuevas.es\"><b>laspalmas@buenasnuevas.es<\/b><\/a><\/li><\/ul><ul><li aria-level=\"2\"><b>Donn\u00e9es d&#039;enregistrement (Minist\u00e8re de la Justice) : 020014<\/b><\/li><\/ul><ul><li aria-level=\"2\"><b>Repr\u00e9sentants : M. Sergio Zubillaga Gil <\/b><span style=\"font-weight: 400;\">y <\/span><b>Sheila Luzardo Orihuela<\/b><\/li><\/ul><h2><b>2. Objet<\/b><\/h2><p><span style=\"font-weight: 400;\">Les pr\u00e9sentes mentions l\u00e9gales r\u00e9gissent l\u2019acc\u00e8s, la navigation et l\u2019utilisation du site web, ainsi que les responsabilit\u00e9s d\u00e9coulant de l\u2019utilisation de son contenu (textes, images, design, code, logiciels, etc.).<\/span><\/p><p>\u00a0<\/p><h2><b>3. Statut et acceptation de l&#039;utilisateur<\/b><\/h2><p><span style=\"font-weight: 400;\">L&#039;acc\u00e8s au site Web et\/ou son utilisation conf\u00e8rent le statut de <\/span><b>Utilisateur<\/b><span style=\"font-weight: 400;\">, et implique l&#039;acceptation pleine et enti\u00e8re du pr\u00e9sent avis juridique, ainsi que des <\/span><b>politique de confidentialit\u00e9 <\/b><span style=\"font-weight: 400;\">et le <\/span><b>Politique relative aux cookies<\/b><span style=\"font-weight: 400;\">.<\/span><\/p><h2><b>3. Utilisation du site web<\/b><\/h2><p><span style=\"font-weight: 400;\">L\u2019Utilisateur s\u2019engage \u00e0 utiliser le Site Web de mani\u00e8re licite, diligente et correcte et, en particulier, s\u2019abstiendra de\u00a0:<\/span><\/p><ul><li style=\"font-weight: 400;\" aria-level=\"2\"><span style=\"font-weight: 400;\">Utiliser le site Web \u00e0 des fins illicites ou \u00e0 des fins contraires \u00e0 la bonne foi ou \u00e0 l&#039;ordre public.<\/span><\/li><li style=\"font-weight: 400;\" aria-level=\"2\"><span style=\"font-weight: 400;\">Endommager les syst\u00e8mes du propri\u00e9taire ou de tiers, ou introduire\/propager des virus ou tout autre syst\u00e8me physique ou logique susceptible de causer des dommages.<\/span><\/li><\/ul><h2><b>4. Propri\u00e9t\u00e9 intellectuelle et industrielle<\/b><\/h2><p><span style=\"font-weight: 400;\">Sauf mention contraire expresse, tout le contenu du site Web (y compris, mais sans s&#039;y limiter, les textes, photographies, images, graphismes, codes sources, logos, marques de commerce, etc.) est prot\u00e9g\u00e9 par des droits de propri\u00e9t\u00e9 intellectuelle et industrielle et appartient \u00e0 son propri\u00e9taire ou \u00e0 celui-ci qui d\u00e9tient les droits suffisants pour son utilisation.<\/span><\/p><p><span style=\"font-weight: 400;\">Toute reproduction, distribution, communication publique ou transformation, int\u00e9grale ou partielle, du contenu est interdite sans autorisation \u00e9crite pr\u00e9alable du propri\u00e9taire.<\/span><span style=\"font-weight: 400;\"><br \/><\/span><\/p><h2><b>5. Liens vers des tiers<\/b><\/h2><p><span style=\"font-weight: 400;\">Le site Web peut contenir des liens vers des sites Web tiers. Le propri\u00e9taire n&#039;est pas responsable du contenu, des politiques, des pratiques ou du fonctionnement de ces sites, ni des r\u00e9sultats obtenus suite \u00e0 leur consultation.<\/span><\/p><h2><b>6. Responsabilit\u00e9<\/b><\/h2><p><span style=\"font-weight: 400;\">Le propri\u00e9taire ne garantit pas la disponibilit\u00e9 permanente du site web ni l\u2019absence d\u2019erreurs, d\u2019interruptions ou d\u2019\u00e9l\u00e9ments nuisibles, bien qu\u2019il prenne des mesures raisonnables pour en assurer le bon fonctionnement.<\/span><\/p><p><span style=\"font-weight: 400;\">Le propri\u00e9taire n&#039;est pas responsable de l&#039;utilisation que l&#039;utilisateur fait du site Web ni des dommages pouvant r\u00e9sulter de cette utilisation, sauf disposition contraire de la r\u00e9glementation applicable.<\/span><\/p><h2><b>7. Protection des donn\u00e9es et cookies<\/b><\/h2><p><span style=\"font-weight: 400;\">Le traitement des donn\u00e9es personnelles est r\u00e9gi par la <\/span><b>politique de confidentialit\u00e9 <\/b><span style=\"font-weight: 400;\">du site Web. L&#039;utilisation des cookies est r\u00e9gie par la politique de confidentialit\u00e9. <\/span><b>Politique relative aux cookies<\/b><span style=\"font-weight: 400;\">.<\/span><\/p><h2><b>8. Droit applicable et juridiction comp\u00e9tente<\/b><\/h2><p><span style=\"font-weight: 400;\">Les pr\u00e9sentes mentions l\u00e9gales sont r\u00e9gies par le droit espagnol. En cas de litige, les parties se soumettent aux juridictions comp\u00e9tentes conform\u00e9ment \u00e0 la loi et, le cas \u00e9ch\u00e9ant, \u00e0 celles du domicile du consommateur\/utilisateur.<\/span><\/p>\t\t\t\t\t\t\t\t<\/div>\n\t\t\t\t\t<\/div>\n\t\t\t\t<\/div>\n\t\t\t\t<\/div>","protected":false},"excerpt":{"rendered":"<p>Protecci\u00f3n de tus datos Aviso Legal \u2014 COMED.ES En COMED protegemos tus datos personales con responsabilidad, transparencia y conforme a la normativa vigente, garantizando un uso seguro, leg\u00edtimo y exclusivamente educativo e informativo. 1. Datos identificativos En cumplimiento de lo dispuesto en la Ley 34\/2002, de Servicios de la Sociedad de la Informaci\u00f3n y de [&hellip;]<\/p>","protected":false},"author":1,"featured_media":0,"parent":0,"menu_order":0,"comment_status":"closed","ping_status":"closed","template":"elementor_header_footer","meta":{"_joinchat":[],"footnotes":""},"class_list":["post-851","page","type-page","status-publish","hentry"],"yoast_head":"<!-- This site is optimized with the Yoast SEO Premium plugin v26.9 (Yoast SEO v26.9) - https:\/\/yoast.com\/product\/yoast-seo-premium-wordpress\/ -->\n<title>Aviso legal \u2014 COMED.ES - comed.es<\/title>\n<meta name=\"robots\" content=\"index, follow, max-snippet:-1, max-image-preview:large, max-video-preview:-1\" \/>\n<link rel=\"canonical\" href=\"https:\/\/comed.es\/fr\/aviso-legal-comed-es\/\" \/>\n<meta property=\"og:locale\" content=\"fr_FR\" \/>\n<meta property=\"og:type\" content=\"article\" \/>\n<meta property=\"og:title\" content=\"Aviso legal \u2014 COMED.ES\" \/>\n<meta property=\"og:description\" content=\"Protecci\u00f3n de tus datos Aviso Legal \u2014 COMED.ES En COMED protegemos tus datos personales con responsabilidad, transparencia y conforme a la normativa vigente, garantizando un uso seguro, leg\u00edtimo y exclusivamente educativo e informativo. 1. Datos identificativos En cumplimiento de lo dispuesto en la Ley 34\/2002, de Servicios de la Sociedad de la Informaci\u00f3n y de [&hellip;]\" \/>\n<meta property=\"og:url\" content=\"https:\/\/comed.es\/fr\/aviso-legal-comed-es\/\" \/>\n<meta property=\"og:site_name\" content=\"comed.es\" \/>\n<meta property=\"article:modified_time\" content=\"2026-01-26T17:04:47+00:00\" \/>\n<meta property=\"og:image\" content=\"https:\/\/comed.es\/wp-content\/uploads\/2026\/02\/Diseno-sin-titulo-2026-02-14T104136.715.png\" \/>\n\t<meta property=\"og:image:width\" content=\"1200\" \/>\n\t<meta property=\"og:image:height\" content=\"675\" \/>\n\t<meta property=\"og:image:type\" content=\"image\/png\" \/>\n<meta name=\"twitter:card\" content=\"summary_large_image\" \/>\n<meta name=\"twitter:label1\" content=\"Dur\u00e9e de lecture estim\u00e9e\" \/>\n\t<meta name=\"twitter:data1\" content=\"3 minutes\" \/>\n<!-- \/ Yoast SEO Premium plugin. -->","yoast_head_json":{"title":"Aviso legal \u2014 COMED.ES - comed.es","robots":{"index":"index","follow":"follow","max-snippet":"max-snippet:-1","max-image-preview":"max-image-preview:large","max-video-preview":"max-video-preview:-1"},"canonical":"https:\/\/comed.es\/fr\/aviso-legal-comed-es\/","og_locale":"fr_FR","og_type":"article","og_title":"Aviso legal \u2014 COMED.ES","og_description":"Protecci\u00f3n de tus datos Aviso Legal \u2014 COMED.ES En COMED protegemos tus datos personales con responsabilidad, transparencia y conforme a la normativa vigente, garantizando un uso seguro, leg\u00edtimo y exclusivamente educativo e informativo. 1. Datos identificativos En cumplimiento de lo dispuesto en la Ley 34\/2002, de Servicios de la Sociedad de la Informaci\u00f3n y de [&hellip;]","og_url":"https:\/\/comed.es\/fr\/aviso-legal-comed-es\/","og_site_name":"comed.es","article_modified_time":"2026-01-26T17:04:47+00:00","og_image":[{"width":1200,"height":675,"url":"https:\/\/comed.es\/wp-content\/uploads\/2026\/02\/Diseno-sin-titulo-2026-02-14T104136.715.png","type":"image\/png"}],"twitter_card":"summary_large_image","twitter_misc":{"Dur\u00e9e de lecture estim\u00e9e":"3 minutes"},"schema":{"@context":"https:\/\/schema.org","@graph":[{"@type":"WebPage","@id":"https:\/\/comed.es\/aviso-legal-comed-es\/","url":"https:\/\/comed.es\/aviso-legal-comed-es\/","name":"Aviso legal \u2014 COMED.ES - comed.es","isPartOf":{"@id":"https:\/\/comed.es\/#website"},"datePublished":"2026-01-26T17:00:41+00:00","dateModified":"2026-01-26T17:04:47+00:00","breadcrumb":{"@id":"https:\/\/comed.es\/aviso-legal-comed-es\/#breadcrumb"},"inLanguage":"fr-FR","potentialAction":[{"@type":"ReadAction","target":["https:\/\/comed.es\/aviso-legal-comed-es\/"]}]},{"@type":"BreadcrumbList","@id":"https:\/\/comed.es\/aviso-legal-comed-es\/#breadcrumb","itemListElement":[{"@type":"ListItem","position":1,"name":"Portada","item":"https:\/\/comed.es\/"},{"@type":"ListItem","position":2,"name":"Aviso legal \u2014 COMED.ES"}]},{"@type":"WebSite","@id":"https:\/\/comed.es\/#website","url":"https:\/\/comed.es\/","name":"Comed","description":"","publisher":{"@id":"https:\/\/comed.es\/#organization"},"potentialAction":[{"@type":"SearchAction","target":{"@type":"EntryPoint","urlTemplate":"https:\/\/comed.es\/?s={search_term_string}"},"query-input":{"@type":"PropertyValueSpecification","valueRequired":true,"valueName":"search_term_string"}}],"inLanguage":"fr-FR"},{"@type":"Organization","@id":"https:\/\/comed.es\/#organization","name":"Comed","url":"https:\/\/comed.es\/","logo":{"@type":"ImageObject","inLanguage":"fr-FR","@id":"https:\/\/comed.es\/#\/schema\/logo\/image\/","url":"https:\/\/comed.es\/wp-content\/uploads\/2026\/01\/comed.png","contentUrl":"https:\/\/comed.es\/wp-content\/uploads\/2026\/01\/comed.png","width":336,"height":100,"caption":"Comed"},"image":{"@id":"https:\/\/comed.es\/#\/schema\/logo\/image\/"}}]}},"_hostinger_reach_plugin_has_subscription_block":false,"_hostinger_reach_plugin_is_elementor":false,"_links":{"self":[{"href":"https:\/\/comed.es\/fr\/wp-json\/wp\/v2\/pages\/851","targetHints":{"allow":["GET"]}}],"collection":[{"href":"https:\/\/comed.es\/fr\/wp-json\/wp\/v2\/pages"}],"about":[{"href":"https:\/\/comed.es\/fr\/wp-json\/wp\/v2\/types\/page"}],"author":[{"embeddable":true,"href":"https:\/\/comed.es\/fr\/wp-json\/wp\/v2\/users\/1"}],"replies":[{"embeddable":true,"href":"https:\/\/comed.es\/fr\/wp-json\/wp\/v2\/comments?post=851"}],"version-history":[{"count":10,"href":"https:\/\/comed.es\/fr\/wp-json\/wp\/v2\/pages\/851\/revisions"}],"predecessor-version":[{"id":861,"href":"https:\/\/comed.es\/fr\/wp-json\/wp\/v2\/pages\/851\/revisions\/861"}],"wp:attachment":[{"href":"https:\/\/comed.es\/fr\/wp-json\/wp\/v2\/media?parent=851"}],"curies":[{"name":"wp","href":"https:\/\/api.w.org\/{rel}","templated":true}]}}