{"id":129,"date":"2026-01-20T23:35:13","date_gmt":"2026-01-20T23:35:13","guid":{"rendered":"https:\/\/comed.es\/?page_id=129"},"modified":"2026-01-26T16:58:20","modified_gmt":"2026-01-26T16:58:20","slug":"politicas-de-privacidad","status":"publish","type":"page","link":"https:\/\/comed.es\/fr\/politicas-de-privacidad\/","title":{"rendered":"Pol\u00edticas de privacidad"},"content":{"rendered":"<div data-elementor-type=\"wp-page\" data-elementor-id=\"129\" class=\"elementor elementor-129\" data-elementor-post-type=\"page\">\n\t\t\t\t<div class=\"elementor-element elementor-element-31dc56dd e-flex e-con-boxed e-con e-parent\" data-id=\"31dc56dd\" data-element_type=\"container\" data-settings=\"{&quot;background_background&quot;:&quot;classic&quot;}\">\n\t\t\t\t\t<div class=\"e-con-inner\">\n\t\t<div class=\"elementor-element elementor-element-2947efe8 e-con-full e-flex e-con e-child\" data-id=\"2947efe8\" data-element_type=\"container\">\n\t\t<div class=\"elementor-element elementor-element-24f5276c e-con-full e-flex e-con e-child\" data-id=\"24f5276c\" data-element_type=\"container\">\n\t\t\t\t<div class=\"elementor-element elementor-element-24241377 elementor-invisible elementor-widget elementor-widget-heading\" data-id=\"24241377\" data-element_type=\"widget\" data-settings=\"{&quot;_animation&quot;:&quot;fadeInUp&quot;}\" data-widget_type=\"heading.default\">\n\t\t\t\t\t<h2 class=\"elementor-heading-title elementor-size-default\">Prot\u00e9ger vos donn\u00e9es<\/h2>\t\t\t\t<\/div>\n\t\t\t\t<div class=\"elementor-element elementor-element-73425a2c elementor-invisible elementor-widget elementor-widget-elementskit-heading\" data-id=\"73425a2c\" data-element_type=\"widget\" data-settings=\"{&quot;_animation&quot;:&quot;fadeInUp&quot;,&quot;_animation_delay&quot;:200}\" data-widget_type=\"elementskit-heading.default\">\n\t\t\t\t\t<div class=\"ekit-wid-con\" ><div class=\"ekit-heading elementskit-section-title-wraper text_left   ekit_heading_tablet-   ekit_heading_mobile-\"><h1 class=\"ekit-heading--title elementskit-section-title\">Politique <span><span>Confidentialit\u00e9<\/span><\/span><\/h1><\/div><\/div>\t\t\t\t<\/div>\n\t\t\t\t<div class=\"elementor-element elementor-element-44b57c05 elementor-widget elementor-widget-text-editor\" data-id=\"44b57c05\" data-element_type=\"widget\" data-widget_type=\"text-editor.default\">\n\t\t\t\t\t\t\t\t\tChez COMED, nous prot\u00e9geons vos donn\u00e9es personnelles de mani\u00e8re responsable, transparente et conform\u00e9ment \u00e0 la r\u00e9glementation en vigueur, garantissant une utilisation s\u00fbre, l\u00e9gitime et exclusivement \u00e9ducative et informative.\t\t\t\t\t\t\t\t<\/div>\n\t\t\t\t<\/div>\n\t\t\t\t<\/div>\n\t\t<div class=\"elementor-element elementor-element-292c9e7b e-con-full e-flex e-con e-child\" data-id=\"292c9e7b\" data-element_type=\"container\">\n\t\t\t\t<\/div>\n\t\t\t\t\t<\/div>\n\t\t\t\t<\/div>\n\t\t<div class=\"elementor-element elementor-element-edb4f23 e-flex e-con-boxed e-con e-parent\" data-id=\"edb4f23\" data-element_type=\"container\">\n\t\t\t\t\t<div class=\"e-con-inner\">\n\t\t\t\t<div class=\"elementor-element elementor-element-1f0d9e7 elementor-widget elementor-widget-text-editor\" data-id=\"1f0d9e7\" data-element_type=\"widget\" data-widget_type=\"text-editor.default\">\n\t\t\t\t\t\t\t\t\t<h2><b>1. Responsable du traitement des donn\u00e9es<\/b><\/h2><ul><li aria-level=\"2\"><b>Responsable : MINIST\u00c8RES APOSTOLIQUES BN<\/b><\/li><\/ul><ul><li aria-level=\"2\"><b>NIF : R\u00b73500352D<\/b><\/li><\/ul><ul><li aria-level=\"2\"><b>Adresse : C\/Diego Vega Sarmiento, 6. Miller Bajo. 35014 Las Palmas GC<\/b><\/li><\/ul><ul><li aria-level=\"2\"><b>T\u00e9l\u00e9phone : 928464853<\/b><\/li><\/ul><ul><li aria-level=\"2\"><b>Adresse \u00e9lectronique de contact\u00a0: <\/b><a href=\"mailto:laspalmas@buenasnuevas.es\"><b>laspalmas@buenasnuevas.es<\/b><\/a><\/li><\/ul><ul><li aria-level=\"2\"><b>Donn\u00e9es d&#039;enregistrement (Minist\u00e8re de la Justice) : 020014<\/b><\/li><\/ul><ul><li aria-level=\"2\"><b>Repr\u00e9sentants : M. Sergio Zubillaga Gil <\/b><span style=\"font-weight: 400;\">y <\/span><b>Sheila Luzardo Orihuela<\/b><\/li><\/ul><h2><b>2. D\u00e9l\u00e9gu\u00e9 \u00e0 la protection des donn\u00e9es (DPO)<\/b><span style=\"font-weight: 400;\"><br \/><\/span><\/h2><p><span style=\"font-weight: 400;\">\u00c0 l&#039;heure actuelle, <\/span><b>Le BN des Minist\u00e8res Apostolices n&#039;a pas nomm\u00e9 <\/b><span style=\"font-weight: 400;\">D\u00e9l\u00e9gu\u00e9 \u00e0 la protection des donn\u00e9es (DPO) pour ce site web.<\/span><\/p><p><span style=\"font-weight: 400;\">Pour toute question relative au traitement des donn\u00e9es personnelles ou pour exercer vos droits, l&#039;Utilisateur peut contacter le Responsable du traitement des donn\u00e9es en utilisant les informations fournies dans la section pr\u00e9c\u00e9dente.<\/span><\/p><h2><b>3. Donn\u00e9es personnelles que nous traitons<\/b><\/h2><p><span style=\"font-weight: 400;\">En fonction de votre utilisation du site Web, nous pouvons traiter les cat\u00e9gories de donn\u00e9es personnelles suivantes\u00a0:<\/span><\/p><ul><li style=\"font-weight: 400;\" aria-level=\"2\"><b>Informations d&#039;identification et de contact\u00a0: <\/b><span style=\"font-weight: 400;\">nom, pr\u00e9nom, adresse \u00e9lectronique, num\u00e9ro de t\u00e9l\u00e9phone (le cas \u00e9ch\u00e9ant).<\/span><\/li><li style=\"font-weight: 400;\" aria-level=\"2\"><b>Donn\u00e9es fournies par l&#039;utilisateur\u00a0: <\/b><span style=\"font-weight: 400;\">le contenu du message, de la demande ou de la requ\u00eate effectu\u00e9e (par exemple, via des formulaires).<\/span><\/li><li style=\"font-weight: 400;\" aria-level=\"2\"><b>Donn\u00e9es de navigation\u00a0: <\/b><span style=\"font-weight: 400;\">Adresse IP, donn\u00e9es techniques de l\u2019appareil\/navigateur et, le cas \u00e9ch\u00e9ant, informations issues de l\u2019utilisation des cookies (selon la configuration accept\u00e9e par l\u2019Utilisateur).<\/span><\/li><\/ul><p><span style=\"font-weight: 400;\">Si, dans tous les cas, il devient n\u00e9cessaire de traiter <\/span><b>cat\u00e9gories sp\u00e9ciales de donn\u00e9es <\/b><span style=\"font-weight: 400;\">(par exemple, des donn\u00e9es de sant\u00e9), le consentement sera demand\u00e9. <\/span><b>explicite <\/b><span style=\"font-weight: 400;\">et des mesures renforc\u00e9es seront appliqu\u00e9es.<\/span><\/p><h2><b>4. Finalit\u00e9s du traitement<\/b><\/h2><p><span style=\"font-weight: 400;\">Les donn\u00e9es personnelles sont collect\u00e9es et trait\u00e9es aux fins suivantes\u00a0:<\/span><\/p><ol><li style=\"font-weight: 400;\" aria-level=\"1\"><b>Pour traiter les demandes d&#039;information, les requ\u00eates et les communications <\/b><span style=\"font-weight: 400;\">effectu\u00e9 par l&#039;utilisateur.<\/span><\/li><li style=\"font-weight: 400;\" aria-level=\"1\"><b>G\u00e9rer la relation <\/b><span style=\"font-weight: 400;\">d\u00e9riv\u00e9es du contact de l&#039;Utilisateur avec le Site Web (par exemple, les demandes envoy\u00e9es via des formulaires).<\/span><\/li><li style=\"font-weight: 400;\" aria-level=\"1\"><b>Am\u00e9liorer les performances et l&#039;exp\u00e9rience <\/b><span style=\"font-weight: 400;\">Navigation sur le site Web (analyse\/mesure le cas \u00e9ch\u00e9ant et avec le consentement correspondant).<\/span><\/li><li style=\"font-weight: 400;\" aria-level=\"1\"><b>Respectez vos obligations l\u00e9gales. <\/b><span style=\"font-weight: 400;\">en vigueur.<\/span><\/li><\/ol><h2><b>5. Base juridique du traitement<\/b><\/h2><p><span style=\"font-weight: 400;\">La base juridique du traitement sera, selon le cas\u00a0:<\/span><\/p><ul><li style=\"font-weight: 400;\" aria-level=\"2\"><b>Consentement <\/b><span style=\"font-weight: 400;\">de l&#039;Utilisateur (par exemple, en soumettant un formulaire ou en acceptant certains cookies).<\/span><\/li><li style=\"font-weight: 400;\" aria-level=\"2\"><b>Respect des obligations l\u00e9gales<\/b><span style=\"font-weight: 400;\">.<\/span><\/li><li style=\"font-weight: 400;\" aria-level=\"2\"><b>Int\u00e9r\u00eat l\u00e9gitime <\/b><span style=\"font-weight: 400;\">par la partie responsable (par exemple, la s\u00e9curit\u00e9 du site web ou les am\u00e9liorations techniques), le cas \u00e9ch\u00e9ant et les droits de l&#039;utilisateur ne pr\u00e9valent pas.<\/span><\/li><\/ul><h2><b>6. Dur\u00e9e de stockage<\/b><span style=\"font-weight: 400;\"><br \/><\/span><\/h2><p><span style=\"font-weight: 400;\">Les donn\u00e9es seront conserv\u00e9es\u00a0:<\/span><\/p><ul><li style=\"font-weight: 400;\" aria-level=\"2\"><span style=\"font-weight: 400;\">Aussi longtemps que n\u00e9cessaire pour r\u00e9pondre \u00e0 la demande ou maintenir la relation r\u00e9sultant du contact.<\/span><\/li><li style=\"font-weight: 400;\" aria-level=\"2\"><span style=\"font-weight: 400;\">Pendant les p\u00e9riodes requises par les obligations l\u00e9gales applicables.<\/span><\/li><li style=\"font-weight: 400;\" aria-level=\"2\"><span style=\"font-weight: 400;\">Jusqu&#039;\u00e0 ce que l&#039;Utilisateur demande sa suppression, le cas \u00e9ch\u00e9ant.<\/span><\/li><\/ul><h2><b>7. Destinataires des donn\u00e9es<\/b><\/h2><p><span style=\"font-weight: 400;\">En g\u00e9n\u00e9ral, <\/span><b>Aucune donn\u00e9e ne sera partag\u00e9e avec des tiers.<\/b><span style=\"font-weight: 400;\">, sauf lorsque la loi l&#039;exige.<\/span><\/p><p><span style=\"font-weight: 400;\">Toutefois, ils pourront acc\u00e9der aux donn\u00e9es personnelles <\/span><b>fournisseurs <\/b><span style=\"font-weight: 400;\">qui fournissent des services au responsable du traitement des donn\u00e9es (par exemple, h\u00e9bergement web, messagerie \u00e9lectronique, maintenance), agissant en tant que <\/span><b>ceux qui sont responsables du traitement<\/b><span style=\"font-weight: 400;\">, avec le contrat et les garanties correspondants.<\/span><\/p><h2><b>8. Transferts internationaux<\/b><\/h2><p><span style=\"font-weight: 400;\">En r\u00e8gle g\u00e9n\u00e9rale, les fournisseurs seront situ\u00e9s dans l&#039;Espace \u00e9conomique europ\u00e9en (EEE). En cas de transferts internationaux, les garanties l\u00e9gales obligatoires seront appliqu\u00e9es (par exemple, les clauses contractuelles types ou d&#039;autres mesures appropri\u00e9es).<\/span><\/p><h2><b>9. Donn\u00e9es sur les mineurs<\/b><\/h2><p><span style=\"font-weight: 400;\">Seuls les <\/span><b>plus de 14 ans <\/b><span style=\"font-weight: 400;\">Ils peuvent donner leur consentement au traitement de leurs donn\u00e9es personnelles. Pour les enfants de moins de 14 ans, le consentement des parents ou du tuteur sera requis, et le traitement ne sera licite que dans la mesure o\u00f9 ils l&#039;auront autoris\u00e9.<\/span><\/p><h2><b>10. Droits de l&#039;utilisateur<\/b><\/h2><p><span style=\"font-weight: 400;\">L\u2019Utilisateur peut exercer les droits reconnus par la r\u00e9glementation\u00a0:<\/span><\/p><ul><li aria-level=\"2\"><b>Acc\u00e9der<\/b><\/li><li aria-level=\"2\"><b>Rectification<\/b><\/li><\/ul><ul><li aria-level=\"2\"><b>Effacement (droit \u00e0 l&#039;oubli)<\/b><\/li><\/ul><ul><li aria-level=\"2\"><b>Limitation du traitement<\/b><\/li><\/ul><ul><li aria-level=\"2\"><b>Portabilit\u00e9<\/b><\/li><\/ul><ul><li aria-level=\"2\"><b>Opposition<\/b><\/li><\/ul><ul><li style=\"font-weight: 400;\" aria-level=\"2\"><b>Ne pas \u00eatre soumis \u00e0 des d\u00e9cisions automatis\u00e9es<\/b><span style=\"font-weight: 400;\">, y compris le profilage (le cas \u00e9ch\u00e9ant)<\/span><\/li><li style=\"font-weight: 400;\" aria-level=\"2\"><b>Retirer mon consentement <\/b><span style=\"font-weight: 400;\">\u00e0 tout moment (sans effet r\u00e9troactif)<\/span><\/li><\/ul><h3><b>Comment les exercer<\/b><\/h3><p><span style=\"font-weight: 400;\">L\u2019Utilisateur peut exercer ses droits en adressant une communication \u00e9crite au Responsable du traitement des donn\u00e9es avec la r\u00e9f\u00e9rence\u00a0:<\/span><span style=\"font-weight: 400;\"><br \/><\/span><\/p><p><b>\u201cRGPD-COMED.ES\u201d<\/b><\/p><p><span style=\"font-weight: 400;\">La demande doit clairement indiquer le droit que vous souhaitez exercer et, le cas \u00e9ch\u00e9ant, inclure des informations permettant de v\u00e9rifier l&#039;identit\u00e9 du demandeur.<\/span><\/p><ul><li aria-level=\"2\"><b>E-mail: <\/b><a href=\"mailto:laspalmas@buenasnuevas.es\"><b>laspalmas@buenasnuevas.es<\/b><\/a><\/li><li aria-level=\"2\"><b>Adresse postale : C\/Diego Vega Sarmiento, 6. Miller Bajo. 35014 Las Palmas GC<\/b><\/li><\/ul><h2><b>11. Mesures de s\u00e9curit\u00e9<\/b><b><\/b><\/h2><p><span style=\"font-weight: 400;\">Le responsable du traitement des donn\u00e9es met en \u0153uvre des mesures techniques et organisationnelles appropri\u00e9es pour prot\u00e9ger les donn\u00e9es personnelles et pr\u00e9venir leur perte, leur utilisation abusive, leur acc\u00e8s non autoris\u00e9, leur divulgation ou leur alt\u00e9ration.<\/span><\/p><p><span style=\"font-weight: 400;\">En cas d&#039;atteinte \u00e0 la s\u00e9curit\u00e9 pr\u00e9sentant un risque \u00e9lev\u00e9 pour les droits et libert\u00e9s des individus, celle-ci sera signal\u00e9e conform\u00e9ment \u00e0 la r\u00e9glementation applicable.<\/span><\/p><h2><b>12. Liens vers des sites web tiers<\/b><\/h2><p><span style=\"font-weight: 400;\">Le site Web peut inclure des liens vers des sites Web tiers autres que <\/span><b>COMED.ES <\/b><span style=\"font-weight: 400;\">et qui ne sont pas g\u00e9r\u00e9es par le responsable du traitement. Ces tiers ont leurs propres politiques de protection des donn\u00e9es et sont responsables de leurs propres fichiers et pratiques en mati\u00e8re de confidentialit\u00e9.<\/span><\/p><h2><b>13. Plaintes aupr\u00e8s de l&#039;autorit\u00e9 de surveillance<\/b><\/h2><p><span style=\"font-weight: 400;\">Si l&#039;Utilisateur estime qu&#039;il y a un probl\u00e8me ou une violation dans le traitement de ses donn\u00e9es, il peut d\u00e9poser une plainte aupr\u00e8s de la <\/span><b>Agence espagnole de protection des donn\u00e9es (AEPD)<\/b><span style=\"font-weight: 400;\">.<\/span><\/p><h2><b>14. Modifications de la politique de confidentialit\u00e9<\/b><\/h2><p><span style=\"font-weight: 400;\">Le responsable du traitement des donn\u00e9es peut modifier la pr\u00e9sente politique de confidentialit\u00e9 en cas de n\u00e9cessit\u00e9, notamment en raison d&#039;\u00e9volutions r\u00e9glementaires ou selon ses propres crit\u00e8res. En cas de modifications importantes, l&#039;utilisateur en sera inform\u00e9 par des moyens appropri\u00e9s.<\/span><\/p>\t\t\t\t\t\t\t\t<\/div>\n\t\t\t\t\t<\/div>\n\t\t\t\t<\/div>\n\t\t\t\t<\/div>","protected":false},"excerpt":{"rendered":"<p>Protecci\u00f3n de tus datos Pol\u00edtica de Privacidad En COMED protegemos tus datos personales con responsabilidad, transparencia y conforme a la normativa vigente, garantizando un uso seguro, leg\u00edtimo y exclusivamente educativo e informativo. 1. Responsable del tratamiento Responsable: MINISTERIOS APOST\u00d3LICOS BN NIF: R\u00b73500352D Domicilio: C\/Diego Vega Sarmiento, 6. Miller Bajo. 35014 Las Palmas GC Tel\u00e9fono: 928464853 [&hellip;]<\/p>","protected":false},"author":1,"featured_media":0,"parent":0,"menu_order":0,"comment_status":"closed","ping_status":"closed","template":"elementor_header_footer","meta":{"_joinchat":[],"footnotes":""},"class_list":["post-129","page","type-page","status-publish","hentry"],"yoast_head":"<!-- This site is optimized with the Yoast SEO Premium plugin v26.9 (Yoast SEO v26.9) - https:\/\/yoast.com\/product\/yoast-seo-premium-wordpress\/ -->\n<title>Pol\u00edticas de privacidad - comed.es<\/title>\n<meta name=\"robots\" content=\"index, follow, max-snippet:-1, max-image-preview:large, max-video-preview:-1\" \/>\n<link rel=\"canonical\" href=\"https:\/\/comed.es\/fr\/politicas-de-privacidad\/\" \/>\n<meta property=\"og:locale\" content=\"fr_FR\" \/>\n<meta property=\"og:type\" content=\"article\" \/>\n<meta property=\"og:title\" content=\"Pol\u00edticas de privacidad\" \/>\n<meta property=\"og:description\" content=\"Protecci\u00f3n de tus datos Pol\u00edtica de Privacidad En COMED protegemos tus datos personales con responsabilidad, transparencia y conforme a la normativa vigente, garantizando un uso seguro, leg\u00edtimo y exclusivamente educativo e informativo. 1. Responsable del tratamiento Responsable: MINISTERIOS APOST\u00d3LICOS BN NIF: R\u00b73500352D Domicilio: C\/Diego Vega Sarmiento, 6. Miller Bajo. 35014 Las Palmas GC Tel\u00e9fono: 928464853 [&hellip;]\" \/>\n<meta property=\"og:url\" content=\"https:\/\/comed.es\/fr\/politicas-de-privacidad\/\" \/>\n<meta property=\"og:site_name\" content=\"comed.es\" \/>\n<meta property=\"article:modified_time\" content=\"2026-01-26T16:58:20+00:00\" \/>\n<meta property=\"og:image\" content=\"https:\/\/comed.es\/wp-content\/uploads\/2026\/02\/Diseno-sin-titulo-2026-02-14T104136.715.png\" \/>\n\t<meta property=\"og:image:width\" content=\"1200\" \/>\n\t<meta property=\"og:image:height\" content=\"675\" \/>\n\t<meta property=\"og:image:type\" content=\"image\/png\" \/>\n<meta name=\"twitter:card\" content=\"summary_large_image\" \/>\n<meta name=\"twitter:label1\" content=\"Dur\u00e9e de lecture estim\u00e9e\" \/>\n\t<meta name=\"twitter:data1\" content=\"4 minutes\" \/>\n<!-- \/ Yoast SEO Premium plugin. -->","yoast_head_json":{"title":"Pol\u00edticas de privacidad - comed.es","robots":{"index":"index","follow":"follow","max-snippet":"max-snippet:-1","max-image-preview":"max-image-preview:large","max-video-preview":"max-video-preview:-1"},"canonical":"https:\/\/comed.es\/fr\/politicas-de-privacidad\/","og_locale":"fr_FR","og_type":"article","og_title":"Pol\u00edticas de privacidad","og_description":"Protecci\u00f3n de tus datos Pol\u00edtica de Privacidad En COMED protegemos tus datos personales con responsabilidad, transparencia y conforme a la normativa vigente, garantizando un uso seguro, leg\u00edtimo y exclusivamente educativo e informativo. 1. Responsable del tratamiento Responsable: MINISTERIOS APOST\u00d3LICOS BN NIF: R\u00b73500352D Domicilio: C\/Diego Vega Sarmiento, 6. Miller Bajo. 35014 Las Palmas GC Tel\u00e9fono: 928464853 [&hellip;]","og_url":"https:\/\/comed.es\/fr\/politicas-de-privacidad\/","og_site_name":"comed.es","article_modified_time":"2026-01-26T16:58:20+00:00","og_image":[{"width":1200,"height":675,"url":"https:\/\/comed.es\/wp-content\/uploads\/2026\/02\/Diseno-sin-titulo-2026-02-14T104136.715.png","type":"image\/png"}],"twitter_card":"summary_large_image","twitter_misc":{"Dur\u00e9e de lecture estim\u00e9e":"4 minutes"},"schema":{"@context":"https:\/\/schema.org","@graph":[{"@type":"WebPage","@id":"https:\/\/comed.es\/politicas-de-privacidad\/","url":"https:\/\/comed.es\/politicas-de-privacidad\/","name":"Pol\u00edticas de privacidad - comed.es","isPartOf":{"@id":"https:\/\/comed.es\/#website"},"datePublished":"2026-01-20T23:35:13+00:00","dateModified":"2026-01-26T16:58:20+00:00","breadcrumb":{"@id":"https:\/\/comed.es\/politicas-de-privacidad\/#breadcrumb"},"inLanguage":"fr-FR","potentialAction":[{"@type":"ReadAction","target":["https:\/\/comed.es\/politicas-de-privacidad\/"]}]},{"@type":"BreadcrumbList","@id":"https:\/\/comed.es\/politicas-de-privacidad\/#breadcrumb","itemListElement":[{"@type":"ListItem","position":1,"name":"Portada","item":"https:\/\/comed.es\/"},{"@type":"ListItem","position":2,"name":"Pol\u00edticas de privacidad"}]},{"@type":"WebSite","@id":"https:\/\/comed.es\/#website","url":"https:\/\/comed.es\/","name":"Comed","description":"","publisher":{"@id":"https:\/\/comed.es\/#organization"},"potentialAction":[{"@type":"SearchAction","target":{"@type":"EntryPoint","urlTemplate":"https:\/\/comed.es\/?s={search_term_string}"},"query-input":{"@type":"PropertyValueSpecification","valueRequired":true,"valueName":"search_term_string"}}],"inLanguage":"fr-FR"},{"@type":"Organization","@id":"https:\/\/comed.es\/#organization","name":"Comed","url":"https:\/\/comed.es\/","logo":{"@type":"ImageObject","inLanguage":"fr-FR","@id":"https:\/\/comed.es\/#\/schema\/logo\/image\/","url":"https:\/\/comed.es\/wp-content\/uploads\/2026\/01\/comed.png","contentUrl":"https:\/\/comed.es\/wp-content\/uploads\/2026\/01\/comed.png","width":336,"height":100,"caption":"Comed"},"image":{"@id":"https:\/\/comed.es\/#\/schema\/logo\/image\/"}}]}},"_hostinger_reach_plugin_has_subscription_block":false,"_hostinger_reach_plugin_is_elementor":false,"_links":{"self":[{"href":"https:\/\/comed.es\/fr\/wp-json\/wp\/v2\/pages\/129","targetHints":{"allow":["GET"]}}],"collection":[{"href":"https:\/\/comed.es\/fr\/wp-json\/wp\/v2\/pages"}],"about":[{"href":"https:\/\/comed.es\/fr\/wp-json\/wp\/v2\/types\/page"}],"author":[{"embeddable":true,"href":"https:\/\/comed.es\/fr\/wp-json\/wp\/v2\/users\/1"}],"replies":[{"embeddable":true,"href":"https:\/\/comed.es\/fr\/wp-json\/wp\/v2\/comments?post=129"}],"version-history":[{"count":25,"href":"https:\/\/comed.es\/fr\/wp-json\/wp\/v2\/pages\/129\/revisions"}],"predecessor-version":[{"id":848,"href":"https:\/\/comed.es\/fr\/wp-json\/wp\/v2\/pages\/129\/revisions\/848"}],"wp:attachment":[{"href":"https:\/\/comed.es\/fr\/wp-json\/wp\/v2\/media?parent=129"}],"curies":[{"name":"wp","href":"https:\/\/api.w.org\/{rel}","templated":true}]}}