{"id":129,"date":"2026-01-20T23:35:13","date_gmt":"2026-01-20T23:35:13","guid":{"rendered":"https:\/\/comed.es\/?page_id=129"},"modified":"2026-01-26T16:58:20","modified_gmt":"2026-01-26T16:58:20","slug":"politicas-de-privacidad","status":"publish","type":"page","link":"https:\/\/comed.es\/en\/politicas-de-privacidad\/","title":{"rendered":"Pol\u00edticas de privacidad"},"content":{"rendered":"<div data-elementor-type=\"wp-page\" data-elementor-id=\"129\" class=\"elementor elementor-129\" data-elementor-post-type=\"page\">\n\t\t\t\t<div class=\"elementor-element elementor-element-31dc56dd e-flex e-con-boxed e-con e-parent\" data-id=\"31dc56dd\" data-element_type=\"container\" data-settings=\"{&quot;background_background&quot;:&quot;classic&quot;}\">\n\t\t\t\t\t<div class=\"e-con-inner\">\n\t\t<div class=\"elementor-element elementor-element-2947efe8 e-con-full e-flex e-con e-child\" data-id=\"2947efe8\" data-element_type=\"container\">\n\t\t<div class=\"elementor-element elementor-element-24f5276c e-con-full e-flex e-con e-child\" data-id=\"24f5276c\" data-element_type=\"container\">\n\t\t\t\t<div class=\"elementor-element elementor-element-24241377 elementor-invisible elementor-widget elementor-widget-heading\" data-id=\"24241377\" data-element_type=\"widget\" data-settings=\"{&quot;_animation&quot;:&quot;fadeInUp&quot;}\" data-widget_type=\"heading.default\">\n\t\t\t\t\t<h2 class=\"elementor-heading-title elementor-size-default\">Protecting your data<\/h2>\t\t\t\t<\/div>\n\t\t\t\t<div class=\"elementor-element elementor-element-73425a2c elementor-invisible elementor-widget elementor-widget-elementskit-heading\" data-id=\"73425a2c\" data-element_type=\"widget\" data-settings=\"{&quot;_animation&quot;:&quot;fadeInUp&quot;,&quot;_animation_delay&quot;:200}\" data-widget_type=\"elementskit-heading.default\">\n\t\t\t\t\t<div class=\"ekit-wid-con\" ><div class=\"ekit-heading elementskit-section-title-wraper text_left   ekit_heading_tablet-   ekit_heading_mobile-\"><h1 class=\"ekit-heading--title elementskit-section-title\">Policy <span><span>Privacy<\/span><\/span><\/h1><\/div><\/div>\t\t\t\t<\/div>\n\t\t\t\t<div class=\"elementor-element elementor-element-44b57c05 elementor-widget elementor-widget-text-editor\" data-id=\"44b57c05\" data-element_type=\"widget\" data-widget_type=\"text-editor.default\">\n\t\t\t\t\t\t\t\t\tAt COMED we protect your personal data responsibly, transparently and in accordance with current regulations, guaranteeing safe, legitimate and exclusively educational and informative use.\t\t\t\t\t\t\t\t<\/div>\n\t\t\t\t<\/div>\n\t\t\t\t<\/div>\n\t\t<div class=\"elementor-element elementor-element-292c9e7b e-con-full e-flex e-con e-child\" data-id=\"292c9e7b\" data-element_type=\"container\">\n\t\t\t\t<\/div>\n\t\t\t\t\t<\/div>\n\t\t\t\t<\/div>\n\t\t<div class=\"elementor-element elementor-element-edb4f23 e-flex e-con-boxed e-con e-parent\" data-id=\"edb4f23\" data-element_type=\"container\">\n\t\t\t\t\t<div class=\"e-con-inner\">\n\t\t\t\t<div class=\"elementor-element elementor-element-1f0d9e7 elementor-widget elementor-widget-text-editor\" data-id=\"1f0d9e7\" data-element_type=\"widget\" data-widget_type=\"text-editor.default\">\n\t\t\t\t\t\t\t\t\t<h2><b>1. Data Controller<\/b><\/h2><ul><li aria-level=\"2\"><b>Responsible: APOSTOLIC MINISTRIES BN<\/b><\/li><\/ul><ul><li aria-level=\"2\"><b>NIF: R\u00b73500352D<\/b><\/li><\/ul><ul><li aria-level=\"2\"><b>Address: C\/Diego Vega Sarmiento, 6. Miller Bajo. 35014 Las Palmas GC<\/b><\/li><\/ul><ul><li aria-level=\"2\"><b>Telephone: 928464853<\/b><\/li><\/ul><ul><li aria-level=\"2\"><b>Contact email: <\/b><a href=\"mailto:laspalmas@buenasnuevas.es\"><b>laspalmas@buenasnuevas.es<\/b><\/a><\/li><\/ul><ul><li aria-level=\"2\"><b>Registration data (Ministry of Justice): 020014<\/b><\/li><\/ul><ul><li aria-level=\"2\"><b>Representatives: Mr. Sergio Zubillaga Gil <\/b><span style=\"font-weight: 400;\">y <\/span><b>Sheila Luzardo Orihuela<\/b><\/li><\/ul><h2><b>2. Data Protection Officer (DPO)<\/b><span style=\"font-weight: 400;\"><br \/><\/span><\/h2><p><span style=\"font-weight: 400;\">At the moment, <\/span><b>APOSTOLIC MINISTRIES BN has not appointed <\/b><span style=\"font-weight: 400;\">Data Protection Officer (DPO) for this Website.<\/span><\/p><p><span style=\"font-weight: 400;\">For any questions related to the processing of personal data or to exercise your rights, the User can contact the Data Controller using the information provided in the previous section.<\/span><\/p><h2><b>3. Personal data that we process<\/b><\/h2><p><span style=\"font-weight: 400;\">Depending on your use of the Website, we may process the following categories of personal data:<\/span><\/p><ul><li style=\"font-weight: 400;\" aria-level=\"2\"><b>Identification and contact information: <\/b><span style=\"font-weight: 400;\">name, surname, email, telephone (if provided).<\/span><\/li><li style=\"font-weight: 400;\" aria-level=\"2\"><b>Data provided by the User: <\/b><span style=\"font-weight: 400;\">the content of the message, request or query made (for example, through forms).<\/span><\/li><li style=\"font-weight: 400;\" aria-level=\"2\"><b>Navigation data: <\/b><span style=\"font-weight: 400;\">IP address, technical data of the device\/browser and, where applicable, information derived from the use of cookies (according to the configuration accepted by the User).<\/span><\/li><\/ul><p><span style=\"font-weight: 400;\">If in any case it becomes necessary to treat <\/span><b>special categories of data <\/b><span style=\"font-weight: 400;\">(for example, health data), consent will be requested <\/span><b>explicit <\/b><span style=\"font-weight: 400;\">and reinforced measures will be applied.<\/span><\/p><h2><b>4. Purposes of the processing<\/b><\/h2><p><span style=\"font-weight: 400;\">Personal data is collected and processed for the following purposes:<\/span><\/p><ol><li style=\"font-weight: 400;\" aria-level=\"1\"><b>To handle requests for information, inquiries and communications <\/b><span style=\"font-weight: 400;\">performed by the User.<\/span><\/li><li style=\"font-weight: 400;\" aria-level=\"1\"><b>Manage the relationship <\/b><span style=\"font-weight: 400;\">derived from the User&#039;s contact with the Website (for example, requests sent through forms).<\/span><\/li><li style=\"font-weight: 400;\" aria-level=\"1\"><b>Improve performance and experience <\/b><span style=\"font-weight: 400;\">Website navigation (analytics\/measurement where appropriate and with the corresponding consent).<\/span><\/li><li style=\"font-weight: 400;\" aria-level=\"1\"><b>Comply with legal obligations <\/b><span style=\"font-weight: 400;\">applicable.<\/span><\/li><\/ol><h2><b>5. Legal basis for the processing<\/b><\/h2><p><span style=\"font-weight: 400;\">The legal basis for the processing will be, depending on the case:<\/span><\/p><ul><li style=\"font-weight: 400;\" aria-level=\"2\"><b>Consent <\/b><span style=\"font-weight: 400;\">from the User (for example, by submitting a form or accepting certain cookies).<\/span><\/li><li style=\"font-weight: 400;\" aria-level=\"2\"><b>Compliance with legal obligations<\/b><span style=\"font-weight: 400;\">.<\/span><\/li><li style=\"font-weight: 400;\" aria-level=\"2\"><b>Legitimate interest <\/b><span style=\"font-weight: 400;\">by the responsible party (for example, website security or technical improvements), where appropriate and the User&#039;s rights do not prevail.<\/span><\/li><\/ul><h2><b>6. Storage period<\/b><span style=\"font-weight: 400;\"><br \/><\/span><\/h2><p><span style=\"font-weight: 400;\">The data will be retained:<\/span><\/p><ul><li style=\"font-weight: 400;\" aria-level=\"2\"><span style=\"font-weight: 400;\">As long as necessary to fulfill the request or maintain the relationship resulting from the contact.<\/span><\/li><li style=\"font-weight: 400;\" aria-level=\"2\"><span style=\"font-weight: 400;\">During the periods required by applicable legal obligations.<\/span><\/li><li style=\"font-weight: 400;\" aria-level=\"2\"><span style=\"font-weight: 400;\">Until the User requests its deletion, where applicable.<\/span><\/li><\/ul><h2><b>7. Data recipients<\/b><\/h2><p><span style=\"font-weight: 400;\">In general, <\/span><b>No data will be shared with third parties<\/b><span style=\"font-weight: 400;\">, except where legally required.<\/span><\/p><p><span style=\"font-weight: 400;\">However, they will be able to access personal data <\/span><b>suppliers <\/b><span style=\"font-weight: 400;\">that provide services to the data controller (e.g., web hosting, email, maintenance), acting as <\/span><b>those responsible for the treatment<\/b><span style=\"font-weight: 400;\">, with the corresponding contract and guarantees.<\/span><\/p><h2><b>8. International Transfers<\/b><\/h2><p><span style=\"font-weight: 400;\">Generally, suppliers located within the European Economic Area (EEA) will be used. If international transfers are made, legally mandated safeguards will be applied (e.g., standard contractual clauses or other appropriate measures).<\/span><\/p><h2><b>9. Data on minors<\/b><\/h2><p><span style=\"font-weight: 400;\">Only the <\/span><b>over 14 years old <\/b><span style=\"font-weight: 400;\">They may give their consent for the processing of their personal data. For children under 14 years of age, parental or guardian consent will be required, and the processing will only be lawful to the extent that they have authorized it.<\/span><\/p><h2><b>10. User Rights<\/b><\/h2><p><span style=\"font-weight: 400;\">The User may exercise the rights recognized by the regulations:<\/span><\/p><ul><li aria-level=\"2\"><b>Access<\/b><\/li><li aria-level=\"2\"><b>Rectification<\/b><\/li><\/ul><ul><li aria-level=\"2\"><b>Erasure (right to be forgotten)<\/b><\/li><\/ul><ul><li aria-level=\"2\"><b>Limitation of treatment<\/b><\/li><\/ul><ul><li aria-level=\"2\"><b>Portability<\/b><\/li><\/ul><ul><li aria-level=\"2\"><b>Opposition<\/b><\/li><\/ul><ul><li style=\"font-weight: 400;\" aria-level=\"2\"><b>Not to be subject to automated decisions<\/b><span style=\"font-weight: 400;\">, including profiling (where appropriate)<\/span><\/li><li style=\"font-weight: 400;\" aria-level=\"2\"><b>Withdraw consent <\/b><span style=\"font-weight: 400;\">at any time (without retroactive effect)<\/span><\/li><\/ul><h3><b>How to exercise them<\/b><\/h3><p><span style=\"font-weight: 400;\">The User may exercise their rights by sending a written communication to the Data Controller with the reference:<\/span><span style=\"font-weight: 400;\"><br \/><\/span><\/p><p><b>\u201cRGPD-COMED.ES\u201d<\/b><\/p><p><span style=\"font-weight: 400;\">The application must clearly state the right you wish to exercise and, where necessary, include information to verify the applicant&#039;s identity.<\/span><\/p><ul><li aria-level=\"2\"><b>Email: <\/b><a href=\"mailto:laspalmas@buenasnuevas.es\"><b>laspalmas@buenasnuevas.es<\/b><\/a><\/li><li aria-level=\"2\"><b>Postal address: C\/Diego Vega Sarmiento, 6. Miller Bajo. 35014 Las Palmas GC<\/b><\/li><\/ul><h2><b>11. Security measures<\/b><b><\/b><\/h2><p><span style=\"font-weight: 400;\">The Data Controller adopts appropriate technical and organizational measures to protect personal data and prevent its loss, misuse, unauthorized access, disclosure or alteration.<\/span><\/p><p><span style=\"font-weight: 400;\">In the event of a security breach that poses a high risk to the rights and freedoms of individuals, it will be reported in accordance with applicable regulations.<\/span><\/p><h2><b>12. Links to third-party websites<\/b><\/h2><p><span style=\"font-weight: 400;\">The Website may include links to third-party websites other than <\/span><b>COMED.ES <\/b><span style=\"font-weight: 400;\">and not operated by the Controller. These third parties have their own data protection policies and are responsible for their own files and privacy practices.<\/span><\/p><h2><b>13. Complaints to the supervisory authority<\/b><\/h2><p><span style=\"font-weight: 400;\">If the User believes there is a problem or infringement in the processing of their data, they may file a complaint with the <\/span><b>Spanish Data Protection Agency (AEPD)<\/b><span style=\"font-weight: 400;\">.<\/span><\/p><h2><b>14. Changes to the Privacy Policy<\/b><\/h2><p><span style=\"font-weight: 400;\">The Data Controller may modify this Privacy Policy when necessary due to regulatory changes or its own criteria. In the event of significant changes, the User will be informed through reasonable means.<\/span><\/p>\t\t\t\t\t\t\t\t<\/div>\n\t\t\t\t\t<\/div>\n\t\t\t\t<\/div>\n\t\t\t\t<\/div>","protected":false},"excerpt":{"rendered":"<p>Protecci\u00f3n de tus datos Pol\u00edtica de Privacidad En COMED protegemos tus datos personales con responsabilidad, transparencia y conforme a la normativa vigente, garantizando un uso seguro, leg\u00edtimo y exclusivamente educativo e informativo. 1. Responsable del tratamiento Responsable: MINISTERIOS APOST\u00d3LICOS BN NIF: R\u00b73500352D Domicilio: C\/Diego Vega Sarmiento, 6. Miller Bajo. 35014 Las Palmas GC Tel\u00e9fono: 928464853 [&hellip;]<\/p>","protected":false},"author":1,"featured_media":0,"parent":0,"menu_order":0,"comment_status":"closed","ping_status":"closed","template":"elementor_header_footer","meta":{"_joinchat":[],"footnotes":""},"class_list":["post-129","page","type-page","status-publish","hentry"],"yoast_head":"<!-- This site is optimized with the Yoast SEO Premium plugin v26.9 (Yoast SEO v26.9) - https:\/\/yoast.com\/product\/yoast-seo-premium-wordpress\/ -->\n<title>Pol\u00edticas de privacidad - comed.es<\/title>\n<meta name=\"robots\" content=\"index, follow, max-snippet:-1, max-image-preview:large, max-video-preview:-1\" \/>\n<link rel=\"canonical\" href=\"https:\/\/comed.es\/en\/politicas-de-privacidad\/\" \/>\n<meta property=\"og:locale\" content=\"en_GB\" \/>\n<meta property=\"og:type\" content=\"article\" \/>\n<meta property=\"og:title\" content=\"Pol\u00edticas de privacidad\" \/>\n<meta property=\"og:description\" content=\"Protecci\u00f3n de tus datos Pol\u00edtica de Privacidad En COMED protegemos tus datos personales con responsabilidad, transparencia y conforme a la normativa vigente, garantizando un uso seguro, leg\u00edtimo y exclusivamente educativo e informativo. 1. Responsable del tratamiento Responsable: MINISTERIOS APOST\u00d3LICOS BN NIF: R\u00b73500352D Domicilio: C\/Diego Vega Sarmiento, 6. Miller Bajo. 35014 Las Palmas GC Tel\u00e9fono: 928464853 [&hellip;]\" \/>\n<meta property=\"og:url\" content=\"https:\/\/comed.es\/en\/politicas-de-privacidad\/\" \/>\n<meta property=\"og:site_name\" content=\"comed.es\" \/>\n<meta property=\"article:modified_time\" content=\"2026-01-26T16:58:20+00:00\" \/>\n<meta property=\"og:image\" content=\"https:\/\/comed.es\/wp-content\/uploads\/2026\/02\/Diseno-sin-titulo-2026-02-14T104136.715.png\" \/>\n\t<meta property=\"og:image:width\" content=\"1200\" \/>\n\t<meta property=\"og:image:height\" content=\"675\" \/>\n\t<meta property=\"og:image:type\" content=\"image\/png\" \/>\n<meta name=\"twitter:card\" content=\"summary_large_image\" \/>\n<meta name=\"twitter:label1\" content=\"Estimated reading time\" \/>\n\t<meta name=\"twitter:data1\" content=\"4 minutes\" \/>\n<!-- \/ Yoast SEO Premium plugin. -->","yoast_head_json":{"title":"Pol\u00edticas de privacidad - comed.es","robots":{"index":"index","follow":"follow","max-snippet":"max-snippet:-1","max-image-preview":"max-image-preview:large","max-video-preview":"max-video-preview:-1"},"canonical":"https:\/\/comed.es\/en\/politicas-de-privacidad\/","og_locale":"en_GB","og_type":"article","og_title":"Pol\u00edticas de privacidad","og_description":"Protecci\u00f3n de tus datos Pol\u00edtica de Privacidad En COMED protegemos tus datos personales con responsabilidad, transparencia y conforme a la normativa vigente, garantizando un uso seguro, leg\u00edtimo y exclusivamente educativo e informativo. 1. Responsable del tratamiento Responsable: MINISTERIOS APOST\u00d3LICOS BN NIF: R\u00b73500352D Domicilio: C\/Diego Vega Sarmiento, 6. Miller Bajo. 35014 Las Palmas GC Tel\u00e9fono: 928464853 [&hellip;]","og_url":"https:\/\/comed.es\/en\/politicas-de-privacidad\/","og_site_name":"comed.es","article_modified_time":"2026-01-26T16:58:20+00:00","og_image":[{"width":1200,"height":675,"url":"https:\/\/comed.es\/wp-content\/uploads\/2026\/02\/Diseno-sin-titulo-2026-02-14T104136.715.png","type":"image\/png"}],"twitter_card":"summary_large_image","twitter_misc":{"Estimated reading time":"4 minutes"},"schema":{"@context":"https:\/\/schema.org","@graph":[{"@type":"WebPage","@id":"https:\/\/comed.es\/politicas-de-privacidad\/","url":"https:\/\/comed.es\/politicas-de-privacidad\/","name":"Pol\u00edticas de privacidad - comed.es","isPartOf":{"@id":"https:\/\/comed.es\/#website"},"datePublished":"2026-01-20T23:35:13+00:00","dateModified":"2026-01-26T16:58:20+00:00","breadcrumb":{"@id":"https:\/\/comed.es\/politicas-de-privacidad\/#breadcrumb"},"inLanguage":"en-GB","potentialAction":[{"@type":"ReadAction","target":["https:\/\/comed.es\/politicas-de-privacidad\/"]}]},{"@type":"BreadcrumbList","@id":"https:\/\/comed.es\/politicas-de-privacidad\/#breadcrumb","itemListElement":[{"@type":"ListItem","position":1,"name":"Portada","item":"https:\/\/comed.es\/"},{"@type":"ListItem","position":2,"name":"Pol\u00edticas de privacidad"}]},{"@type":"WebSite","@id":"https:\/\/comed.es\/#website","url":"https:\/\/comed.es\/","name":"Comed","description":"","publisher":{"@id":"https:\/\/comed.es\/#organization"},"potentialAction":[{"@type":"SearchAction","target":{"@type":"EntryPoint","urlTemplate":"https:\/\/comed.es\/?s={search_term_string}"},"query-input":{"@type":"PropertyValueSpecification","valueRequired":true,"valueName":"search_term_string"}}],"inLanguage":"en-GB"},{"@type":"Organization","@id":"https:\/\/comed.es\/#organization","name":"Comed","url":"https:\/\/comed.es\/","logo":{"@type":"ImageObject","inLanguage":"en-GB","@id":"https:\/\/comed.es\/#\/schema\/logo\/image\/","url":"https:\/\/comed.es\/wp-content\/uploads\/2026\/01\/comed.png","contentUrl":"https:\/\/comed.es\/wp-content\/uploads\/2026\/01\/comed.png","width":336,"height":100,"caption":"Comed"},"image":{"@id":"https:\/\/comed.es\/#\/schema\/logo\/image\/"}}]}},"_hostinger_reach_plugin_has_subscription_block":false,"_hostinger_reach_plugin_is_elementor":false,"_links":{"self":[{"href":"https:\/\/comed.es\/en\/wp-json\/wp\/v2\/pages\/129","targetHints":{"allow":["GET"]}}],"collection":[{"href":"https:\/\/comed.es\/en\/wp-json\/wp\/v2\/pages"}],"about":[{"href":"https:\/\/comed.es\/en\/wp-json\/wp\/v2\/types\/page"}],"author":[{"embeddable":true,"href":"https:\/\/comed.es\/en\/wp-json\/wp\/v2\/users\/1"}],"replies":[{"embeddable":true,"href":"https:\/\/comed.es\/en\/wp-json\/wp\/v2\/comments?post=129"}],"version-history":[{"count":25,"href":"https:\/\/comed.es\/en\/wp-json\/wp\/v2\/pages\/129\/revisions"}],"predecessor-version":[{"id":848,"href":"https:\/\/comed.es\/en\/wp-json\/wp\/v2\/pages\/129\/revisions\/848"}],"wp:attachment":[{"href":"https:\/\/comed.es\/en\/wp-json\/wp\/v2\/media?parent=129"}],"curies":[{"name":"wp","href":"https:\/\/api.w.org\/{rel}","templated":true}]}}