{"id":862,"date":"2026-01-26T17:06:07","date_gmt":"2026-01-26T17:06:07","guid":{"rendered":"https:\/\/comed.es\/?page_id=862"},"modified":"2026-01-26T17:09:15","modified_gmt":"2026-01-26T17:09:15","slug":"politicas-de-cookies-comed-es","status":"publish","type":"page","link":"https:\/\/comed.es\/de\/politicas-de-cookies-comed-es\/","title":{"rendered":"Pol\u00edticas de Cookies \u2014 COMED.ES"},"content":{"rendered":"<div data-elementor-type=\"wp-page\" data-elementor-id=\"862\" class=\"elementor elementor-862\" data-elementor-post-type=\"page\">\n\t\t\t\t<div class=\"elementor-element elementor-element-31dc56dd e-flex e-con-boxed e-con e-parent\" data-id=\"31dc56dd\" data-element_type=\"container\" data-settings=\"{&quot;background_background&quot;:&quot;classic&quot;}\">\n\t\t\t\t\t<div class=\"e-con-inner\">\n\t\t<div class=\"elementor-element elementor-element-2947efe8 e-con-full e-flex e-con e-child\" data-id=\"2947efe8\" data-element_type=\"container\">\n\t\t<div class=\"elementor-element elementor-element-24f5276c e-con-full e-flex e-con e-child\" data-id=\"24f5276c\" data-element_type=\"container\">\n\t\t\t\t<div class=\"elementor-element elementor-element-24241377 elementor-invisible elementor-widget elementor-widget-heading\" data-id=\"24241377\" data-element_type=\"widget\" data-settings=\"{&quot;_animation&quot;:&quot;fadeInUp&quot;}\" data-widget_type=\"heading.default\">\n\t\t\t\t\t<h2 class=\"elementor-heading-title elementor-size-default\">Schutz Ihrer Daten<\/h2>\t\t\t\t<\/div>\n\t\t\t\t<div class=\"elementor-element elementor-element-73425a2c elementor-invisible elementor-widget elementor-widget-elementskit-heading\" data-id=\"73425a2c\" data-element_type=\"widget\" data-settings=\"{&quot;_animation&quot;:&quot;fadeInUp&quot;,&quot;_animation_delay&quot;:200}\" data-widget_type=\"elementskit-heading.default\">\n\t\t\t\t\t<div class=\"ekit-wid-con\" ><div class=\"ekit-heading elementskit-section-title-wraper text_left   ekit_heading_tablet-   ekit_heading_mobile-\"><h1 class=\"ekit-heading--title elementskit-section-title\">Cookie-Richtlinie <span><span>\u2014 COMED.ES<\/span><\/span><\/h1><\/div><\/div>\t\t\t\t<\/div>\n\t\t\t\t<div class=\"elementor-element elementor-element-44b57c05 elementor-widget elementor-widget-text-editor\" data-id=\"44b57c05\" data-element_type=\"widget\" data-widget_type=\"text-editor.default\">\n\t\t\t\t\t\t\t\t\tBei COMED sch\u00fctzen wir Ihre personenbezogenen Daten verantwortungsvoll, transparent und in \u00dcbereinstimmung mit den geltenden Vorschriften und gew\u00e4hrleisten eine sichere, rechtm\u00e4\u00dfige und ausschlie\u00dflich zu Bildungs- und Informationszwecken verwendete Nutzung.\t\t\t\t\t\t\t\t<\/div>\n\t\t\t\t<\/div>\n\t\t\t\t<\/div>\n\t\t<div class=\"elementor-element elementor-element-292c9e7b e-con-full e-flex e-con e-child\" data-id=\"292c9e7b\" data-element_type=\"container\">\n\t\t\t\t<\/div>\n\t\t\t\t\t<\/div>\n\t\t\t\t<\/div>\n\t\t<div class=\"elementor-element elementor-element-edb4f23 e-flex e-con-boxed e-con e-parent\" data-id=\"edb4f23\" data-element_type=\"container\">\n\t\t\t\t\t<div class=\"e-con-inner\">\n\t\t\t\t<div class=\"elementor-element elementor-element-1f0d9e7 elementor-widget elementor-widget-text-editor\" data-id=\"1f0d9e7\" data-element_type=\"widget\" data-widget_type=\"text-editor.default\">\n\t\t\t\t\t\t\t\t\t<h2><b>1. Was sind Cookies?<\/b><span style=\"font-weight: 400;\"><br \/><\/span><\/h2><p><span style=\"font-weight: 400;\">Cookies sind kleine Dateien, die beim Besuch einer Website auf das Ger\u00e4t des Nutzers heruntergeladen werden. Sie erm\u00f6glichen unter anderem das Speichern und Abrufen von Informationen \u00fcber das Surfverhalten oder die Wiedererkennung des Nutzers zur Verbesserung seines Nutzungserlebnisses.<\/span><\/p><h2><b>2. Welche Arten von Cookies kann COMED.ES verwenden?<\/b><\/h2><p><span style=\"font-weight: 400;\">In <\/span><b>COMED.ES <\/b><span style=\"font-weight: 400;\">Es k\u00f6nnen folgende Kategorien von Cookies verwendet werden (abh\u00e4ngig von der tats\u00e4chlichen Konfiguration der Website):<\/span><\/p><h3><b>Zu) <\/b><b>Technische oder notwendige Cookies<\/b><\/h3><p><span style=\"font-weight: 400;\">Sie erm\u00f6glichen die Navigation und die Nutzung wesentlicher Website-Funktionen (z. B. Sicherheit, Sitzungsverwaltung oder technische Einstellungen). Diese Cookies sind f\u00fcr das Funktionieren der Website erforderlich.<\/span><\/p><h3><b>b) Pr\u00e4ferenz- oder Personalisierungs-Cookies<\/b><\/h3><p><span style=\"font-weight: 400;\">Sie erm\u00f6glichen es, Informationen zu speichern, damit der Benutzer mit bestimmten Merkmalen (z. B. Sprache) auf die Website zugreifen kann.<\/span><\/p><h3><b>c) Analyse- oder Mess-Cookies<\/b><\/h3><p><span style=\"font-weight: 400;\">Sie erm\u00f6glichen es uns, das Nutzerverhalten (z. B. besuchte Seiten, Verweildauer) zu messen und zu analysieren, um die Funktionalit\u00e4t und Benutzerfreundlichkeit der Website zu verbessern. Ihre Verwendung erfordert gegebenenfalls eine Einwilligung.<\/span><\/p><h3><b>d) Cookies von Drittanbietern (z. B. soziale Netzwerke oder eingebettete Inhalte)<\/b><\/h3><p><span style=\"font-weight: 400;\">Wenn die Website Dienste oder Inhalte von Drittanbietern integriert (z. B. Videos, Karten oder Social-Media-Buttons), k\u00f6nnen diese Drittanbieter Cookies installieren und Informationen gem\u00e4\u00df ihren eigenen Richtlinien verarbeiten.<\/span><\/p><h2><b>3. Einwilligung und Einstellungen<\/b><\/h2><p><span style=\"font-weight: 400;\">Beim Zugriff auf die Website sieht der Nutzer einen Cookie-Hinweis oder ein Banner, das ihm Folgendes erm\u00f6glicht:<\/span><\/p><ul><li style=\"font-weight: 400;\" aria-level=\"1\"><b>Akzeptieren <\/b><span style=\"font-weight: 400;\">alle Cookies,<\/span><\/li><li style=\"font-weight: 400;\" aria-level=\"1\"><b>Abfall <\/b><span style=\"font-weight: 400;\">nicht essentielle Cookies,<\/span><\/li><li style=\"font-weight: 400;\" aria-level=\"1\"><span style=\"font-weight: 400;\">o <\/span><b>Aufstellen <\/b><span style=\"font-weight: 400;\">die Verwendung von Cookies nach Kategorien.<\/span><\/li><\/ul><p><span style=\"font-weight: 400;\">Der Nutzer kann seine Auswahl jederzeit \u00fcber den Link oder die Schaltfl\u00e4che \u00e4ndern. <\/span><b>\u201cCookie-Einstellungen\u201d <\/b><span style=\"font-weight: 400;\">sofern es auf der Website aktiviert ist.<\/span><\/p><h2><b>4. So deaktivieren oder l\u00f6schen Sie Cookies<\/b><span style=\"font-weight: 400;\"><br \/><\/span><\/h2><p><span style=\"font-weight: 400;\">Nutzer k\u00f6nnen Cookies \u00fcber ihre Browsereinstellungen (Chrome, Firefox, Safari, Edge usw.) zulassen, blockieren oder l\u00f6schen. Die Vorgehensweise variiert je nach Browser.<\/span><\/p><p><b>Notiz: <\/b><span style=\"font-weight: 400;\">Wenn der Nutzer bestimmte Cookies blockiert, sind einige Funktionen der Website m\u00f6glicherweise nicht verf\u00fcgbar oder funktionieren nicht ordnungsgem\u00e4\u00df.<\/span><\/p><h2><b>5. Cookies von Drittanbietern<\/b><\/h2><p><span style=\"font-weight: 400;\">Werden Cookies von Drittanbietern verwendet, sollte der Nutzer die Cookie-\/Datenschutzrichtlinien dieser Drittanbieter konsultieren, da diese f\u00fcr ihre Praktiken verantwortlich sind.<\/span><\/p><h2><b>6. Aktualisierungen der Cookie-Richtlinie<\/b><\/h2><p><span style=\"font-weight: 400;\">Diese Cookie-Richtlinie kann aufgrund technischer oder regulatorischer \u00c4nderungen aktualisiert werden. Wir empfehlen, sie regelm\u00e4\u00dfig zu \u00fcberpr\u00fcfen.<\/span><\/p>\t\t\t\t\t\t\t\t<\/div>\n\t\t\t\t\t<\/div>\n\t\t\t\t<\/div>\n\t\t\t\t<\/div>","protected":false},"excerpt":{"rendered":"<p>Protecci\u00f3n de tus datos Pol\u00edticas de Cookies \u2014 COMED.ES En COMED protegemos tus datos personales con responsabilidad, transparencia y conforme a la normativa vigente, garantizando un uso seguro, leg\u00edtimo y exclusivamente educativo e informativo. 1. Qu\u00e9 son las cookies Las cookies son peque\u00f1os archivos que se descargan en el dispositivo del Usuario al acceder a [&hellip;]<\/p>","protected":false},"author":1,"featured_media":0,"parent":0,"menu_order":0,"comment_status":"closed","ping_status":"closed","template":"elementor_header_footer","meta":{"_joinchat":[],"footnotes":""},"class_list":["post-862","page","type-page","status-publish","hentry"],"yoast_head":"<!-- This site is optimized with the Yoast SEO Premium plugin v26.9 (Yoast SEO v26.9) - https:\/\/yoast.com\/product\/yoast-seo-premium-wordpress\/ -->\n<title>Pol\u00edticas de Cookies \u2014 COMED.ES - comed.es<\/title>\n<meta name=\"robots\" content=\"index, follow, max-snippet:-1, max-image-preview:large, max-video-preview:-1\" \/>\n<link rel=\"canonical\" href=\"https:\/\/comed.es\/de\/politicas-de-cookies-comed-es\/\" \/>\n<meta property=\"og:locale\" content=\"de_DE\" \/>\n<meta property=\"og:type\" content=\"article\" \/>\n<meta property=\"og:title\" content=\"Pol\u00edticas de Cookies \u2014 COMED.ES\" \/>\n<meta property=\"og:description\" content=\"Protecci\u00f3n de tus datos Pol\u00edticas de Cookies \u2014 COMED.ES En COMED protegemos tus datos personales con responsabilidad, transparencia y conforme a la normativa vigente, garantizando un uso seguro, leg\u00edtimo y exclusivamente educativo e informativo. 1. Qu\u00e9 son las cookies Las cookies son peque\u00f1os archivos que se descargan en el dispositivo del Usuario al acceder a [&hellip;]\" \/>\n<meta property=\"og:url\" content=\"https:\/\/comed.es\/de\/politicas-de-cookies-comed-es\/\" \/>\n<meta property=\"og:site_name\" content=\"comed.es\" \/>\n<meta property=\"article:modified_time\" content=\"2026-01-26T17:09:15+00:00\" \/>\n<meta property=\"og:image\" content=\"https:\/\/comed.es\/wp-content\/uploads\/2026\/02\/Diseno-sin-titulo-2026-02-14T104136.715.png\" \/>\n\t<meta property=\"og:image:width\" content=\"1200\" \/>\n\t<meta property=\"og:image:height\" content=\"675\" \/>\n\t<meta property=\"og:image:type\" content=\"image\/png\" \/>\n<meta name=\"twitter:card\" content=\"summary_large_image\" \/>\n<meta name=\"twitter:label1\" content=\"Gesch\u00e4tzte Lesezeit\" \/>\n\t<meta name=\"twitter:data1\" content=\"2\u00a0Minuten\" \/>\n<!-- \/ Yoast SEO Premium plugin. -->","yoast_head_json":{"title":"Pol\u00edticas de Cookies \u2014 COMED.ES - comed.es","robots":{"index":"index","follow":"follow","max-snippet":"max-snippet:-1","max-image-preview":"max-image-preview:large","max-video-preview":"max-video-preview:-1"},"canonical":"https:\/\/comed.es\/de\/politicas-de-cookies-comed-es\/","og_locale":"de_DE","og_type":"article","og_title":"Pol\u00edticas de Cookies \u2014 COMED.ES","og_description":"Protecci\u00f3n de tus datos Pol\u00edticas de Cookies \u2014 COMED.ES En COMED protegemos tus datos personales con responsabilidad, transparencia y conforme a la normativa vigente, garantizando un uso seguro, leg\u00edtimo y exclusivamente educativo e informativo. 1. Qu\u00e9 son las cookies Las cookies son peque\u00f1os archivos que se descargan en el dispositivo del Usuario al acceder a [&hellip;]","og_url":"https:\/\/comed.es\/de\/politicas-de-cookies-comed-es\/","og_site_name":"comed.es","article_modified_time":"2026-01-26T17:09:15+00:00","og_image":[{"width":1200,"height":675,"url":"https:\/\/comed.es\/wp-content\/uploads\/2026\/02\/Diseno-sin-titulo-2026-02-14T104136.715.png","type":"image\/png"}],"twitter_card":"summary_large_image","twitter_misc":{"Gesch\u00e4tzte Lesezeit":"2\u00a0Minuten"},"schema":{"@context":"https:\/\/schema.org","@graph":[{"@type":"WebPage","@id":"https:\/\/comed.es\/politicas-de-cookies-comed-es\/","url":"https:\/\/comed.es\/politicas-de-cookies-comed-es\/","name":"Pol\u00edticas de Cookies \u2014 COMED.ES - comed.es","isPartOf":{"@id":"https:\/\/comed.es\/#website"},"datePublished":"2026-01-26T17:06:07+00:00","dateModified":"2026-01-26T17:09:15+00:00","breadcrumb":{"@id":"https:\/\/comed.es\/politicas-de-cookies-comed-es\/#breadcrumb"},"inLanguage":"de","potentialAction":[{"@type":"ReadAction","target":["https:\/\/comed.es\/politicas-de-cookies-comed-es\/"]}]},{"@type":"BreadcrumbList","@id":"https:\/\/comed.es\/politicas-de-cookies-comed-es\/#breadcrumb","itemListElement":[{"@type":"ListItem","position":1,"name":"Portada","item":"https:\/\/comed.es\/"},{"@type":"ListItem","position":2,"name":"Pol\u00edticas de Cookies \u2014 COMED.ES"}]},{"@type":"WebSite","@id":"https:\/\/comed.es\/#website","url":"https:\/\/comed.es\/","name":"Comed","description":"","publisher":{"@id":"https:\/\/comed.es\/#organization"},"potentialAction":[{"@type":"SearchAction","target":{"@type":"EntryPoint","urlTemplate":"https:\/\/comed.es\/?s={search_term_string}"},"query-input":{"@type":"PropertyValueSpecification","valueRequired":true,"valueName":"search_term_string"}}],"inLanguage":"de"},{"@type":"Organization","@id":"https:\/\/comed.es\/#organization","name":"Comed","url":"https:\/\/comed.es\/","logo":{"@type":"ImageObject","inLanguage":"de","@id":"https:\/\/comed.es\/#\/schema\/logo\/image\/","url":"https:\/\/comed.es\/wp-content\/uploads\/2026\/01\/comed.png","contentUrl":"https:\/\/comed.es\/wp-content\/uploads\/2026\/01\/comed.png","width":336,"height":100,"caption":"Comed"},"image":{"@id":"https:\/\/comed.es\/#\/schema\/logo\/image\/"}}]}},"_hostinger_reach_plugin_has_subscription_block":false,"_hostinger_reach_plugin_is_elementor":false,"_links":{"self":[{"href":"https:\/\/comed.es\/de\/wp-json\/wp\/v2\/pages\/862","targetHints":{"allow":["GET"]}}],"collection":[{"href":"https:\/\/comed.es\/de\/wp-json\/wp\/v2\/pages"}],"about":[{"href":"https:\/\/comed.es\/de\/wp-json\/wp\/v2\/types\/page"}],"author":[{"embeddable":true,"href":"https:\/\/comed.es\/de\/wp-json\/wp\/v2\/users\/1"}],"replies":[{"embeddable":true,"href":"https:\/\/comed.es\/de\/wp-json\/wp\/v2\/comments?post=862"}],"version-history":[{"count":7,"href":"https:\/\/comed.es\/de\/wp-json\/wp\/v2\/pages\/862\/revisions"}],"predecessor-version":[{"id":869,"href":"https:\/\/comed.es\/de\/wp-json\/wp\/v2\/pages\/862\/revisions\/869"}],"wp:attachment":[{"href":"https:\/\/comed.es\/de\/wp-json\/wp\/v2\/media?parent=862"}],"curies":[{"name":"wp","href":"https:\/\/api.w.org\/{rel}","templated":true}]}}