{"id":851,"date":"2026-01-26T17:00:41","date_gmt":"2026-01-26T17:00:41","guid":{"rendered":"https:\/\/comed.es\/?page_id=851"},"modified":"2026-01-26T17:04:47","modified_gmt":"2026-01-26T17:04:47","slug":"aviso-legal-comed-es","status":"publish","type":"page","link":"https:\/\/comed.es\/de\/aviso-legal-comed-es\/","title":{"rendered":"Aviso legal \u2014 COMED.ES"},"content":{"rendered":"<div data-elementor-type=\"wp-page\" data-elementor-id=\"851\" class=\"elementor elementor-851\" data-elementor-post-type=\"page\">\n\t\t\t\t<div class=\"elementor-element elementor-element-31dc56dd e-flex e-con-boxed e-con e-parent\" data-id=\"31dc56dd\" data-element_type=\"container\" data-settings=\"{&quot;background_background&quot;:&quot;classic&quot;}\">\n\t\t\t\t\t<div class=\"e-con-inner\">\n\t\t<div class=\"elementor-element elementor-element-2947efe8 e-con-full e-flex e-con e-child\" data-id=\"2947efe8\" data-element_type=\"container\">\n\t\t<div class=\"elementor-element elementor-element-24f5276c e-con-full e-flex e-con e-child\" data-id=\"24f5276c\" data-element_type=\"container\">\n\t\t\t\t<div class=\"elementor-element elementor-element-24241377 elementor-invisible elementor-widget elementor-widget-heading\" data-id=\"24241377\" data-element_type=\"widget\" data-settings=\"{&quot;_animation&quot;:&quot;fadeInUp&quot;}\" data-widget_type=\"heading.default\">\n\t\t\t\t\t<h2 class=\"elementor-heading-title elementor-size-default\">Schutz Ihrer Daten<\/h2>\t\t\t\t<\/div>\n\t\t\t\t<div class=\"elementor-element elementor-element-73425a2c elementor-invisible elementor-widget elementor-widget-elementskit-heading\" data-id=\"73425a2c\" data-element_type=\"widget\" data-settings=\"{&quot;_animation&quot;:&quot;fadeInUp&quot;,&quot;_animation_delay&quot;:200}\" data-widget_type=\"elementskit-heading.default\">\n\t\t\t\t\t<div class=\"ekit-wid-con\" ><div class=\"ekit-heading elementskit-section-title-wraper text_left   ekit_heading_tablet-   ekit_heading_mobile-\"><h1 class=\"ekit-heading--title elementskit-section-title\">Rechtlicher Hinweis <span><span>\u2014 COMED.ES<\/span><\/span><\/h1><\/div><\/div>\t\t\t\t<\/div>\n\t\t\t\t<div class=\"elementor-element elementor-element-44b57c05 elementor-widget elementor-widget-text-editor\" data-id=\"44b57c05\" data-element_type=\"widget\" data-widget_type=\"text-editor.default\">\n\t\t\t\t\t\t\t\t\tBei COMED sch\u00fctzen wir Ihre personenbezogenen Daten verantwortungsvoll, transparent und in \u00dcbereinstimmung mit den geltenden Vorschriften und gew\u00e4hrleisten eine sichere, rechtm\u00e4\u00dfige und ausschlie\u00dflich zu Bildungs- und Informationszwecken verwendete Nutzung.\t\t\t\t\t\t\t\t<\/div>\n\t\t\t\t<\/div>\n\t\t\t\t<\/div>\n\t\t<div class=\"elementor-element elementor-element-292c9e7b e-con-full e-flex e-con e-child\" data-id=\"292c9e7b\" data-element_type=\"container\">\n\t\t\t\t<\/div>\n\t\t\t\t\t<\/div>\n\t\t\t\t<\/div>\n\t\t<div class=\"elementor-element elementor-element-edb4f23 e-flex e-con-boxed e-con e-parent\" data-id=\"edb4f23\" data-element_type=\"container\">\n\t\t\t\t\t<div class=\"e-con-inner\">\n\t\t\t\t<div class=\"elementor-element elementor-element-1f0d9e7 elementor-widget elementor-widget-text-editor\" data-id=\"1f0d9e7\" data-element_type=\"widget\" data-widget_type=\"text-editor.default\">\n\t\t\t\t\t\t\t\t\t<h2><b>1. Identifizierung von Daten<\/b><\/h2><p><span style=\"font-weight: 400;\">Gem\u00e4\u00df den Bestimmungen des Gesetzes 34\/2002 \u00fcber Dienste der Informationsgesellschaft und des elektronischen Gesch\u00e4ftsverkehrs (LSSI-CE) informiert Sie diese Website dar\u00fcber, dass <\/span><b>COMED.ES <\/b><span style=\"font-weight: 400;\">(im Folgenden \u201cWebsite\u201d) ist Eigentum von:<\/span><\/p><ul><li aria-level=\"2\"><b>Titel: APOSTOLISCHE DIENSTE BN<\/b><\/li><li aria-level=\"2\"><b>NIF: R\u00b73500352D<\/b><\/li><\/ul><ul><li aria-level=\"2\"><b>Adresse: C\/Diego Vega Sarmiento, 6. Miller Bajo. 35014 Las Palmas GC<\/b><\/li><\/ul><ul><li aria-level=\"2\"><b>Telefon: 928464853<\/b><\/li><\/ul><ul><li aria-level=\"2\"><b>E-Mail: <\/b><a href=\"mailto:laspalmas@buenasnuevas.es\"><b>laspalmas@buenasnuevas.es<\/b><\/a><\/li><\/ul><ul><li aria-level=\"2\"><b>Registrierungsdaten (Justizministerium): 020014<\/b><\/li><\/ul><ul><li aria-level=\"2\"><b>Vertreter: Herr Sergio Zubillaga Gil <\/b><span style=\"font-weight: 400;\">y <\/span><b>Sheila Luzardo Orihuela<\/b><\/li><\/ul><h2><b>2. Objekt<\/b><\/h2><p><span style=\"font-weight: 400;\">Dieser Rechtshinweis regelt den Zugriff auf die Website, deren Nutzung sowie die Verantwortlichkeiten, die sich aus der Nutzung ihrer Inhalte (Texte, Bilder, Design, Code, Software usw.) ergeben.<\/span><\/p><p>\u00a0<\/p><h2><b>3. Nutzerstatus und Akzeptanz<\/b><\/h2><p><span style=\"font-weight: 400;\">Der Zugriff auf und\/oder die Nutzung der Website verleiht den Status von <\/span><b>Benutzer<\/b><span style=\"font-weight: 400;\">, und impliziert die vollst\u00e4ndige Akzeptanz dieses Rechtshinweises sowie der <\/span><b>Datenschutzrichtlinie <\/b><span style=\"font-weight: 400;\">und die <\/span><b>Cookie-Richtlinie<\/b><span style=\"font-weight: 400;\">.<\/span><\/p><h2><b>3. Nutzung der Website<\/b><\/h2><p><span style=\"font-weight: 400;\">Der Nutzer verpflichtet sich, die Website rechtm\u00e4\u00dfig, sorgf\u00e4ltig und korrekt zu nutzen und insbesondere Folgendes zu unterlassen:<\/span><\/p><ul><li style=\"font-weight: 400;\" aria-level=\"2\"><span style=\"font-weight: 400;\">Die Nutzung der Website f\u00fcr unzul\u00e4ssige Zwecke oder zur Erreichung unzul\u00e4ssiger Ziele, entgegen Treu und Glauben oder der \u00f6ffentlichen Ordnung.<\/span><\/li><li style=\"font-weight: 400;\" aria-level=\"2\"><span style=\"font-weight: 400;\">Sch\u00e4den an den Systemen des Eigent\u00fcmers oder Dritter zu verursachen oder Viren oder andere physische oder logische Systeme einzuf\u00fchren\/zu verbreiten, die Sch\u00e4den verursachen k\u00f6nnen.<\/span><\/li><\/ul><h2><b>4. Geistiges und gewerbliches Eigentum<\/b><\/h2><p><span style=\"font-weight: 400;\">Sofern nicht ausdr\u00fccklich anders angegeben, sind alle Inhalte auf der Website (einschlie\u00dflich, aber nicht beschr\u00e4nkt auf Texte, Fotos, Bilder, Grafikdesign, Quellcode, Logos, Marken usw.) durch geistige und gewerbliche Eigentumsrechte gesch\u00fctzt und geh\u00f6ren dem jeweiligen Eigent\u00fcmer oder verf\u00fcgen \u00fcber ausreichende Nutzungsrechte.<\/span><\/p><p><span style=\"font-weight: 400;\">Die Vervielf\u00e4ltigung, Verbreitung, \u00f6ffentliche Wiedergabe oder Bearbeitung des Inhalts, auch auszugsweise, ist ohne vorherige schriftliche Genehmigung des Eigent\u00fcmers untersagt.<\/span><span style=\"font-weight: 400;\"><br \/><\/span><\/p><h2><b>5. Links zu Drittanbietern<\/b><\/h2><p><span style=\"font-weight: 400;\">Die Website kann Links zu Websites Dritter enthalten. Der Betreiber ist weder f\u00fcr den Inhalt, die Richtlinien, die Praktiken noch den Betrieb dieser Websites verantwortlich, noch f\u00fcr die Ergebnisse, die durch deren Zugriff erzielt werden.<\/span><\/p><h2><b>6. Verantwortung<\/b><\/h2><p><span style=\"font-weight: 400;\">Der Inhaber garantiert weder die st\u00e4ndige Verf\u00fcgbarkeit der Website noch die Fehlerfreiheit, Unterbrechungsfreiheit oder das Fehlen sch\u00e4dlicher Elemente, wird jedoch angemessene Ma\u00dfnahmen ergreifen, um deren ordnungsgem\u00e4\u00dfe Funktion aufrechtzuerhalten.<\/span><\/p><p><span style=\"font-weight: 400;\">Der Inhaber haftet nicht f\u00fcr die Nutzung der Website durch den Nutzer oder f\u00fcr Sch\u00e4den, die aus einer solchen Nutzung entstehen, es sei denn, geltende Vorschriften sehen etwas anderes vor.<\/span><\/p><h2><b>7. Datenschutz und Cookies<\/b><\/h2><p><span style=\"font-weight: 400;\">Die Verarbeitung personenbezogener Daten unterliegt den gesetzlichen Bestimmungen. <\/span><b>Datenschutzrichtlinie <\/b><span style=\"font-weight: 400;\">Die Verwendung von Cookies unterliegt den Nutzungsbedingungen der Website. <\/span><b>Cookie-Richtlinie<\/b><span style=\"font-weight: 400;\">.<\/span><\/p><h2><b>8. Anwendbares Recht und Gerichtsstand<\/b><\/h2><p><span style=\"font-weight: 400;\">Dieser Rechtshinweis unterliegt spanischem Recht. Zur Beilegung von Streitigkeiten unterwerfen sich die Parteien den nach dem Gesetz zust\u00e4ndigen Gerichten und, soweit anwendbar, dem Gerichtsstand am Wohnsitz des Verbrauchers\/Nutzers.<\/span><\/p>\t\t\t\t\t\t\t\t<\/div>\n\t\t\t\t\t<\/div>\n\t\t\t\t<\/div>\n\t\t\t\t<\/div>","protected":false},"excerpt":{"rendered":"<p>Protecci\u00f3n de tus datos Aviso Legal \u2014 COMED.ES En COMED protegemos tus datos personales con responsabilidad, transparencia y conforme a la normativa vigente, garantizando un uso seguro, leg\u00edtimo y exclusivamente educativo e informativo. 1. Datos identificativos En cumplimiento de lo dispuesto en la Ley 34\/2002, de Servicios de la Sociedad de la Informaci\u00f3n y de [&hellip;]<\/p>","protected":false},"author":1,"featured_media":0,"parent":0,"menu_order":0,"comment_status":"closed","ping_status":"closed","template":"elementor_header_footer","meta":{"_joinchat":[],"footnotes":""},"class_list":["post-851","page","type-page","status-publish","hentry"],"yoast_head":"<!-- This site is optimized with the Yoast SEO Premium plugin v26.9 (Yoast SEO v26.9) - https:\/\/yoast.com\/product\/yoast-seo-premium-wordpress\/ -->\n<title>Aviso legal \u2014 COMED.ES - comed.es<\/title>\n<meta name=\"robots\" content=\"index, follow, max-snippet:-1, max-image-preview:large, max-video-preview:-1\" \/>\n<link rel=\"canonical\" href=\"https:\/\/comed.es\/de\/aviso-legal-comed-es\/\" \/>\n<meta property=\"og:locale\" content=\"de_DE\" \/>\n<meta property=\"og:type\" content=\"article\" \/>\n<meta property=\"og:title\" content=\"Aviso legal \u2014 COMED.ES\" \/>\n<meta property=\"og:description\" content=\"Protecci\u00f3n de tus datos Aviso Legal \u2014 COMED.ES En COMED protegemos tus datos personales con responsabilidad, transparencia y conforme a la normativa vigente, garantizando un uso seguro, leg\u00edtimo y exclusivamente educativo e informativo. 1. Datos identificativos En cumplimiento de lo dispuesto en la Ley 34\/2002, de Servicios de la Sociedad de la Informaci\u00f3n y de [&hellip;]\" \/>\n<meta property=\"og:url\" content=\"https:\/\/comed.es\/de\/aviso-legal-comed-es\/\" \/>\n<meta property=\"og:site_name\" content=\"comed.es\" \/>\n<meta property=\"article:modified_time\" content=\"2026-01-26T17:04:47+00:00\" \/>\n<meta property=\"og:image\" content=\"https:\/\/comed.es\/wp-content\/uploads\/2026\/02\/Diseno-sin-titulo-2026-02-14T104136.715.png\" \/>\n\t<meta property=\"og:image:width\" content=\"1200\" \/>\n\t<meta property=\"og:image:height\" content=\"675\" \/>\n\t<meta property=\"og:image:type\" content=\"image\/png\" \/>\n<meta name=\"twitter:card\" content=\"summary_large_image\" \/>\n<meta name=\"twitter:label1\" content=\"Gesch\u00e4tzte Lesezeit\" \/>\n\t<meta name=\"twitter:data1\" content=\"3\u00a0Minuten\" \/>\n<!-- \/ Yoast SEO Premium plugin. -->","yoast_head_json":{"title":"Aviso legal \u2014 COMED.ES - comed.es","robots":{"index":"index","follow":"follow","max-snippet":"max-snippet:-1","max-image-preview":"max-image-preview:large","max-video-preview":"max-video-preview:-1"},"canonical":"https:\/\/comed.es\/de\/aviso-legal-comed-es\/","og_locale":"de_DE","og_type":"article","og_title":"Aviso legal \u2014 COMED.ES","og_description":"Protecci\u00f3n de tus datos Aviso Legal \u2014 COMED.ES En COMED protegemos tus datos personales con responsabilidad, transparencia y conforme a la normativa vigente, garantizando un uso seguro, leg\u00edtimo y exclusivamente educativo e informativo. 1. Datos identificativos En cumplimiento de lo dispuesto en la Ley 34\/2002, de Servicios de la Sociedad de la Informaci\u00f3n y de [&hellip;]","og_url":"https:\/\/comed.es\/de\/aviso-legal-comed-es\/","og_site_name":"comed.es","article_modified_time":"2026-01-26T17:04:47+00:00","og_image":[{"width":1200,"height":675,"url":"https:\/\/comed.es\/wp-content\/uploads\/2026\/02\/Diseno-sin-titulo-2026-02-14T104136.715.png","type":"image\/png"}],"twitter_card":"summary_large_image","twitter_misc":{"Gesch\u00e4tzte Lesezeit":"3\u00a0Minuten"},"schema":{"@context":"https:\/\/schema.org","@graph":[{"@type":"WebPage","@id":"https:\/\/comed.es\/aviso-legal-comed-es\/","url":"https:\/\/comed.es\/aviso-legal-comed-es\/","name":"Aviso legal \u2014 COMED.ES - comed.es","isPartOf":{"@id":"https:\/\/comed.es\/#website"},"datePublished":"2026-01-26T17:00:41+00:00","dateModified":"2026-01-26T17:04:47+00:00","breadcrumb":{"@id":"https:\/\/comed.es\/aviso-legal-comed-es\/#breadcrumb"},"inLanguage":"de","potentialAction":[{"@type":"ReadAction","target":["https:\/\/comed.es\/aviso-legal-comed-es\/"]}]},{"@type":"BreadcrumbList","@id":"https:\/\/comed.es\/aviso-legal-comed-es\/#breadcrumb","itemListElement":[{"@type":"ListItem","position":1,"name":"Portada","item":"https:\/\/comed.es\/"},{"@type":"ListItem","position":2,"name":"Aviso legal \u2014 COMED.ES"}]},{"@type":"WebSite","@id":"https:\/\/comed.es\/#website","url":"https:\/\/comed.es\/","name":"Comed","description":"","publisher":{"@id":"https:\/\/comed.es\/#organization"},"potentialAction":[{"@type":"SearchAction","target":{"@type":"EntryPoint","urlTemplate":"https:\/\/comed.es\/?s={search_term_string}"},"query-input":{"@type":"PropertyValueSpecification","valueRequired":true,"valueName":"search_term_string"}}],"inLanguage":"de"},{"@type":"Organization","@id":"https:\/\/comed.es\/#organization","name":"Comed","url":"https:\/\/comed.es\/","logo":{"@type":"ImageObject","inLanguage":"de","@id":"https:\/\/comed.es\/#\/schema\/logo\/image\/","url":"https:\/\/comed.es\/wp-content\/uploads\/2026\/01\/comed.png","contentUrl":"https:\/\/comed.es\/wp-content\/uploads\/2026\/01\/comed.png","width":336,"height":100,"caption":"Comed"},"image":{"@id":"https:\/\/comed.es\/#\/schema\/logo\/image\/"}}]}},"_hostinger_reach_plugin_has_subscription_block":false,"_hostinger_reach_plugin_is_elementor":false,"_links":{"self":[{"href":"https:\/\/comed.es\/de\/wp-json\/wp\/v2\/pages\/851","targetHints":{"allow":["GET"]}}],"collection":[{"href":"https:\/\/comed.es\/de\/wp-json\/wp\/v2\/pages"}],"about":[{"href":"https:\/\/comed.es\/de\/wp-json\/wp\/v2\/types\/page"}],"author":[{"embeddable":true,"href":"https:\/\/comed.es\/de\/wp-json\/wp\/v2\/users\/1"}],"replies":[{"embeddable":true,"href":"https:\/\/comed.es\/de\/wp-json\/wp\/v2\/comments?post=851"}],"version-history":[{"count":10,"href":"https:\/\/comed.es\/de\/wp-json\/wp\/v2\/pages\/851\/revisions"}],"predecessor-version":[{"id":861,"href":"https:\/\/comed.es\/de\/wp-json\/wp\/v2\/pages\/851\/revisions\/861"}],"wp:attachment":[{"href":"https:\/\/comed.es\/de\/wp-json\/wp\/v2\/media?parent=851"}],"curies":[{"name":"wp","href":"https:\/\/api.w.org\/{rel}","templated":true}]}}