{"id":72,"date":"2026-01-20T23:11:30","date_gmt":"2026-01-20T23:11:30","guid":{"rendered":"https:\/\/comed.es\/?page_id=72"},"modified":"2026-01-28T13:47:38","modified_gmt":"2026-01-28T13:47:38","slug":"contacto","status":"publish","type":"page","link":"https:\/\/comed.es\/de\/contacto\/","title":{"rendered":"Kontakt"},"content":{"rendered":"<div data-elementor-type=\"wp-page\" data-elementor-id=\"72\" class=\"elementor elementor-72\" data-elementor-post-type=\"page\">\n\t\t\t\t<div class=\"elementor-element elementor-element-67fa32e4 e-flex e-con-boxed e-con e-parent\" data-id=\"67fa32e4\" data-element_type=\"container\" data-settings=\"{&quot;background_background&quot;:&quot;classic&quot;}\">\n\t\t\t\t\t<div class=\"e-con-inner\">\n\t\t<div class=\"elementor-element elementor-element-14d13e0 e-con-full e-flex e-con e-child\" data-id=\"14d13e0\" data-element_type=\"container\">\n\t\t<div class=\"elementor-element elementor-element-34863d65 e-con-full e-flex e-con e-child\" data-id=\"34863d65\" data-element_type=\"container\">\n\t\t\t\t<div class=\"elementor-element elementor-element-66c2feff elementor-invisible elementor-widget elementor-widget-heading\" data-id=\"66c2feff\" data-element_type=\"widget\" data-settings=\"{&quot;_animation&quot;:&quot;fadeInUp&quot;}\" data-widget_type=\"heading.default\">\n\t\t\t\t\t<h2 class=\"elementor-heading-title elementor-size-default\">Kontaktieren Sie uns<\/h2>\t\t\t\t<\/div>\n\t\t\t\t<div class=\"elementor-element elementor-element-7a6e1522 elementor-invisible elementor-widget elementor-widget-elementskit-heading\" data-id=\"7a6e1522\" data-element_type=\"widget\" data-settings=\"{&quot;_animation&quot;:&quot;fadeInUp&quot;,&quot;_animation_delay&quot;:200}\" data-widget_type=\"elementskit-heading.default\">\n\t\t\t\t\t<div class=\"ekit-wid-con\" ><div class=\"ekit-heading elementskit-section-title-wraper text_left   ekit_heading_tablet-   ekit_heading_mobile-\"><h1 class=\"ekit-heading--title elementskit-section-title\">Wir sind hier, um <span><span>Ich h\u00f6re dir zu <\/span><\/span><\/h1><\/div><\/div>\t\t\t\t<\/div>\n\t\t\t\t<div class=\"elementor-element elementor-element-121875ed elementor-widget elementor-widget-text-editor\" data-id=\"121875ed\" data-element_type=\"widget\" data-widget_type=\"text-editor.default\">\n\t\t\t\t\t\t\t\t\tWenn Sie mehr Informationen \u00fcber das Bildungsprojekt von COMED erhalten, mitwirken, eine Frage stellen oder diese Initiative unterst\u00fctzen m\u00f6chten, helfen wir Ihnen gerne weiter.\t\t\t\t\t\t\t\t<\/div>\n\t\t\t\t<\/div>\n\t\t\t\t<\/div>\n\t\t<div class=\"elementor-element elementor-element-4411d5b1 e-con-full e-flex e-con e-child\" data-id=\"4411d5b1\" data-element_type=\"container\">\n\t\t\t\t<\/div>\n\t\t\t\t\t<\/div>\n\t\t\t\t<\/div>\n\t\t<div class=\"elementor-element elementor-element-1edec12c e-flex e-con-boxed e-con e-parent\" data-id=\"1edec12c\" data-element_type=\"container\">\n\t\t\t\t\t<div class=\"e-con-inner\">\n\t\t<div class=\"elementor-element elementor-element-58fc5861 e-con-full e-flex e-con e-child\" data-id=\"58fc5861\" data-element_type=\"container\">\n\t\t\t\t<div class=\"elementor-element elementor-element-7ef8a072 elementor-invisible elementor-widget elementor-widget-heading\" data-id=\"7ef8a072\" data-element_type=\"widget\" data-settings=\"{&quot;_animation&quot;:&quot;fadeInUp&quot;}\" data-widget_type=\"heading.default\">\n\t\t\t\t\t<h2 class=\"elementor-heading-title elementor-size-default\">Individuelle Betreuung<\/h2>\t\t\t\t<\/div>\n\t\t\t\t<div class=\"elementor-element elementor-element-2043ee14 elementor-invisible elementor-widget elementor-widget-heading\" data-id=\"2043ee14\" data-element_type=\"widget\" data-settings=\"{&quot;_animation&quot;:&quot;fadeInUp&quot;,&quot;_animation_delay&quot;:200}\" data-widget_type=\"heading.default\">\n\t\t\t\t\t<h3 class=\"elementor-heading-title elementor-size-default\">Kontaktinformationen<\/h3>\t\t\t\t<\/div>\n\t\t\t\t<div class=\"elementor-element elementor-element-31f16f39 elementor-widget elementor-widget-text-editor\" data-id=\"31f16f39\" data-element_type=\"widget\" data-widget_type=\"text-editor.default\">\n\t\t\t\t\t\t\t\t\tBei Comed bieten wir Ihnen verschiedene Kontaktkan\u00e4le f\u00fcr eine flexible, klare und effiziente Kommunikation.\t\t\t\t\t\t\t\t<\/div>\n\t\t<div class=\"elementor-element elementor-element-24381029 e-con-full e-flex e-con e-child\" data-id=\"24381029\" data-element_type=\"container\">\n\t\t<div class=\"elementor-element elementor-element-35133bb8 e-con-full e-flex e-con e-child\" data-id=\"35133bb8\" data-element_type=\"container\">\n\t\t<div class=\"elementor-element elementor-element-937346a e-con-full e-flex e-con e-child\" data-id=\"937346a\" data-element_type=\"container\" data-settings=\"{&quot;background_background&quot;:&quot;classic&quot;}\">\n\t\t\t\t<div class=\"elementor-element elementor-element-7a43af91 elementor-widget__width-initial elementor-absolute elementor-view-default elementor-widget elementor-widget-icon\" data-id=\"7a43af91\" data-element_type=\"widget\" data-settings=\"{&quot;_position&quot;:&quot;absolute&quot;}\" data-widget_type=\"icon.default\">\n\t\t\t\t\t\t\t<div class=\"elementor-icon-wrapper\">\n\t\t\t<div class=\"elementor-icon\">\n\t\t\t<i aria-hidden=\"true\" class=\"icon icon-map-marker1\"><\/i>\t\t\t<\/div>\n\t\t<\/div>\n\t\t\t\t\t\t<\/div>\n\t\t\t\t<div class=\"elementor-element elementor-element-461a7324 elementor-widget elementor-widget-icon-box\" data-id=\"461a7324\" data-element_type=\"widget\" data-widget_type=\"icon-box.default\">\n\t\t\t\t\t\t\t<div class=\"elementor-icon-box-wrapper\">\n\n\t\t\t\n\t\t\t\t\t\t<div class=\"elementor-icon-box-content\">\n\n\t\t\t\t\t\t\t\t\t<h4 class=\"elementor-icon-box-title\">\n\t\t\t\t\t\t<span  >\n\t\t\t\t\t\t\tAdresse\t\t\t\t\t\t<\/span>\n\t\t\t\t\t<\/h4>\n\t\t\t\t\n\t\t\t\t\t\t\t\t\t<p class=\"elementor-icon-box-description\">\n\t\t\t\t\t\tC\/ Virgen del Pilar, 2\u201314, 35012 \u00b7 Las Palmas de Gran Canaria\t\t\t\t\t<\/p>\n\t\t\t\t\n\t\t\t<\/div>\n\t\t\t\n\t\t<\/div>\n\t\t\t\t\t\t<\/div>\n\t\t\t\t<\/div>\n\t\t<div class=\"elementor-element elementor-element-1af9fab8 e-con-full e-flex e-con e-child\" data-id=\"1af9fab8\" data-element_type=\"container\" data-settings=\"{&quot;background_background&quot;:&quot;classic&quot;}\">\n\t\t\t\t<div class=\"elementor-element elementor-element-65649906 elementor-widget__width-initial elementor-absolute elementor-view-default elementor-widget elementor-widget-icon\" data-id=\"65649906\" data-element_type=\"widget\" data-settings=\"{&quot;_position&quot;:&quot;absolute&quot;}\" data-widget_type=\"icon.default\">\n\t\t\t\t\t\t\t<div class=\"elementor-icon-wrapper\">\n\t\t\t<div class=\"elementor-icon\">\n\t\t\t<i aria-hidden=\"true\" class=\"icon icon-clock2\"><\/i>\t\t\t<\/div>\n\t\t<\/div>\n\t\t\t\t\t\t<\/div>\n\t\t\t\t<div class=\"elementor-element elementor-element-263c1b0b elementor-widget elementor-widget-icon-box\" data-id=\"263c1b0b\" data-element_type=\"widget\" data-widget_type=\"icon-box.default\">\n\t\t\t\t\t\t\t<div class=\"elementor-icon-box-wrapper\">\n\n\t\t\t\n\t\t\t\t\t\t<div class=\"elementor-icon-box-content\">\n\n\t\t\t\t\t\t\t\t\t<h4 class=\"elementor-icon-box-title\">\n\t\t\t\t\t\t<span  >\n\t\t\t\t\t\t\tArbeitszeit\t\t\t\t\t\t<\/span>\n\t\t\t\t\t<\/h4>\n\t\t\t\t\n\t\t\t\t\t\t\t\t\t<p class=\"elementor-icon-box-description\">\n\t\t\t\t\t\tMontag bis Freitag, von 8:00 bis 16:00 Uhr.\t\t\t\t\t<\/p>\n\t\t\t\t\n\t\t\t<\/div>\n\t\t\t\n\t\t<\/div>\n\t\t\t\t\t\t<\/div>\n\t\t\t\t<\/div>\n\t\t\t\t<\/div>\n\t\t<div class=\"elementor-element elementor-element-31857270 e-con-full e-flex e-con e-child\" data-id=\"31857270\" data-element_type=\"container\">\n\t\t<div class=\"elementor-element elementor-element-4945cf56 e-con-full e-flex e-con e-child\" data-id=\"4945cf56\" data-element_type=\"container\" data-settings=\"{&quot;background_background&quot;:&quot;classic&quot;}\">\n\t\t\t\t<div class=\"elementor-element elementor-element-419f1003 elementor-widget__width-initial elementor-absolute elementor-view-default elementor-widget elementor-widget-icon\" data-id=\"419f1003\" data-element_type=\"widget\" data-settings=\"{&quot;_position&quot;:&quot;absolute&quot;}\" data-widget_type=\"icon.default\">\n\t\t\t\t\t\t\t<div class=\"elementor-icon-wrapper\">\n\t\t\t<div class=\"elementor-icon\">\n\t\t\t<i aria-hidden=\"true\" class=\"icon icon-email\"><\/i>\t\t\t<\/div>\n\t\t<\/div>\n\t\t\t\t\t\t<\/div>\n\t\t\t\t<div class=\"elementor-element elementor-element-68824bd4 elementor-widget elementor-widget-icon-box\" data-id=\"68824bd4\" data-element_type=\"widget\" data-widget_type=\"icon-box.default\">\n\t\t\t\t\t\t\t<div class=\"elementor-icon-box-wrapper\">\n\n\t\t\t\n\t\t\t\t\t\t<div class=\"elementor-icon-box-content\">\n\n\t\t\t\t\t\t\t\t\t<h4 class=\"elementor-icon-box-title\">\n\t\t\t\t\t\t<span  >\n\t\t\t\t\t\t\tE-Mail\t\t\t\t\t\t<\/span>\n\t\t\t\t\t<\/h4>\n\t\t\t\t\n\t\t\t\t\t\t\t\t\t<p class=\"elementor-icon-box-description\">\n\t\t\t\t\t\t<a href=\"mailto:info@comed.es\">info@comed.es<\/a>\t\t\t\t\t<\/p>\n\t\t\t\t\n\t\t\t<\/div>\n\t\t\t\n\t\t<\/div>\n\t\t\t\t\t\t<\/div>\n\t\t\t\t<\/div>\n\t\t<div class=\"elementor-element elementor-element-5dcab4bd e-con-full e-flex e-con e-child\" data-id=\"5dcab4bd\" data-element_type=\"container\" data-settings=\"{&quot;background_background&quot;:&quot;classic&quot;}\">\n\t\t\t\t<div class=\"elementor-element elementor-element-71122e31 elementor-widget__width-initial elementor-absolute elementor-view-default elementor-widget elementor-widget-icon\" data-id=\"71122e31\" data-element_type=\"widget\" data-settings=\"{&quot;_position&quot;:&quot;absolute&quot;}\" data-widget_type=\"icon.default\">\n\t\t\t\t\t\t\t<div class=\"elementor-icon-wrapper\">\n\t\t\t<div class=\"elementor-icon\">\n\t\t\t<i aria-hidden=\"true\" class=\"icon icon-phone\"><\/i>\t\t\t<\/div>\n\t\t<\/div>\n\t\t\t\t\t\t<\/div>\n\t\t\t\t<div class=\"elementor-element elementor-element-44a47821 elementor-widget elementor-widget-icon-box\" data-id=\"44a47821\" data-element_type=\"widget\" data-widget_type=\"icon-box.default\">\n\t\t\t\t\t\t\t<div class=\"elementor-icon-box-wrapper\">\n\n\t\t\t\n\t\t\t\t\t\t<div class=\"elementor-icon-box-content\">\n\n\t\t\t\t\t\t\t\t\t<h4 class=\"elementor-icon-box-title\">\n\t\t\t\t\t\t<span  >\n\t\t\t\t\t\t\tTelefon\t\t\t\t\t\t<\/span>\n\t\t\t\t\t<\/h4>\n\t\t\t\t\n\t\t\t\t\t\t\t\t\t<p class=\"elementor-icon-box-description\">\n\t\t\t\t\t\t<a href=\"tel:+34609109357\">+34 609 10 93 57<\/a>\n\t\t\t\t\t<\/p>\n\t\t\t\t\n\t\t\t<\/div>\n\t\t\t\n\t\t<\/div>\n\t\t\t\t\t\t<\/div>\n\t\t\t\t<\/div>\n\t\t\t\t<\/div>\n\t\t\t\t<\/div>\n\t\t\t\t<\/div>\n\t\t<div class=\"elementor-element elementor-element-69a3c531 e-con-full e-flex e-con e-child\" data-id=\"69a3c531\" data-element_type=\"container\" data-settings=\"{&quot;background_background&quot;:&quot;classic&quot;}\">\n\t\t\t\t<div class=\"elementor-element elementor-element-db03d91 elementor-widget elementor-widget-menu-anchor\" data-id=\"db03d91\" data-element_type=\"widget\" data-widget_type=\"menu-anchor.default\">\n\t\t\t\t\t\t\t<div class=\"elementor-menu-anchor\" id=\"formulario\"><\/div>\n\t\t\t\t\t\t<\/div>\n\t\t\t\t<div class=\"elementor-element elementor-element-3b9260c2 elementor-widget elementor-widget-heading\" data-id=\"3b9260c2\" data-element_type=\"widget\" data-widget_type=\"heading.default\">\n\t\t\t\t\t<h3 class=\"elementor-heading-title elementor-size-default\">Kontaktformular und Informationsanfragen<\/h3>\t\t\t\t<\/div>\n\t\t\t\t<div class=\"elementor-element elementor-element-791b95db elementor-widget elementor-widget-text-editor\" data-id=\"791b95db\" data-element_type=\"widget\" data-widget_type=\"text-editor.default\">\n\t\t\t\t\t\t\t\t\tF\u00fcllen Sie das untenstehende Formular mit Ihren Daten aus und beschreiben Sie kurz Ihre Bed\u00fcrfnisse. Unser Team wird Ihre Angaben pr\u00fcfen und sich schnellstm\u00f6glich mit Ihnen in Verbindung setzen, um Ihnen eine individuelle Antwort zu geben und Sie durch den gesamten Prozess zu begleiten.\t\t\t\t\t\t\t\t<\/div>\n\t\t\t\t<div class=\"elementor-element elementor-element-0ecbb4e elementor-button-align-stretch elementor-widget elementor-widget-form\" data-id=\"0ecbb4e\" data-element_type=\"widget\" data-settings=\"{&quot;step_next_label&quot;:&quot;Next&quot;,&quot;step_previous_label&quot;:&quot;Previous&quot;,&quot;button_width&quot;:&quot;100&quot;,&quot;step_type&quot;:&quot;number_text&quot;,&quot;step_icon_shape&quot;:&quot;circle&quot;}\" data-widget_type=\"form.default\">\n\t\t\t\t\t\t\t<form class=\"elementor-form\" method=\"post\" name=\"Formulario\" aria-label=\"Bilden\" action=\"\">\n\t\t\t<input type=\"hidden\" name=\"post_id\" value=\"72\"\/>\n\t\t\t<input type=\"hidden\" name=\"form_id\" value=\"0ecbb4e\"\/>\n\t\t\t<input type=\"hidden\" name=\"referer_title\" value=\"Contacto - comed.es\" \/>\n\n\t\t\t\t\t\t\t<input type=\"hidden\" name=\"queried_id\" value=\"72\"\/>\n\t\t\t\n\t\t\t<div class=\"elementor-form-fields-wrapper elementor-labels-above\">\n\t\t\t\t\t\t\t\t<div class=\"elementor-field-type-text elementor-field-group elementor-column elementor-field-group-name elementor-col-50\">\n\t\t\t\t\t\t\t\t\t\t\t\t<label for=\"form-field-name\" class=\"elementor-field-label\">\n\t\t\t\t\t\t\t\tName\t\t\t\t\t\t\t<\/label>\n\t\t\t\t\t\t\t\t\t\t\t\t\t\t<input size=\"1\" type=\"text\" name=\"form_fields[name]\" id=\"form-field-name\" class=\"elementor-field elementor-size-sm  elementor-field-textual\" placeholder=\"Name\">\n\t\t\t\t\t\t\t\t\t\t\t<\/div>\n\t\t\t\t\t\t\t\t<div class=\"elementor-field-type-email elementor-field-group elementor-column elementor-field-group-email elementor-col-50 elementor-field-required\">\n\t\t\t\t\t\t\t\t\t\t\t\t<label for=\"form-field-email\" class=\"elementor-field-label\">\n\t\t\t\t\t\t\t\tE-Mail\t\t\t\t\t\t\t<\/label>\n\t\t\t\t\t\t\t\t\t\t\t\t\t\t<input size=\"1\" type=\"email\" name=\"form_fields[email]\" id=\"form-field-email\" class=\"elementor-field elementor-size-sm  elementor-field-textual\" placeholder=\"E-Mail\" required=\"required\">\n\t\t\t\t\t\t\t\t\t\t\t<\/div>\n\t\t\t\t\t\t\t\t<div class=\"elementor-field-type-tel elementor-field-group elementor-column elementor-field-group-field_26021d7 elementor-col-100 elementor-field-required\">\n\t\t\t\t\t\t\t\t\t\t\t\t<label for=\"form-field-field_26021d7\" class=\"elementor-field-label\">\n\t\t\t\t\t\t\t\tTelefon\t\t\t\t\t\t\t<\/label>\n\t\t\t\t\t\t\t\t<input size=\"1\" type=\"tel\" name=\"form_fields[field_26021d7]\" id=\"form-field-field_26021d7\" class=\"elementor-field elementor-size-sm  elementor-field-textual\" placeholder=\"Telefon\" required=\"required\" pattern=\"[0-9()#&amp;+*-=.]+\" title=\"Only numbers and phone characters (#, -, *, etc) are accepted.\" data-no-translation-title=\"\">\n\n\t\t\t\t\t\t<\/div>\n\t\t\t\t\t\t\t\t<div class=\"elementor-field-type-text elementor-field-group elementor-column elementor-field-group-field_8fb907c elementor-col-100 elementor-field-required\">\n\t\t\t\t\t\t\t\t\t\t\t\t<label for=\"form-field-field_8fb907c\" class=\"elementor-field-label\">\n\t\t\t\t\t\t\t\tAff\u00e4re\t\t\t\t\t\t\t<\/label>\n\t\t\t\t\t\t\t\t\t\t\t\t\t\t<input size=\"1\" type=\"text\" name=\"form_fields[field_8fb907c]\" id=\"form-field-field_8fb907c\" class=\"elementor-field elementor-size-sm  elementor-field-textual\" placeholder=\"Aff\u00e4re\" required=\"required\">\n\t\t\t\t\t\t\t\t\t\t\t<\/div>\n\t\t\t\t\t\t\t\t<div class=\"elementor-field-type-textarea elementor-field-group elementor-column elementor-field-group-message elementor-col-100\">\n\t\t\t\t\t\t\t\t\t\t\t\t<label for=\"form-field-message\" class=\"elementor-field-label\">\n\t\t\t\t\t\t\t\tNachricht\t\t\t\t\t\t\t<\/label>\n\t\t\t\t\t\t<textarea class=\"elementor-field-textual elementor-field  elementor-size-sm\" name=\"form_fields[message]\" id=\"form-field-message\" rows=\"4\" placeholder=\"Nachricht\"><\/textarea>\t\t\t\t<\/div>\n\t\t\t\t\t\t\t\t<div class=\"elementor-field-type-acceptance elementor-field-group elementor-column elementor-field-group-field_7fa53ac elementor-col-100 elementor-field-required\">\n\t\t\t\t\t\t\t\t\t\t\t\t<label for=\"form-field-field_7fa53ac\" class=\"elementor-field-label\">\n\t\t\t\t\t\t\t\tIch akzeptiere die <a href=\"https:\/\/comed.es\/de\/aviso-legal-comed-es\/\" target=\"_blank\" style=\"color: #CADFF0; text-decoration: underline;\">Rechtlicher Hinweis<\/a> und die <a href=\"https:\/\/comed.es\/de\/politicas-de-privacidad\/\" target=\"_blank\" style=\"color: #CADFF0; text-decoration: underline;\">Datenschutzrichtlinie<\/a>\t\t\t\t\t\t\t<\/label>\n\t\t\t\t\t\t\t\t<div class=\"elementor-field-subgroup\">\n\t\t\t<span class=\"elementor-field-option\">\n\t\t\t\t<input type=\"checkbox\" name=\"form_fields[field_7fa53ac]\" id=\"form-field-field_7fa53ac\" class=\"elementor-field elementor-size-sm  elementor-acceptance-field\" required=\"required\">\n\t\t\t\t\t\t\t<\/span>\n\t\t<\/div>\n\t\t\t\t\t\t<\/div>\n\t\t\t\t\t\t\t\t<div class=\"elementor-field-group elementor-column elementor-field-type-submit elementor-col-100 e-form__buttons\">\n\t\t\t\t\t<button class=\"elementor-button elementor-size-sm\" type=\"submit\">\n\t\t\t\t\t\t<span class=\"elementor-button-content-wrapper\">\n\t\t\t\t\t\t\t\t\t\t\t\t\t\t\t\t\t\t\t\t\t\t<span class=\"elementor-button-text\">Nachricht senden<\/span>\n\t\t\t\t\t\t\t\t\t\t\t\t\t<\/span>\n\t\t\t\t\t<\/button>\n\t\t\t\t<\/div>\n\t\t\t<\/div>\n\t\t<input type=\"hidden\" name=\"trp-form-language\" value=\"de\"\/><\/form>\n\t\t\t\t\t\t<\/div>\n\t\t\t\t<\/div>\n\t\t\t\t\t<\/div>\n\t\t\t\t<\/div>\n\t\t<div class=\"elementor-element elementor-element-61eefb45 e-con-full e-flex e-con e-parent\" data-id=\"61eefb45\" data-element_type=\"container\">\n\t\t\t\t<div class=\"elementor-element elementor-element-49c7a7ac elementor-widget elementor-widget-google_maps\" data-id=\"49c7a7ac\" data-element_type=\"widget\" data-widget_type=\"google_maps.default\">\n\t\t\t\t\t\t\t<div class=\"elementor-custom-embed\">\n\t\t\t<iframe loading=\"lazy\"\n\t\t\t\t\tsrc=\"https:\/\/maps.google.com\/maps?q=C%2F%20Virgen%20del%20Pilar%2C%202%E2%80%9314%2C%2035012%20%C2%B7%20Las%20Palmas%20de%20Gran%20Canaria&#038;t=m&#038;z=13&#038;output=embed&#038;iwloc=near\"\n\t\t\t\t\ttitle=\"C\/ Virgen del Pilar, 2\u201314, 35012 \u00b7 Las Palmas de Gran Canaria\"\n\t\t\t\t\taria-label=\"C\/ Virgen del Pilar, 2\u201314, 35012 \u00b7 Las Palmas de Gran Canaria\"\n\t\t\t><\/iframe>\n\t\t<\/div>\n\t\t\t\t\t\t<\/div>\n\t\t\t\t<\/div>\n\t\t\t\t<\/div>","protected":false},"excerpt":{"rendered":"<p>Cont\u00e1ctenos Estamos aqu\u00ed para escucharte Si deseas recibir m\u00e1s informaci\u00f3n sobre el proyecto educativo de COMED, colaborar, realizar una consulta o apoyar esta iniciativa, estaremos encantados de atenderte. Atenci\u00f3n personalizada Informaci\u00f3n de contacto En Comed disponemos de diversos canales de contacto para ofrecerte una comunicaci\u00f3n \u00e1gil, clara y eficiente. Direcci\u00f3n C\/ Virgen del Pilar, 2\u201314, [&hellip;]<\/p>","protected":false},"author":1,"featured_media":0,"parent":0,"menu_order":0,"comment_status":"closed","ping_status":"closed","template":"elementor_header_footer","meta":{"_joinchat":[],"footnotes":""},"class_list":["post-72","page","type-page","status-publish","hentry"],"yoast_head":"<!-- This site is optimized with the Yoast SEO Premium plugin v26.9 (Yoast SEO v26.9) - https:\/\/yoast.com\/product\/yoast-seo-premium-wordpress\/ -->\n<title>Contacto - comed.es<\/title>\n<meta name=\"robots\" content=\"index, follow, max-snippet:-1, max-image-preview:large, max-video-preview:-1\" \/>\n<link rel=\"canonical\" href=\"https:\/\/comed.es\/de\/contacto\/\" \/>\n<meta property=\"og:locale\" content=\"de_DE\" \/>\n<meta property=\"og:type\" content=\"article\" \/>\n<meta property=\"og:title\" content=\"Contacto\" \/>\n<meta property=\"og:description\" content=\"Cont\u00e1ctenos Estamos aqu\u00ed para escucharte Si deseas recibir m\u00e1s informaci\u00f3n sobre el proyecto educativo de COMED, colaborar, realizar una consulta o apoyar esta iniciativa, estaremos encantados de atenderte. Atenci\u00f3n personalizada Informaci\u00f3n de contacto En Comed disponemos de diversos canales de contacto para ofrecerte una comunicaci\u00f3n \u00e1gil, clara y eficiente. Direcci\u00f3n C\/ Virgen del Pilar, 2\u201314, [&hellip;]\" \/>\n<meta property=\"og:url\" content=\"https:\/\/comed.es\/de\/contacto\/\" \/>\n<meta property=\"og:site_name\" content=\"comed.es\" \/>\n<meta property=\"article:modified_time\" content=\"2026-01-28T13:47:38+00:00\" \/>\n<meta property=\"og:image\" content=\"https:\/\/comed.es\/wp-content\/uploads\/2026\/02\/Diseno-sin-titulo-2026-02-14T104136.715.png\" \/>\n\t<meta property=\"og:image:width\" content=\"1200\" \/>\n\t<meta property=\"og:image:height\" content=\"675\" \/>\n\t<meta property=\"og:image:type\" content=\"image\/png\" \/>\n<meta name=\"twitter:card\" content=\"summary_large_image\" \/>\n<meta name=\"twitter:label1\" content=\"Gesch\u00e4tzte Lesezeit\" \/>\n\t<meta name=\"twitter:data1\" content=\"1\u00a0Minute\" \/>\n<!-- \/ Yoast SEO Premium plugin. -->","yoast_head_json":{"title":"Contacto - comed.es","robots":{"index":"index","follow":"follow","max-snippet":"max-snippet:-1","max-image-preview":"max-image-preview:large","max-video-preview":"max-video-preview:-1"},"canonical":"https:\/\/comed.es\/de\/contacto\/","og_locale":"de_DE","og_type":"article","og_title":"Contacto","og_description":"Cont\u00e1ctenos Estamos aqu\u00ed para escucharte Si deseas recibir m\u00e1s informaci\u00f3n sobre el proyecto educativo de COMED, colaborar, realizar una consulta o apoyar esta iniciativa, estaremos encantados de atenderte. Atenci\u00f3n personalizada Informaci\u00f3n de contacto En Comed disponemos de diversos canales de contacto para ofrecerte una comunicaci\u00f3n \u00e1gil, clara y eficiente. Direcci\u00f3n C\/ Virgen del Pilar, 2\u201314, [&hellip;]","og_url":"https:\/\/comed.es\/de\/contacto\/","og_site_name":"comed.es","article_modified_time":"2026-01-28T13:47:38+00:00","og_image":[{"width":1200,"height":675,"url":"https:\/\/comed.es\/wp-content\/uploads\/2026\/02\/Diseno-sin-titulo-2026-02-14T104136.715.png","type":"image\/png"}],"twitter_card":"summary_large_image","twitter_misc":{"Gesch\u00e4tzte Lesezeit":"1\u00a0Minute"},"schema":{"@context":"https:\/\/schema.org","@graph":[{"@type":"WebPage","@id":"https:\/\/comed.es\/contacto\/","url":"https:\/\/comed.es\/contacto\/","name":"Contacto - comed.es","isPartOf":{"@id":"https:\/\/comed.es\/#website"},"datePublished":"2026-01-20T23:11:30+00:00","dateModified":"2026-01-28T13:47:38+00:00","breadcrumb":{"@id":"https:\/\/comed.es\/contacto\/#breadcrumb"},"inLanguage":"de","potentialAction":[{"@type":"ReadAction","target":["https:\/\/comed.es\/contacto\/"]}]},{"@type":"BreadcrumbList","@id":"https:\/\/comed.es\/contacto\/#breadcrumb","itemListElement":[{"@type":"ListItem","position":1,"name":"Portada","item":"https:\/\/comed.es\/"},{"@type":"ListItem","position":2,"name":"Contacto"}]},{"@type":"WebSite","@id":"https:\/\/comed.es\/#website","url":"https:\/\/comed.es\/","name":"Comed","description":"","publisher":{"@id":"https:\/\/comed.es\/#organization"},"potentialAction":[{"@type":"SearchAction","target":{"@type":"EntryPoint","urlTemplate":"https:\/\/comed.es\/?s={search_term_string}"},"query-input":{"@type":"PropertyValueSpecification","valueRequired":true,"valueName":"search_term_string"}}],"inLanguage":"de"},{"@type":"Organization","@id":"https:\/\/comed.es\/#organization","name":"Comed","url":"https:\/\/comed.es\/","logo":{"@type":"ImageObject","inLanguage":"de","@id":"https:\/\/comed.es\/#\/schema\/logo\/image\/","url":"https:\/\/comed.es\/wp-content\/uploads\/2026\/01\/comed.png","contentUrl":"https:\/\/comed.es\/wp-content\/uploads\/2026\/01\/comed.png","width":336,"height":100,"caption":"Comed"},"image":{"@id":"https:\/\/comed.es\/#\/schema\/logo\/image\/"}}]}},"_hostinger_reach_plugin_has_subscription_block":false,"_hostinger_reach_plugin_is_elementor":false,"_links":{"self":[{"href":"https:\/\/comed.es\/de\/wp-json\/wp\/v2\/pages\/72","targetHints":{"allow":["GET"]}}],"collection":[{"href":"https:\/\/comed.es\/de\/wp-json\/wp\/v2\/pages"}],"about":[{"href":"https:\/\/comed.es\/de\/wp-json\/wp\/v2\/types\/page"}],"author":[{"embeddable":true,"href":"https:\/\/comed.es\/de\/wp-json\/wp\/v2\/users\/1"}],"replies":[{"embeddable":true,"href":"https:\/\/comed.es\/de\/wp-json\/wp\/v2\/comments?post=72"}],"version-history":[{"count":79,"href":"https:\/\/comed.es\/de\/wp-json\/wp\/v2\/pages\/72\/revisions"}],"predecessor-version":[{"id":892,"href":"https:\/\/comed.es\/de\/wp-json\/wp\/v2\/pages\/72\/revisions\/892"}],"wp:attachment":[{"href":"https:\/\/comed.es\/de\/wp-json\/wp\/v2\/media?parent=72"}],"curies":[{"name":"wp","href":"https:\/\/api.w.org\/{rel}","templated":true}]}}