{"id":129,"date":"2026-01-20T23:35:13","date_gmt":"2026-01-20T23:35:13","guid":{"rendered":"https:\/\/comed.es\/?page_id=129"},"modified":"2026-01-26T16:58:20","modified_gmt":"2026-01-26T16:58:20","slug":"politicas-de-privacidad","status":"publish","type":"page","link":"https:\/\/comed.es\/de\/politicas-de-privacidad\/","title":{"rendered":"Pol\u00edticas de privacidad"},"content":{"rendered":"<div data-elementor-type=\"wp-page\" data-elementor-id=\"129\" class=\"elementor elementor-129\" data-elementor-post-type=\"page\">\n\t\t\t\t<div class=\"elementor-element elementor-element-31dc56dd e-flex e-con-boxed e-con e-parent\" data-id=\"31dc56dd\" data-element_type=\"container\" data-settings=\"{&quot;background_background&quot;:&quot;classic&quot;}\">\n\t\t\t\t\t<div class=\"e-con-inner\">\n\t\t<div class=\"elementor-element elementor-element-2947efe8 e-con-full e-flex e-con e-child\" data-id=\"2947efe8\" data-element_type=\"container\">\n\t\t<div class=\"elementor-element elementor-element-24f5276c e-con-full e-flex e-con e-child\" data-id=\"24f5276c\" data-element_type=\"container\">\n\t\t\t\t<div class=\"elementor-element elementor-element-24241377 elementor-invisible elementor-widget elementor-widget-heading\" data-id=\"24241377\" data-element_type=\"widget\" data-settings=\"{&quot;_animation&quot;:&quot;fadeInUp&quot;}\" data-widget_type=\"heading.default\">\n\t\t\t\t\t<h2 class=\"elementor-heading-title elementor-size-default\">Schutz Ihrer Daten<\/h2>\t\t\t\t<\/div>\n\t\t\t\t<div class=\"elementor-element elementor-element-73425a2c elementor-invisible elementor-widget elementor-widget-elementskit-heading\" data-id=\"73425a2c\" data-element_type=\"widget\" data-settings=\"{&quot;_animation&quot;:&quot;fadeInUp&quot;,&quot;_animation_delay&quot;:200}\" data-widget_type=\"elementskit-heading.default\">\n\t\t\t\t\t<div class=\"ekit-wid-con\" ><div class=\"ekit-heading elementskit-section-title-wraper text_left   ekit_heading_tablet-   ekit_heading_mobile-\"><h1 class=\"ekit-heading--title elementskit-section-title\">Politik <span><span>Datenschutz<\/span><\/span><\/h1><\/div><\/div>\t\t\t\t<\/div>\n\t\t\t\t<div class=\"elementor-element elementor-element-44b57c05 elementor-widget elementor-widget-text-editor\" data-id=\"44b57c05\" data-element_type=\"widget\" data-widget_type=\"text-editor.default\">\n\t\t\t\t\t\t\t\t\tBei COMED sch\u00fctzen wir Ihre personenbezogenen Daten verantwortungsvoll, transparent und in \u00dcbereinstimmung mit den geltenden Vorschriften und gew\u00e4hrleisten eine sichere, rechtm\u00e4\u00dfige und ausschlie\u00dflich zu Bildungs- und Informationszwecken verwendete Nutzung.\t\t\t\t\t\t\t\t<\/div>\n\t\t\t\t<\/div>\n\t\t\t\t<\/div>\n\t\t<div class=\"elementor-element elementor-element-292c9e7b e-con-full e-flex e-con e-child\" data-id=\"292c9e7b\" data-element_type=\"container\">\n\t\t\t\t<\/div>\n\t\t\t\t\t<\/div>\n\t\t\t\t<\/div>\n\t\t<div class=\"elementor-element elementor-element-edb4f23 e-flex e-con-boxed e-con e-parent\" data-id=\"edb4f23\" data-element_type=\"container\">\n\t\t\t\t\t<div class=\"e-con-inner\">\n\t\t\t\t<div class=\"elementor-element elementor-element-1f0d9e7 elementor-widget elementor-widget-text-editor\" data-id=\"1f0d9e7\" data-element_type=\"widget\" data-widget_type=\"text-editor.default\">\n\t\t\t\t\t\t\t\t\t<h2><b>1. Datenverantwortlicher<\/b><\/h2><ul><li aria-level=\"2\"><b>Verantwortlich: APOSTOLISCHE DIENSTE BN<\/b><\/li><\/ul><ul><li aria-level=\"2\"><b>NIF: R\u00b73500352D<\/b><\/li><\/ul><ul><li aria-level=\"2\"><b>Adresse: C\/Diego Vega Sarmiento, 6. Miller Bajo. 35014 Las Palmas GC<\/b><\/li><\/ul><ul><li aria-level=\"2\"><b>Telefon: 928464853<\/b><\/li><\/ul><ul><li aria-level=\"2\"><b>Kontakt-E-Mail: <\/b><a href=\"mailto:laspalmas@buenasnuevas.es\"><b>laspalmas@buenasnuevas.es<\/b><\/a><\/li><\/ul><ul><li aria-level=\"2\"><b>Registrierungsdaten (Justizministerium): 020014<\/b><\/li><\/ul><ul><li aria-level=\"2\"><b>Vertreter: Herr Sergio Zubillaga Gil <\/b><span style=\"font-weight: 400;\">y <\/span><b>Sheila Luzardo Orihuela<\/b><\/li><\/ul><h2><b>2. Datenschutzbeauftragter (DSB)<\/b><span style=\"font-weight: 400;\"><br \/><\/span><\/h2><p><span style=\"font-weight: 400;\">Im Moment, <\/span><b>APOSTOLISCHE MINISTERIEN BN hat nicht ernannt <\/b><span style=\"font-weight: 400;\">Datenschutzbeauftragter (DSB) f\u00fcr diese Website.<\/span><\/p><p><span style=\"font-weight: 400;\">Bei Fragen zur Verarbeitung personenbezogener Daten oder zur Aus\u00fcbung Ihrer Rechte kann sich der Nutzer an den Verantwortlichen f\u00fcr die Datenverarbeitung unter Verwendung der im vorherigen Abschnitt angegebenen Informationen wenden.<\/span><\/p><h2><b>3. Personenbezogene Daten, die wir verarbeiten<\/b><\/h2><p><span style=\"font-weight: 400;\">Je nach Ihrer Nutzung der Website verarbeiten wir m\u00f6glicherweise die folgenden Kategorien personenbezogener Daten:<\/span><\/p><ul><li style=\"font-weight: 400;\" aria-level=\"2\"><b>Identifikations- und Kontaktinformationen: <\/b><span style=\"font-weight: 400;\">Name, Nachname, E-Mail-Adresse, Telefonnummer (falls angegeben).<\/span><\/li><li style=\"font-weight: 400;\" aria-level=\"2\"><b>Vom Nutzer bereitgestellte Daten: <\/b><span style=\"font-weight: 400;\">der Inhalt der Nachricht, Anfrage oder Abfrage (z. B. \u00fcber Formulare).<\/span><\/li><li style=\"font-weight: 400;\" aria-level=\"2\"><b>Navigationsdaten: <\/b><span style=\"font-weight: 400;\">IP-Adresse, technische Daten des Ger\u00e4ts\/Browsers und gegebenenfalls Informationen, die aus der Verwendung von Cookies abgeleitet werden (gem\u00e4\u00df der vom Benutzer akzeptierten Konfiguration).<\/span><\/li><\/ul><p><span style=\"font-weight: 400;\">Sollte es in irgendeinem Fall notwendig werden, zu behandeln <\/span><b>spezielle Datenkategorien <\/b><span style=\"font-weight: 400;\">(z. B. Gesundheitsdaten) wird die Einwilligung eingeholt. <\/span><b>explizit <\/b><span style=\"font-weight: 400;\">und es werden verst\u00e4rkte Ma\u00dfnahmen ergriffen.<\/span><\/p><h2><b>4. Zwecke der Verarbeitung<\/b><\/h2><p><span style=\"font-weight: 400;\">Personenbezogene Daten werden zu folgenden Zwecken erhoben und verarbeitet:<\/span><\/p><ol><li style=\"font-weight: 400;\" aria-level=\"1\"><b>Zur Bearbeitung von Informationsanfragen, Ausk\u00fcnften und Mitteilungen <\/b><span style=\"font-weight: 400;\">vom Benutzer durchgef\u00fchrt.<\/span><\/li><li style=\"font-weight: 400;\" aria-level=\"1\"><b>Pflegen Sie die Beziehung <\/b><span style=\"font-weight: 400;\">abgeleitet aus der Interaktion des Nutzers mit der Website (zum Beispiel Anfragen, die \u00fcber Formulare gesendet werden).<\/span><\/li><li style=\"font-weight: 400;\" aria-level=\"1\"><b>Leistung und Benutzererfahrung verbessern <\/b><span style=\"font-weight: 400;\">Website-Navigation (Analyse\/Messung, sofern angebracht und mit entsprechender Einwilligung).<\/span><\/li><li style=\"font-weight: 400;\" aria-level=\"1\"><b>Rechtliche Verpflichtungen einhalten <\/b><span style=\"font-weight: 400;\">anwendbar.<\/span><\/li><\/ol><h2><b>5. Rechtsgrundlage f\u00fcr die Verarbeitung<\/b><\/h2><p><span style=\"font-weight: 400;\">Die Rechtsgrundlage f\u00fcr die Verarbeitung ist je nach Fall:<\/span><\/p><ul><li style=\"font-weight: 400;\" aria-level=\"2\"><b>Zustimmung <\/b><span style=\"font-weight: 400;\">vom Nutzer (zum Beispiel durch das Absenden eines Formulars oder das Akzeptieren bestimmter Cookies).<\/span><\/li><li style=\"font-weight: 400;\" aria-level=\"2\"><b>Einhaltung rechtlicher Verpflichtungen<\/b><span style=\"font-weight: 400;\">.<\/span><\/li><li style=\"font-weight: 400;\" aria-level=\"2\"><b>Berechtigtes Interesse <\/b><span style=\"font-weight: 400;\">durch die verantwortliche Partei (z. B. Website-Sicherheit oder technische Verbesserungen), sofern dies angebracht ist, und die Rechte des Nutzers haben keinen Vorrang.<\/span><\/li><\/ul><h2><b>6. Lagerdauer<\/b><span style=\"font-weight: 400;\"><br \/><\/span><\/h2><p><span style=\"font-weight: 400;\">Die Daten werden gespeichert:<\/span><\/p><ul><li style=\"font-weight: 400;\" aria-level=\"2\"><span style=\"font-weight: 400;\">Solange dies erforderlich ist, um die Anfrage zu erf\u00fcllen oder die aus dem Kontakt entstandene Beziehung aufrechtzuerhalten.<\/span><\/li><li style=\"font-weight: 400;\" aria-level=\"2\"><span style=\"font-weight: 400;\">W\u00e4hrend der durch geltende gesetzliche Verpflichtungen vorgeschriebenen Zeitr\u00e4ume.<\/span><\/li><li style=\"font-weight: 400;\" aria-level=\"2\"><span style=\"font-weight: 400;\">Bis der Nutzer gegebenenfalls die L\u00f6schung beantragt.<\/span><\/li><\/ul><h2><b>7. Datenempf\u00e4nger<\/b><\/h2><p><span style=\"font-weight: 400;\">Im Allgemeinen, <\/span><b>Es werden keine Daten an Dritte weitergegeben.<\/b><span style=\"font-weight: 400;\">, au\u00dfer wenn dies gesetzlich vorgeschrieben ist.<\/span><\/p><p><span style=\"font-weight: 400;\">Sie werden jedoch Zugriff auf personenbezogene Daten haben. <\/span><b>Lieferanten <\/b><span style=\"font-weight: 400;\">die dem Datenverantwortlichen Dienstleistungen erbringen (z. B. Webhosting, E-Mail, Wartung) und dabei als <\/span><b>diejenigen, die f\u00fcr die Behandlung verantwortlich sind<\/b><span style=\"font-weight: 400;\">, mit dem entsprechenden Vertrag und den entsprechenden Garantien.<\/span><\/p><h2><b>8. Internationale \u00dcberweisungen<\/b><\/h2><p><span style=\"font-weight: 400;\">Im Allgemeinen werden Lieferanten mit Sitz im Europ\u00e4ischen Wirtschaftsraum (EWR) eingesetzt. Bei internationalen Datentransfers werden die gesetzlich vorgeschriebenen Schutzma\u00dfnahmen angewendet (z. B. Standardvertragsklauseln oder andere geeignete Ma\u00dfnahmen).<\/span><\/p><h2><b>9. Daten \u00fcber Minderj\u00e4hrige<\/b><\/h2><p><span style=\"font-weight: 400;\">Nur die <\/span><b>\u00fcber 14 Jahre alt <\/b><span style=\"font-weight: 400;\">Sie k\u00f6nnen ihre Einwilligung zur Verarbeitung ihrer personenbezogenen Daten erteilen. Bei Kindern unter 14 Jahren ist die Einwilligung der Eltern oder Erziehungsberechtigten erforderlich; die Verarbeitung ist nur insoweit rechtm\u00e4\u00dfig, als diese ihre Zustimmung erteilt haben.<\/span><\/p><h2><b>10. Nutzerrechte<\/b><\/h2><p><span style=\"font-weight: 400;\">Der Nutzer kann die in den Bestimmungen anerkannten Rechte aus\u00fcben:<\/span><\/p><ul><li aria-level=\"2\"><b>Zugang<\/b><\/li><li aria-level=\"2\"><b>Berichtigung<\/b><\/li><\/ul><ul><li aria-level=\"2\"><b>L\u00f6schung (Recht auf Vergessenwerden)<\/b><\/li><\/ul><ul><li aria-level=\"2\"><b>Einschr\u00e4nkung der Behandlung<\/b><\/li><\/ul><ul><li aria-level=\"2\"><b>Portabilit\u00e4t<\/b><\/li><\/ul><ul><li aria-level=\"2\"><b>Opposition<\/b><\/li><\/ul><ul><li style=\"font-weight: 400;\" aria-level=\"2\"><b>Nicht automatisierten Entscheidungen unterworfen zu sein<\/b><span style=\"font-weight: 400;\">, einschlie\u00dflich Profilerstellung (sofern angebracht)<\/span><\/li><li style=\"font-weight: 400;\" aria-level=\"2\"><b>Einwilligung widerrufen <\/b><span style=\"font-weight: 400;\">jederzeit (ohne r\u00fcckwirkende Kraft)<\/span><\/li><\/ul><h3><b>Wie man sie trainiert<\/b><\/h3><p><span style=\"font-weight: 400;\">Der Nutzer kann seine Rechte aus\u00fcben, indem er dem Verantwortlichen f\u00fcr die Datenverarbeitung eine schriftliche Mitteilung mit folgendem Bezug sendet:<\/span><span style=\"font-weight: 400;\"><br \/><\/span><\/p><p><b>\u201cRGPD-COMED.ES\u201d<\/b><\/p><p><span style=\"font-weight: 400;\">Im Antrag muss klar angegeben werden, welches Recht Sie aus\u00fcben m\u00f6chten, und gegebenenfalls m\u00fcssen Angaben zur \u00dcberpr\u00fcfung der Identit\u00e4t des Antragstellers enthalten sein.<\/span><\/p><ul><li aria-level=\"2\"><b>E-Mail: <\/b><a href=\"mailto:laspalmas@buenasnuevas.es\"><b>laspalmas@buenasnuevas.es<\/b><\/a><\/li><li aria-level=\"2\"><b>Postanschrift: C\/Diego Vega Sarmiento, 6. Miller Bajo. 35014 Las Palmas GC<\/b><\/li><\/ul><h2><b>11. Sicherheitsma\u00dfnahmen<\/b><b><\/b><\/h2><p><span style=\"font-weight: 400;\">Der Datenverantwortliche trifft geeignete technische und organisatorische Ma\u00dfnahmen, um personenbezogene Daten zu sch\u00fctzen und deren Verlust, Missbrauch, unbefugten Zugriff, Offenlegung oder Ver\u00e4nderung zu verhindern.<\/span><\/p><p><span style=\"font-weight: 400;\">Im Falle einer Sicherheitsverletzung, die ein hohes Risiko f\u00fcr die Rechte und Freiheiten von Einzelpersonen darstellt, wird diese gem\u00e4\u00df den geltenden Vorschriften gemeldet.<\/span><\/p><h2><b>12. Links zu Webseiten Dritter<\/b><\/h2><p><span style=\"font-weight: 400;\">Die Website kann Links zu Websites Dritter enthalten, die nicht dazu geh\u00f6ren. <\/span><b>COMED.ES <\/b><span style=\"font-weight: 400;\">und werden nicht vom Verantwortlichen betrieben. Diese Drittanbieter haben eigene Datenschutzrichtlinien und sind f\u00fcr ihre eigenen Dateien und Datenschutzpraktiken verantwortlich.<\/span><\/p><h2><b>13. Beschwerden an die Aufsichtsbeh\u00f6rde<\/b><\/h2><p><span style=\"font-weight: 400;\">Wenn der Nutzer der Ansicht ist, dass bei der Verarbeitung seiner Daten ein Problem oder eine Verletzung seiner Rechte vorliegt, kann er eine Beschwerde bei der zust\u00e4ndigen Stelle einreichen. <\/span><b>Spanische Datenschutzbeh\u00f6rde (AEPD)<\/b><span style=\"font-weight: 400;\">.<\/span><\/p><h2><b>14. \u00c4nderungen der Datenschutzrichtlinie<\/b><\/h2><p><span style=\"font-weight: 400;\">Der Verantwortliche f\u00fcr die Datenverarbeitung kann diese Datenschutzrichtlinie bei Bedarf aufgrund regulatorischer \u00c4nderungen oder eigener Kriterien anpassen. Im Falle wesentlicher \u00c4nderungen wird der Nutzer auf angemessene Weise informiert.<\/span><\/p>\t\t\t\t\t\t\t\t<\/div>\n\t\t\t\t\t<\/div>\n\t\t\t\t<\/div>\n\t\t\t\t<\/div>","protected":false},"excerpt":{"rendered":"<p>Protecci\u00f3n de tus datos Pol\u00edtica de Privacidad En COMED protegemos tus datos personales con responsabilidad, transparencia y conforme a la normativa vigente, garantizando un uso seguro, leg\u00edtimo y exclusivamente educativo e informativo. 1. Responsable del tratamiento Responsable: MINISTERIOS APOST\u00d3LICOS BN NIF: R\u00b73500352D Domicilio: C\/Diego Vega Sarmiento, 6. Miller Bajo. 35014 Las Palmas GC Tel\u00e9fono: 928464853 [&hellip;]<\/p>","protected":false},"author":1,"featured_media":0,"parent":0,"menu_order":0,"comment_status":"closed","ping_status":"closed","template":"elementor_header_footer","meta":{"_joinchat":[],"footnotes":""},"class_list":["post-129","page","type-page","status-publish","hentry"],"yoast_head":"<!-- This site is optimized with the Yoast SEO Premium plugin v26.9 (Yoast SEO v26.9) - https:\/\/yoast.com\/product\/yoast-seo-premium-wordpress\/ -->\n<title>Pol\u00edticas de privacidad - comed.es<\/title>\n<meta name=\"robots\" content=\"index, follow, max-snippet:-1, max-image-preview:large, max-video-preview:-1\" \/>\n<link rel=\"canonical\" href=\"https:\/\/comed.es\/de\/politicas-de-privacidad\/\" \/>\n<meta property=\"og:locale\" content=\"de_DE\" \/>\n<meta property=\"og:type\" content=\"article\" \/>\n<meta property=\"og:title\" content=\"Pol\u00edticas de privacidad\" \/>\n<meta property=\"og:description\" content=\"Protecci\u00f3n de tus datos Pol\u00edtica de Privacidad En COMED protegemos tus datos personales con responsabilidad, transparencia y conforme a la normativa vigente, garantizando un uso seguro, leg\u00edtimo y exclusivamente educativo e informativo. 1. Responsable del tratamiento Responsable: MINISTERIOS APOST\u00d3LICOS BN NIF: R\u00b73500352D Domicilio: C\/Diego Vega Sarmiento, 6. Miller Bajo. 35014 Las Palmas GC Tel\u00e9fono: 928464853 [&hellip;]\" \/>\n<meta property=\"og:url\" content=\"https:\/\/comed.es\/de\/politicas-de-privacidad\/\" \/>\n<meta property=\"og:site_name\" content=\"comed.es\" \/>\n<meta property=\"article:modified_time\" content=\"2026-01-26T16:58:20+00:00\" \/>\n<meta property=\"og:image\" content=\"https:\/\/comed.es\/wp-content\/uploads\/2026\/02\/Diseno-sin-titulo-2026-02-14T104136.715.png\" \/>\n\t<meta property=\"og:image:width\" content=\"1200\" \/>\n\t<meta property=\"og:image:height\" content=\"675\" \/>\n\t<meta property=\"og:image:type\" content=\"image\/png\" \/>\n<meta name=\"twitter:card\" content=\"summary_large_image\" \/>\n<meta name=\"twitter:label1\" content=\"Gesch\u00e4tzte Lesezeit\" \/>\n\t<meta name=\"twitter:data1\" content=\"4\u00a0Minuten\" \/>\n<!-- \/ Yoast SEO Premium plugin. -->","yoast_head_json":{"title":"Pol\u00edticas de privacidad - comed.es","robots":{"index":"index","follow":"follow","max-snippet":"max-snippet:-1","max-image-preview":"max-image-preview:large","max-video-preview":"max-video-preview:-1"},"canonical":"https:\/\/comed.es\/de\/politicas-de-privacidad\/","og_locale":"de_DE","og_type":"article","og_title":"Pol\u00edticas de privacidad","og_description":"Protecci\u00f3n de tus datos Pol\u00edtica de Privacidad En COMED protegemos tus datos personales con responsabilidad, transparencia y conforme a la normativa vigente, garantizando un uso seguro, leg\u00edtimo y exclusivamente educativo e informativo. 1. Responsable del tratamiento Responsable: MINISTERIOS APOST\u00d3LICOS BN NIF: R\u00b73500352D Domicilio: C\/Diego Vega Sarmiento, 6. Miller Bajo. 35014 Las Palmas GC Tel\u00e9fono: 928464853 [&hellip;]","og_url":"https:\/\/comed.es\/de\/politicas-de-privacidad\/","og_site_name":"comed.es","article_modified_time":"2026-01-26T16:58:20+00:00","og_image":[{"width":1200,"height":675,"url":"https:\/\/comed.es\/wp-content\/uploads\/2026\/02\/Diseno-sin-titulo-2026-02-14T104136.715.png","type":"image\/png"}],"twitter_card":"summary_large_image","twitter_misc":{"Gesch\u00e4tzte Lesezeit":"4\u00a0Minuten"},"schema":{"@context":"https:\/\/schema.org","@graph":[{"@type":"WebPage","@id":"https:\/\/comed.es\/politicas-de-privacidad\/","url":"https:\/\/comed.es\/politicas-de-privacidad\/","name":"Pol\u00edticas de privacidad - comed.es","isPartOf":{"@id":"https:\/\/comed.es\/#website"},"datePublished":"2026-01-20T23:35:13+00:00","dateModified":"2026-01-26T16:58:20+00:00","breadcrumb":{"@id":"https:\/\/comed.es\/politicas-de-privacidad\/#breadcrumb"},"inLanguage":"de","potentialAction":[{"@type":"ReadAction","target":["https:\/\/comed.es\/politicas-de-privacidad\/"]}]},{"@type":"BreadcrumbList","@id":"https:\/\/comed.es\/politicas-de-privacidad\/#breadcrumb","itemListElement":[{"@type":"ListItem","position":1,"name":"Portada","item":"https:\/\/comed.es\/"},{"@type":"ListItem","position":2,"name":"Pol\u00edticas de privacidad"}]},{"@type":"WebSite","@id":"https:\/\/comed.es\/#website","url":"https:\/\/comed.es\/","name":"Comed","description":"","publisher":{"@id":"https:\/\/comed.es\/#organization"},"potentialAction":[{"@type":"SearchAction","target":{"@type":"EntryPoint","urlTemplate":"https:\/\/comed.es\/?s={search_term_string}"},"query-input":{"@type":"PropertyValueSpecification","valueRequired":true,"valueName":"search_term_string"}}],"inLanguage":"de"},{"@type":"Organization","@id":"https:\/\/comed.es\/#organization","name":"Comed","url":"https:\/\/comed.es\/","logo":{"@type":"ImageObject","inLanguage":"de","@id":"https:\/\/comed.es\/#\/schema\/logo\/image\/","url":"https:\/\/comed.es\/wp-content\/uploads\/2026\/01\/comed.png","contentUrl":"https:\/\/comed.es\/wp-content\/uploads\/2026\/01\/comed.png","width":336,"height":100,"caption":"Comed"},"image":{"@id":"https:\/\/comed.es\/#\/schema\/logo\/image\/"}}]}},"_hostinger_reach_plugin_has_subscription_block":false,"_hostinger_reach_plugin_is_elementor":false,"_links":{"self":[{"href":"https:\/\/comed.es\/de\/wp-json\/wp\/v2\/pages\/129","targetHints":{"allow":["GET"]}}],"collection":[{"href":"https:\/\/comed.es\/de\/wp-json\/wp\/v2\/pages"}],"about":[{"href":"https:\/\/comed.es\/de\/wp-json\/wp\/v2\/types\/page"}],"author":[{"embeddable":true,"href":"https:\/\/comed.es\/de\/wp-json\/wp\/v2\/users\/1"}],"replies":[{"embeddable":true,"href":"https:\/\/comed.es\/de\/wp-json\/wp\/v2\/comments?post=129"}],"version-history":[{"count":25,"href":"https:\/\/comed.es\/de\/wp-json\/wp\/v2\/pages\/129\/revisions"}],"predecessor-version":[{"id":848,"href":"https:\/\/comed.es\/de\/wp-json\/wp\/v2\/pages\/129\/revisions\/848"}],"wp:attachment":[{"href":"https:\/\/comed.es\/de\/wp-json\/wp\/v2\/media?parent=129"}],"curies":[{"name":"wp","href":"https:\/\/api.w.org\/{rel}","templated":true}]}}